{"id":71581,"date":"2025-10-07T12:29:52","date_gmt":"2025-10-07T10:29:52","guid":{"rendered":"https:\/\/desbougiespournagel.fr\/nagel-oder-stoff\/"},"modified":"2025-10-07T12:30:00","modified_gmt":"2025-10-07T10:30:00","slug":"nagel-oder-stoff","status":"publish","type":"page","link":"https:\/\/desbougiespournagel.fr\/de\/nagel-oder-stoff\/","title":{"rendered":"Nagel oder STOFF"},"content":{"rendered":"\t\t<div data-elementor-type=\"wp-page\" data-elementor-id=\"71581\" class=\"elementor elementor-71581 elementor-31600\" data-elementor-post-type=\"page\">\n\t\t\t\t\t\t<section class=\"elementor-section elementor-top-section elementor-element elementor-element-e1fb199 elementor-section-boxed elementor-section-height-default elementor-section-height-default\" data-id=\"e1fb199\" data-element_type=\"section\">\n\t\t\t\t\t\t<div class=\"elementor-container elementor-column-gap-default\">\n\t\t\t\t\t<div class=\"elementor-column elementor-col-100 elementor-top-column elementor-element elementor-element-fcfee7a\" data-id=\"fcfee7a\" data-element_type=\"column\">\n\t\t\t<div class=\"elementor-widget-wrap elementor-element-populated\">\n\t\t\t\t\t\t<div class=\"elementor-element elementor-element-1d9c8a0 elementor-widget elementor-widget-heading\" data-id=\"1d9c8a0\" data-element_type=\"widget\" data-widget_type=\"heading.default\">\n\t\t\t\t<div class=\"elementor-widget-container\">\n\t\t\t\t\t<h1 class=\"elementor-heading-title elementor-size-default\">Nagel oder STOFF, die Unterschiede, was ist zu w\u00e4hlen?<\/h1>\t\t\t\t<\/div>\n\t\t\t\t<\/div>\n\t\t\t\t\t<\/div>\n\t\t<\/div>\n\t\t\t\t\t<\/div>\n\t\t<\/section>\n\t\t\t\t<section class=\"elementor-section elementor-top-section elementor-element elementor-element-dc63733 elementor-section-boxed elementor-section-height-default elementor-section-height-default\" data-id=\"dc63733\" data-element_type=\"section\">\n\t\t\t\t\t\t<div class=\"elementor-container elementor-column-gap-default\">\n\t\t\t\t\t<div class=\"elementor-column elementor-col-50 elementor-top-column elementor-element elementor-element-539d2ee\" data-id=\"539d2ee\" data-element_type=\"column\">\n\t\t\t<div class=\"elementor-widget-wrap elementor-element-populated\">\n\t\t\t\t\t\t<div class=\"elementor-element elementor-element-0d9a9ff elementor-widget elementor-widget-heading\" data-id=\"0d9a9ff\" data-element_type=\"widget\" data-widget_type=\"heading.default\">\n\t\t\t\t<div class=\"elementor-widget-container\">\n\t\t\t\t\t<h2 class=\"elementor-heading-title elementor-size-default\">Nagel Kerzenst\u00e4nder (gebraucht)<\/h2>\t\t\t\t<\/div>\n\t\t\t\t<\/div>\n\t\t\t\t<div class=\"elementor-element elementor-element-261a858 elementor-widget elementor-widget-text-editor\" data-id=\"261a858\" data-element_type=\"widget\" data-widget_type=\"text-editor.default\">\n\t\t\t\t<div class=\"elementor-widget-container\">\n\t\t\t\t\t\t\t\t\t<p>Der Nagel S22 Kerzenst\u00e4nder ist die Originalausgabe, die in verschiedenen Varianten und mit verschiedenen Accessoires von den sp\u00e4ten 60er bis zu den 80er Jahren produziert wurde.<\/p>\t\t\t\t\t\t\t\t<\/div>\n\t\t\t\t<\/div>\n\t\t\t\t\t<\/div>\n\t\t<\/div>\n\t\t\t\t<div class=\"elementor-column elementor-col-50 elementor-top-column elementor-element elementor-element-10d8165\" data-id=\"10d8165\" data-element_type=\"column\">\n\t\t\t<div class=\"elementor-widget-wrap elementor-element-populated\">\n\t\t\t\t\t\t<div class=\"elementor-element elementor-element-bd1995b elementor-widget elementor-widget-heading\" data-id=\"bd1995b\" data-element_type=\"widget\" data-widget_type=\"heading.default\">\n\t\t\t\t<div class=\"elementor-widget-container\">\n\t\t\t\t\t<h2 class=\"elementor-heading-title elementor-size-default\">STOFF Kerzenhalter (neu)<\/h2>\t\t\t\t<\/div>\n\t\t\t\t<\/div>\n\t\t\t\t<div class=\"elementor-element elementor-element-911ea9e elementor-widget elementor-widget-text-editor\" data-id=\"911ea9e\" data-element_type=\"widget\" data-widget_type=\"text-editor.default\">\n\t\t\t\t<div class=\"elementor-widget-container\">\n\t\t\t\t\t\t\t\t\t<p>Der STOFF Kerzenhalter ist eine Neuauflage des Nagel Kerzenhalters, nachdem dieser mehr als 20 Jahre lang nicht mehr hergestellt wurde. Dies ist eine genaue Reproduktion des originalen Kerzenhalters, mit Ausnahme von zwei Details, die unten aufgef\u00fchrt sind.<\/p>\t\t\t\t\t\t\t\t<\/div>\n\t\t\t\t<\/div>\n\t\t\t\t\t<\/div>\n\t\t<\/div>\n\t\t\t\t\t<\/div>\n\t\t<\/section>\n\t\t\t\t<section class=\"elementor-section elementor-top-section elementor-element elementor-element-76cf8a8 elementor-section-boxed elementor-section-height-default elementor-section-height-default\" data-id=\"76cf8a8\" data-element_type=\"section\">\n\t\t\t\t\t\t<div class=\"elementor-container elementor-column-gap-default\">\n\t\t\t\t\t<div class=\"elementor-column elementor-col-50 elementor-top-column elementor-element elementor-element-b56a228\" data-id=\"b56a228\" data-element_type=\"column\">\n\t\t\t<div class=\"elementor-widget-wrap elementor-element-populated\">\n\t\t\t\t\t\t<div class=\"elementor-element elementor-element-e1ec8d7 elementor-widget elementor-widget-heading\" data-id=\"e1ec8d7\" data-element_type=\"widget\" data-widget_type=\"heading.default\">\n\t\t\t\t<div class=\"elementor-widget-container\">\n\t\t\t\t\t<h2 class=\"elementor-heading-title elementor-size-default\">Warum sollten Sie ihn w\u00e4hlen?\n<\/h2>\t\t\t\t<\/div>\n\t\t\t\t<\/div>\n\t\t\t\t<div class=\"elementor-element elementor-element-7197a72 elementor-widget elementor-widget-text-editor\" data-id=\"7197a72\" data-element_type=\"widget\" data-widget_type=\"text-editor.default\">\n\t\t\t\t<div class=\"elementor-widget-container\">\n\t\t\t\t\t\t\t\t\t<ul><li>Wenn Sie (oder die Person, die Sie beschenken) f\u00fcr Gegenst\u00e4nde mit Geschichte empf\u00e4nglich sind!<br>Es ist ein gebrauchter Gegenstand, der bereits gelebt hat, der eine Vergangenheit hat, der einige Gebrauchsspuren aufweist.<br>Ein Liebhaber von echtem Vintage oder ein Sammler wird immer eine Originalausgabe einer Neuauflage vorziehen.<br><br><\/li><li>Wenn Sie lieber einen Gegenstand kaufen, der im Wert steigen kann.<br>Eine Erstausgabe neigt dazu, im Wert zu steigen.<br>Ich verkaufe diesen Kerzenhalter nun schon seit etwa 10 Jahren und habe eine Wertsteigerung von \u00fcber 100% festgestellt.<br>Es gibt keine M\u00f6glichkeit, den zuk\u00fcnftigen Wert eines Gegenstandes zu kennen und ich w\u00fcrde ihn nat\u00fcrlich nicht als spekulatives Produkt empfehlen ;).<br><br><\/li><li>Wenn Sie umweltbewusst sind. Gebrauchte Waren zu kaufen bedeutet, einem bereits produzierten Gegenstand ein zweites Leben zu geben.<br><br><\/li><li>Wenn Sie bereits Nagel-Kerzenhalter haben. Obwohl die Kerzenhalter von Nagel und STOFF kompatibel sind, sorgt die Tatsache, dass Sie die beiden Kerzenhalter nicht mischen, f\u00fcr ein harmonischeres Gesamtbild.<\/li><\/ul>\t\t\t\t\t\t\t\t<\/div>\n\t\t\t\t<\/div>\n\t\t\t\t<div class=\"elementor-element elementor-element-4068658 elementor-align-center elementor-widget elementor-widget-button\" data-id=\"4068658\" data-element_type=\"widget\" data-widget_type=\"button.default\">\n\t\t\t\t<div class=\"elementor-widget-container\">\n\t\t\t\t\t\t\t\t\t<div class=\"elementor-button-wrapper\">\n\t\t\t\t\t<a class=\"elementor-button elementor-button-link elementor-size-sm\" href=\"https:\/\/desbougiespournagel.fr\/bougeoirs-nagel\/\">\n\t\t\t\t\t\t<span class=\"elementor-button-content-wrapper\">\n\t\t\t\t\t\t\t\t\t<span class=\"elementor-button-text\">Kerzenst\u00e4nder von Nagel ansehen<\/span>\n\t\t\t\t\t<\/span>\n\t\t\t\t\t<\/a>\n\t\t\t\t<\/div>\n\t\t\t\t\t\t\t\t<\/div>\n\t\t\t\t<\/div>\n\t\t\t\t\t<\/div>\n\t\t<\/div>\n\t\t\t\t<div class=\"elementor-column elementor-col-50 elementor-top-column elementor-element elementor-element-dec2d6c\" data-id=\"dec2d6c\" data-element_type=\"column\">\n\t\t\t<div class=\"elementor-widget-wrap elementor-element-populated\">\n\t\t\t\t\t\t<div class=\"elementor-element elementor-element-cd7efdc elementor-widget elementor-widget-heading\" data-id=\"cd7efdc\" data-element_type=\"widget\" data-widget_type=\"heading.default\">\n\t\t\t\t<div class=\"elementor-widget-container\">\n\t\t\t\t\t<h2 class=\"elementor-heading-title elementor-size-default\">Warum sollten Sie ihn w\u00e4hlen?\n<\/h2>\t\t\t\t<\/div>\n\t\t\t\t<\/div>\n\t\t\t\t<div class=\"elementor-element elementor-element-66b7e07 elementor-widget elementor-widget-text-editor\" data-id=\"66b7e07\" data-element_type=\"widget\" data-widget_type=\"text-editor.default\">\n\t\t\t\t<div class=\"elementor-widget-container\">\n\t\t\t\t\t\t\t\t\t<ul><li>Wenn Sie (oder die Person, der Sie es schenken) keine besondere Vorliebe f\u00fcr Flohm\u00e4rkte, alte und gebrauchte Gegenst\u00e4nde haben!<br>Ein STOFF Kerzenhalter ist neu und wird in einer h\u00fcbschen Schachtel verkauft.<br><br><\/li><li>Wenn Sie es eilig haben und schnell eine gro\u00dfe Menge an Kerzenhaltern und Zubeh\u00f6r ben\u00f6tigen oder Ihr Set sp\u00e4ter leicht erg\u00e4nzen k\u00f6nnen.<br>Im Gegensatz zu Nagel-Kerzenhaltern sind wir nicht auf den Gebrauchtmarkt beschr\u00e4nkt und haben normalerweise alles, was Sie ben\u00f6tigen, auf Lager oder k\u00f6nnen es sehr schnell beschaffen, w\u00e4hrend es manchmal Monate dauert, bis Sie einen Nagel S200 Fu\u00df finden.<br><br><\/li><li>Wenn Sie bereits STOFF Kerzenhalter haben. Obwohl die Kerzenhalter von Nagel und STOFF kompatibel sind, sorgt das Nicht-Mischen der beiden f\u00fcr ein harmonischeres Gesamtbild.<\/li><\/ul>\t\t\t\t\t\t\t\t<\/div>\n\t\t\t\t<\/div>\n\t\t\t\t<div class=\"elementor-element elementor-element-8a0d120 elementor-align-center elementor-widget elementor-widget-button\" data-id=\"8a0d120\" data-element_type=\"widget\" data-widget_type=\"button.default\">\n\t\t\t\t<div class=\"elementor-widget-container\">\n\t\t\t\t\t\t\t\t\t<div class=\"elementor-button-wrapper\">\n\t\t\t\t\t<a class=\"elementor-button elementor-button-link elementor-size-sm\" href=\"https:\/\/desbougiespournagel.fr\/bougeoirs-stoff\/\">\n\t\t\t\t\t\t<span class=\"elementor-button-content-wrapper\">\n\t\t\t\t\t\t\t\t\t<span class=\"elementor-button-text\">STOFF Kerzenhalter ansehen<\/span>\n\t\t\t\t\t<\/span>\n\t\t\t\t\t<\/a>\n\t\t\t\t<\/div>\n\t\t\t\t\t\t\t\t<\/div>\n\t\t\t\t<\/div>\n\t\t\t\t\t<\/div>\n\t\t<\/div>\n\t\t\t\t\t<\/div>\n\t\t<\/section>\n\t\t\t\t<section class=\"elementor-section elementor-top-section elementor-element elementor-element-21c924c elementor-section-boxed elementor-section-height-default elementor-section-height-default\" data-id=\"21c924c\" data-element_type=\"section\">\n\t\t\t\t\t\t<div class=\"elementor-container elementor-column-gap-default\">\n\t\t\t\t\t<div class=\"elementor-column elementor-col-100 elementor-top-column elementor-element elementor-element-7c50745\" data-id=\"7c50745\" data-element_type=\"column\">\n\t\t\t<div class=\"elementor-widget-wrap elementor-element-populated\">\n\t\t\t\t\t\t<div class=\"elementor-element elementor-element-f9c14f4 elementor-widget elementor-widget-heading\" data-id=\"f9c14f4\" data-element_type=\"widget\" data-widget_type=\"heading.default\">\n\t\t\t\t<div class=\"elementor-widget-container\">\n\t\t\t\t\t<h2 class=\"elementor-heading-title elementor-size-default\">Wie kann man sie unterscheiden?<\/h2>\t\t\t\t<\/div>\n\t\t\t\t<\/div>\n\t\t\t\t<div class=\"elementor-element elementor-element-2467d6a elementor-widget elementor-widget-text-editor\" data-id=\"2467d6a\" data-element_type=\"widget\" data-widget_type=\"text-editor.default\">\n\t\t\t\t<div class=\"elementor-widget-container\">\n\t\t\t\t\t\t\t\t\t<p>Da STOFF Kerzenhalter seit mehr als acht Jahren hergestellt werden, ist es m\u00f6glich, gebrauchte Kerzenhalter zu finden (was wir derzeit auf unserer Website nicht anbieten).<br>Ein gebrauchter Nagel-Kerzenhalter &#8211; erste Ausgabe &#8211; hat eine gr\u00f6\u00dfere Anziehungskraft auf Sammler und daher einen h\u00f6heren Preis als ein STOFF-Kerzenhalter.<\/p><p>Gl\u00fccklicherweise hat STOFF die Dinge gut gemacht und es ist m\u00f6glich, sie leicht zu unterscheiden.<\/p>\t\t\t\t\t\t\t\t<\/div>\n\t\t\t\t<\/div>\n\t\t\t\t\t<\/div>\n\t\t<\/div>\n\t\t\t\t\t<\/div>\n\t\t<\/section>\n\t\t\t\t<section class=\"elementor-section elementor-top-section elementor-element elementor-element-1a49085 elementor-section-boxed elementor-section-height-default elementor-section-height-default\" data-id=\"1a49085\" data-element_type=\"section\">\n\t\t\t\t\t\t<div class=\"elementor-container elementor-column-gap-default\">\n\t\t\t\t\t<div class=\"elementor-column elementor-col-50 elementor-top-column elementor-element elementor-element-1a9bdca\" data-id=\"1a9bdca\" data-element_type=\"column\">\n\t\t\t<div class=\"elementor-widget-wrap elementor-element-populated\">\n\t\t\t\t\t\t<div class=\"elementor-element elementor-element-e0eb71b elementor-widget elementor-widget-image\" data-id=\"e0eb71b\" data-element_type=\"widget\" data-widget_type=\"image.default\">\n\t\t\t\t<div class=\"elementor-widget-container\">\n\t\t\t\t\t\t\t\t\t\t\t\t\t\t\t<img fetchpriority=\"high\" decoding=\"async\" width=\"300\" height=\"300\" src=\"https:\/\/desbougiespournagel.fr\/wp-content\/uploads\/2020\/11\/nagel-detail-300x300.jpg\" class=\"attachment-medium size-medium wp-image-72902\" alt=\"\" srcset=\"https:\/\/desbougiespournagel.fr\/wp-content\/uploads\/2020\/11\/nagel-detail-300x300.jpg 300w, https:\/\/desbougiespournagel.fr\/wp-content\/uploads\/2020\/11\/nagel-detail-125x125.jpg 125w, https:\/\/desbougiespournagel.fr\/wp-content\/uploads\/2020\/11\/nagel-detail-150x150.jpg 150w, https:\/\/desbougiespournagel.fr\/wp-content\/uploads\/2020\/11\/nagel-detail-75x75.jpg 75w, https:\/\/desbougiespournagel.fr\/wp-content\/uploads\/2020\/11\/nagel-detail-100x100.jpg 100w, https:\/\/desbougiespournagel.fr\/wp-content\/uploads\/2020\/11\/nagel-detail.jpg 321w\" sizes=\"(max-width: 300px) 100vw, 300px\" \/>\t\t\t\t\t\t\t\t\t\t\t\t\t\t\t<\/div>\n\t\t\t\t<\/div>\n\t\t\t\t<div class=\"elementor-element elementor-element-00ba7d1 elementor-widget elementor-widget-text-editor\" data-id=\"00ba7d1\" data-element_type=\"widget\" data-widget_type=\"text-editor.default\">\n\t\t\t\t<div class=\"elementor-widget-container\">\n\t\t\t\t\t\t\t\t\t<p>Der originale Nagel-Kerzenhalter hat eine d\u00fcnne Linie von Formmarken in der Mitte jeder Kugel.<br>Der Kragen ist hoch.<br><br>Ein Detail unter dem Fu\u00df des Kerzenhalters kann weitere Hinweise geben, ohne jedoch eine genaue Datierung zu erm\u00f6glichen.<br>Eine flache Unterseite (manchmal mit einer Nummer, die der Formnummer entspricht) weist auf eine \u00e4ltere Produktion hin als ein gew\u00f6lbter Fu\u00df.<br>Dies sind jedoch keine separaten Editionen, sondern lediglich kleinere \u00c4nderungen w\u00e4hrend der Produktion.<\/p>\t\t\t\t\t\t\t\t<\/div>\n\t\t\t\t<\/div>\n\t\t\t\t\t<\/div>\n\t\t<\/div>\n\t\t\t\t<div class=\"elementor-column elementor-col-50 elementor-top-column elementor-element elementor-element-10b3b58\" data-id=\"10b3b58\" data-element_type=\"column\">\n\t\t\t<div class=\"elementor-widget-wrap elementor-element-populated\">\n\t\t\t\t\t\t<div class=\"elementor-element elementor-element-77a2661 elementor-widget elementor-widget-image\" data-id=\"77a2661\" data-element_type=\"widget\" data-widget_type=\"image.default\">\n\t\t\t\t<div class=\"elementor-widget-container\">\n\t\t\t\t\t\t\t\t\t\t\t\t\t\t\t<img decoding=\"async\" width=\"300\" height=\"300\" src=\"https:\/\/desbougiespournagel.fr\/wp-content\/uploads\/2020\/11\/stoff-detail-300x300.jpg\" class=\"attachment-medium size-medium wp-image-72903\" alt=\"\" srcset=\"https:\/\/desbougiespournagel.fr\/wp-content\/uploads\/2020\/11\/stoff-detail-300x300.jpg 300w, https:\/\/desbougiespournagel.fr\/wp-content\/uploads\/2020\/11\/stoff-detail-125x125.jpg 125w, https:\/\/desbougiespournagel.fr\/wp-content\/uploads\/2020\/11\/stoff-detail-150x150.jpg 150w, https:\/\/desbougiespournagel.fr\/wp-content\/uploads\/2020\/11\/stoff-detail-75x75.jpg 75w, https:\/\/desbougiespournagel.fr\/wp-content\/uploads\/2020\/11\/stoff-detail-100x100.jpg 100w, https:\/\/desbougiespournagel.fr\/wp-content\/uploads\/2020\/11\/stoff-detail.jpg 321w\" sizes=\"(max-width: 300px) 100vw, 300px\" \/>\t\t\t\t\t\t\t\t\t\t\t\t\t\t\t<\/div>\n\t\t\t\t<\/div>\n\t\t\t\t<div class=\"elementor-element elementor-element-c6ae5d4 elementor-widget elementor-widget-text-editor\" data-id=\"c6ae5d4\" data-element_type=\"widget\" data-widget_type=\"text-editor.default\">\n\t\t\t\t<div class=\"elementor-widget-container\">\n\t\t\t\t\t\t\t\t\t<p>Der STOFF Kerzenhalter hat keine Formmarkierungen.<br>Der Kragen ist sehr niedrig.<\/p>\t\t\t\t\t\t\t\t<\/div>\n\t\t\t\t<\/div>\n\t\t\t\t\t<\/div>\n\t\t<\/div>\n\t\t\t\t\t<\/div>\n\t\t<\/section>\n\t\t\t\t<\/div>\n\t\t","protected":false},"excerpt":{"rendered":"<p>Nagel oder STOFF, die Unterschiede, was ist zu w\u00e4hlen? Nagel Kerzenst\u00e4nder (gebraucht) Der Nagel S22 Kerzenst\u00e4nder ist die Originalausgabe, die in verschiedenen Varianten und mit verschiedenen Accessoires von den sp\u00e4ten 60er bis zu den 80er Jahren produziert wurde. STOFF Kerzenhalter (neu) Der STOFF Kerzenhalter ist eine Neuauflage des Nagel Kerzenhalters, nachdem dieser mehr als 20 [&hellip;]<\/p>\n","protected":false},"author":212,"featured_media":0,"parent":0,"menu_order":0,"comment_status":"closed","ping_status":"closed","template":"","meta":{"footnotes":""},"class_list":["post-71581","page","type-page","status-publish","hentry"],"yoast_head":"<!-- This site is optimized with the Yoast SEO plugin v19.7.1 - https:\/\/yoast.com\/wordpress\/plugins\/seo\/ -->\n<title>Nagel oder STOFF - Des bougies pour Nagel<\/title>\n<meta name=\"robots\" content=\"index, follow, max-snippet:-1, max-image-preview:large, max-video-preview:-1\" \/>\n<link rel=\"canonical\" href=\"https:\/\/desbougiespournagel.fr\/de\/nagel-oder-stoff\/\" \/>\n<meta property=\"og:locale\" content=\"de_DE\" \/>\n<meta property=\"og:type\" content=\"article\" \/>\n<meta property=\"og:title\" content=\"Nagel oder STOFF - Des bougies pour Nagel\" \/>\n<meta property=\"og:description\" content=\"Nagel oder STOFF, die Unterschiede, was ist zu w\u00e4hlen? Nagel Kerzenst\u00e4nder (gebraucht) Der Nagel S22 Kerzenst\u00e4nder ist die Originalausgabe, die in verschiedenen Varianten und mit verschiedenen Accessoires von den sp\u00e4ten 60er bis zu den 80er Jahren produziert wurde. STOFF Kerzenhalter (neu) Der STOFF Kerzenhalter ist eine Neuauflage des Nagel Kerzenhalters, nachdem dieser mehr als 20 [&hellip;]\" \/>\n<meta property=\"og:url\" content=\"https:\/\/desbougiespournagel.fr\/de\/nagel-oder-stoff\/\" \/>\n<meta property=\"og:site_name\" content=\"Des bougies pour Nagel\" \/>\n<meta property=\"article:modified_time\" content=\"2025-10-07T10:30:00+00:00\" \/>\n<meta property=\"og:image\" content=\"https:\/\/desbougiespournagel.fr\/wp-content\/uploads\/2020\/11\/nagel-detail-300x300.jpg\" \/>\n<meta name=\"twitter:card\" content=\"summary_large_image\" \/>\n<script type=\"application\/ld+json\" class=\"yoast-schema-graph\">{\"@context\":\"https:\/\/schema.org\",\"@graph\":[{\"@type\":\"WebPage\",\"@id\":\"https:\/\/desbougiespournagel.fr\/de\/nagel-oder-stoff\/\",\"url\":\"https:\/\/desbougiespournagel.fr\/de\/nagel-oder-stoff\/\",\"name\":\"Nagel oder STOFF - Des bougies pour Nagel\",\"isPartOf\":{\"@id\":\"https:\/\/desbougiespournagel.fr\/#website\"},\"datePublished\":\"2025-10-07T10:29:52+00:00\",\"dateModified\":\"2025-10-07T10:30:00+00:00\",\"breadcrumb\":{\"@id\":\"https:\/\/desbougiespournagel.fr\/de\/nagel-oder-stoff\/#breadcrumb\"},\"inLanguage\":\"de\",\"potentialAction\":[{\"@type\":\"ReadAction\",\"target\":[\"https:\/\/desbougiespournagel.fr\/de\/nagel-oder-stoff\/\"]}]},{\"@type\":\"BreadcrumbList\",\"@id\":\"https:\/\/desbougiespournagel.fr\/de\/nagel-oder-stoff\/#breadcrumb\",\"itemListElement\":[{\"@type\":\"ListItem\",\"position\":1,\"name\":\"Accueil\",\"item\":\"https:\/\/desbougiespournagel.fr\/de\/startseite\/\"},{\"@type\":\"ListItem\",\"position\":2,\"name\":\"Nagel oder STOFF\"}]},{\"@type\":\"WebSite\",\"@id\":\"https:\/\/desbougiespournagel.fr\/#website\",\"url\":\"https:\/\/desbougiespournagel.fr\/\",\"name\":\"Des bougies pour Nagel\",\"description\":\"Bougeoirs modulables vintage Nagel, STOFF, BMF et bougies compatibles\",\"publisher\":{\"@id\":\"https:\/\/desbougiespournagel.fr\/#organization\"},\"potentialAction\":[{\"@type\":\"SearchAction\",\"target\":{\"@type\":\"EntryPoint\",\"urlTemplate\":\"https:\/\/desbougiespournagel.fr\/?s={search_term_string}\"},\"query-input\":\"required name=search_term_string\"}],\"inLanguage\":\"de\"},{\"@type\":\"Organization\",\"@id\":\"https:\/\/desbougiespournagel.fr\/#organization\",\"name\":\"Des bougies pour Nagel\",\"url\":\"https:\/\/desbougiespournagel.fr\/\",\"sameAs\":[],\"logo\":{\"@type\":\"ImageObject\",\"inLanguage\":\"de\",\"@id\":\"https:\/\/desbougiespournagel.fr\/#\/schema\/logo\/image\/\",\"url\":\"https:\/\/desbougiespournagel.fr\/wp-content\/uploads\/2019\/10\/logo-dbpn-300.png\",\"contentUrl\":\"https:\/\/desbougiespournagel.fr\/wp-content\/uploads\/2019\/10\/logo-dbpn-300.png\",\"width\":300,\"height\":191,\"caption\":\"Des bougies pour Nagel\"},\"image\":{\"@id\":\"https:\/\/desbougiespournagel.fr\/#\/schema\/logo\/image\/\"}}]}<\/script>\n<!-- \/ Yoast SEO plugin. -->","yoast_head_json":{"title":"Nagel oder STOFF - Des bougies pour Nagel","robots":{"index":"index","follow":"follow","max-snippet":"max-snippet:-1","max-image-preview":"max-image-preview:large","max-video-preview":"max-video-preview:-1"},"canonical":"https:\/\/desbougiespournagel.fr\/de\/nagel-oder-stoff\/","og_locale":"de_DE","og_type":"article","og_title":"Nagel oder STOFF - Des bougies pour Nagel","og_description":"Nagel oder STOFF, die Unterschiede, was ist zu w\u00e4hlen? Nagel Kerzenst\u00e4nder (gebraucht) Der Nagel S22 Kerzenst\u00e4nder ist die Originalausgabe, die in verschiedenen Varianten und mit verschiedenen Accessoires von den sp\u00e4ten 60er bis zu den 80er Jahren produziert wurde. STOFF Kerzenhalter (neu) Der STOFF Kerzenhalter ist eine Neuauflage des Nagel Kerzenhalters, nachdem dieser mehr als 20 [&hellip;]","og_url":"https:\/\/desbougiespournagel.fr\/de\/nagel-oder-stoff\/","og_site_name":"Des bougies pour Nagel","article_modified_time":"2025-10-07T10:30:00+00:00","og_image":[{"url":"https:\/\/desbougiespournagel.fr\/wp-content\/uploads\/2020\/11\/nagel-detail-300x300.jpg"}],"twitter_card":"summary_large_image","schema":{"@context":"https:\/\/schema.org","@graph":[{"@type":"WebPage","@id":"https:\/\/desbougiespournagel.fr\/de\/nagel-oder-stoff\/","url":"https:\/\/desbougiespournagel.fr\/de\/nagel-oder-stoff\/","name":"Nagel oder STOFF - Des bougies pour Nagel","isPartOf":{"@id":"https:\/\/desbougiespournagel.fr\/#website"},"datePublished":"2025-10-07T10:29:52+00:00","dateModified":"2025-10-07T10:30:00+00:00","breadcrumb":{"@id":"https:\/\/desbougiespournagel.fr\/de\/nagel-oder-stoff\/#breadcrumb"},"inLanguage":"de","potentialAction":[{"@type":"ReadAction","target":["https:\/\/desbougiespournagel.fr\/de\/nagel-oder-stoff\/"]}]},{"@type":"BreadcrumbList","@id":"https:\/\/desbougiespournagel.fr\/de\/nagel-oder-stoff\/#breadcrumb","itemListElement":[{"@type":"ListItem","position":1,"name":"Accueil","item":"https:\/\/desbougiespournagel.fr\/de\/startseite\/"},{"@type":"ListItem","position":2,"name":"Nagel oder STOFF"}]},{"@type":"WebSite","@id":"https:\/\/desbougiespournagel.fr\/#website","url":"https:\/\/desbougiespournagel.fr\/","name":"Des bougies pour Nagel","description":"Bougeoirs modulables vintage Nagel, STOFF, BMF et bougies compatibles","publisher":{"@id":"https:\/\/desbougiespournagel.fr\/#organization"},"potentialAction":[{"@type":"SearchAction","target":{"@type":"EntryPoint","urlTemplate":"https:\/\/desbougiespournagel.fr\/?s={search_term_string}"},"query-input":"required name=search_term_string"}],"inLanguage":"de"},{"@type":"Organization","@id":"https:\/\/desbougiespournagel.fr\/#organization","name":"Des bougies pour Nagel","url":"https:\/\/desbougiespournagel.fr\/","sameAs":[],"logo":{"@type":"ImageObject","inLanguage":"de","@id":"https:\/\/desbougiespournagel.fr\/#\/schema\/logo\/image\/","url":"https:\/\/desbougiespournagel.fr\/wp-content\/uploads\/2019\/10\/logo-dbpn-300.png","contentUrl":"https:\/\/desbougiespournagel.fr\/wp-content\/uploads\/2019\/10\/logo-dbpn-300.png","width":300,"height":191,"caption":"Des bougies pour Nagel"},"image":{"@id":"https:\/\/desbougiespournagel.fr\/#\/schema\/logo\/image\/"}}]}},"_links":{"self":[{"href":"https:\/\/desbougiespournagel.fr\/de\/wp-json\/wp\/v2\/pages\/71581","targetHints":{"allow":["GET"]}}],"collection":[{"href":"https:\/\/desbougiespournagel.fr\/de\/wp-json\/wp\/v2\/pages"}],"about":[{"href":"https:\/\/desbougiespournagel.fr\/de\/wp-json\/wp\/v2\/types\/page"}],"author":[{"embeddable":true,"href":"https:\/\/desbougiespournagel.fr\/de\/wp-json\/wp\/v2\/users\/212"}],"replies":[{"embeddable":true,"href":"https:\/\/desbougiespournagel.fr\/de\/wp-json\/wp\/v2\/comments?post=71581"}],"version-history":[{"count":3,"href":"https:\/\/desbougiespournagel.fr\/de\/wp-json\/wp\/v2\/pages\/71581\/revisions"}],"predecessor-version":[{"id":71624,"href":"https:\/\/desbougiespournagel.fr\/de\/wp-json\/wp\/v2\/pages\/71581\/revisions\/71624"}],"wp:attachment":[{"href":"https:\/\/desbougiespournagel.fr\/de\/wp-json\/wp\/v2\/media?parent=71581"}],"curies":[{"name":"wp","href":"https:\/\/api.w.org\/{rel}","templated":true}]}}