{"id":71583,"date":"2025-10-07T12:29:52","date_gmt":"2025-10-07T10:29:52","guid":{"rendered":"https:\/\/desbougiespournagel.fr\/kontaktieren-sie-uns\/"},"modified":"2025-10-07T12:30:14","modified_gmt":"2025-10-07T10:30:14","slug":"kontaktieren-sie-uns","status":"publish","type":"page","link":"https:\/\/desbougiespournagel.fr\/de\/kontaktieren-sie-uns\/","title":{"rendered":"Kontaktieren Sie uns"},"content":{"rendered":"\t\t<div data-elementor-type=\"wp-page\" data-elementor-id=\"71583\" class=\"elementor elementor-71583 elementor-9221\" data-elementor-post-type=\"page\">\n\t\t\t\t\t\t<section class=\"elementor-section elementor-top-section elementor-element elementor-element-10a683e elementor-section-boxed elementor-section-height-default elementor-section-height-default\" data-id=\"10a683e\" data-element_type=\"section\">\n\t\t\t\t\t\t<div class=\"elementor-container elementor-column-gap-default\">\n\t\t\t\t\t<div class=\"elementor-column elementor-col-100 elementor-top-column elementor-element elementor-element-e3b6835\" data-id=\"e3b6835\" data-element_type=\"column\">\n\t\t\t<div class=\"elementor-widget-wrap elementor-element-populated\">\n\t\t\t\t\t\t\t<\/div>\n\t\t<\/div>\n\t\t\t\t\t<\/div>\n\t\t<\/section>\n\t\t\t\t<section class=\"elementor-section elementor-top-section elementor-element elementor-element-d30445d elementor-section-boxed elementor-section-height-default elementor-section-height-default\" data-id=\"d30445d\" data-element_type=\"section\">\n\t\t\t\t\t\t<div class=\"elementor-container elementor-column-gap-default\">\n\t\t\t\t\t<div class=\"elementor-column elementor-col-100 elementor-top-column elementor-element elementor-element-e6a93d9\" data-id=\"e6a93d9\" data-element_type=\"column\">\n\t\t\t<div class=\"elementor-widget-wrap elementor-element-populated\">\n\t\t\t\t\t\t<div class=\"elementor-element elementor-element-462f08e elementor-widget elementor-widget-text-editor\" data-id=\"462f08e\" data-element_type=\"widget\" data-widget_type=\"text-editor.default\">\n\t\t\t\t<div class=\"elementor-widget-container\">\n\t\t\t\t\t\t\t\t\t<h1>Kontaktieren Sie uns<\/h1><p>Sie ben\u00f6tigen weitere Informationen oder Ratschl\u00e4ge, m\u00f6chten wissen, wann Ihr Paket geliefert wird, suchen ein bestimmtes Accessoire oder eine gro\u00dfe Menge an Kerzenhaltern, haben eine besondere Anfrage (Vermietung, Partnerschaft&#8230;)?<\/p><p>Bitte kontaktieren Sie uns vorzugsweise per E-Mail.<br>Wenn Sie anrufen und wir nicht erreichbar sind, hinterlassen Sie bitte eine Nachricht, wir rufen Sie so bald wie m\u00f6glich zur\u00fcck.<br><br><br><i class=\"fa fa-map-marker\"><\/i> Hugo Payet 6 rue de Dentelles 67000 Strasbourg France (Achtung, kein Verkauf unter dieser Adresse)<br><br><\/p><p><i class=\"fa fa-phone\"><\/i>  0768687269 aus Frankreich oder +33768687269<br><br><\/p><p><i class=\"far fa-envelope\"><\/i>  contact@desbougiespournagel.fr<\/p>\t\t\t\t\t\t\t\t<\/div>\n\t\t\t\t<\/div>\n\t\t\t\t\t<\/div>\n\t\t<\/div>\n\t\t\t\t\t<\/div>\n\t\t<\/section>\n\t\t\t\t<\/div>\n\t\t","protected":false},"excerpt":{"rendered":"<p>Kontaktieren Sie uns Sie ben\u00f6tigen weitere Informationen oder Ratschl\u00e4ge, m\u00f6chten wissen, wann Ihr Paket geliefert wird, suchen ein bestimmtes Accessoire oder eine gro\u00dfe Menge an Kerzenhaltern, haben eine besondere Anfrage (Vermietung, Partnerschaft&#8230;)? Bitte kontaktieren Sie uns vorzugsweise per E-Mail.Wenn Sie anrufen und wir nicht erreichbar sind, hinterlassen Sie bitte eine Nachricht, wir rufen Sie so [&hellip;]<\/p>\n","protected":false},"author":1,"featured_media":0,"parent":0,"menu_order":0,"comment_status":"closed","ping_status":"closed","template":"","meta":{"footnotes":""},"class_list":["post-71583","page","type-page","status-publish","hentry"],"yoast_head":"<!-- This site is optimized with the Yoast SEO plugin v19.7.1 - https:\/\/yoast.com\/wordpress\/plugins\/seo\/ -->\n<title>Kontaktieren Sie uns - Des bougies pour Nagel<\/title>\n<meta name=\"robots\" content=\"index, follow, max-snippet:-1, max-image-preview:large, max-video-preview:-1\" \/>\n<link rel=\"canonical\" href=\"https:\/\/desbougiespournagel.fr\/de\/kontaktieren-sie-uns\/\" \/>\n<meta property=\"og:locale\" content=\"de_DE\" \/>\n<meta property=\"og:type\" content=\"article\" \/>\n<meta property=\"og:title\" content=\"Kontaktieren Sie uns - Des bougies pour Nagel\" \/>\n<meta property=\"og:description\" content=\"Kontaktieren Sie uns Sie ben\u00f6tigen weitere Informationen oder Ratschl\u00e4ge, m\u00f6chten wissen, wann Ihr Paket geliefert wird, suchen ein bestimmtes Accessoire oder eine gro\u00dfe Menge an Kerzenhaltern, haben eine besondere Anfrage (Vermietung, Partnerschaft&#8230;)? Bitte kontaktieren Sie uns vorzugsweise per E-Mail.Wenn Sie anrufen und wir nicht erreichbar sind, hinterlassen Sie bitte eine Nachricht, wir rufen Sie so [&hellip;]\" \/>\n<meta property=\"og:url\" content=\"https:\/\/desbougiespournagel.fr\/de\/kontaktieren-sie-uns\/\" \/>\n<meta property=\"og:site_name\" content=\"Des bougies pour Nagel\" \/>\n<meta property=\"article:modified_time\" content=\"2025-10-07T10:30:14+00:00\" \/>\n<meta name=\"twitter:card\" content=\"summary_large_image\" \/>\n<script type=\"application\/ld+json\" class=\"yoast-schema-graph\">{\"@context\":\"https:\/\/schema.org\",\"@graph\":[{\"@type\":\"WebPage\",\"@id\":\"https:\/\/desbougiespournagel.fr\/de\/kontaktieren-sie-uns\/\",\"url\":\"https:\/\/desbougiespournagel.fr\/de\/kontaktieren-sie-uns\/\",\"name\":\"Kontaktieren Sie uns - Des bougies pour Nagel\",\"isPartOf\":{\"@id\":\"https:\/\/desbougiespournagel.fr\/#website\"},\"datePublished\":\"2025-10-07T10:29:52+00:00\",\"dateModified\":\"2025-10-07T10:30:14+00:00\",\"breadcrumb\":{\"@id\":\"https:\/\/desbougiespournagel.fr\/de\/kontaktieren-sie-uns\/#breadcrumb\"},\"inLanguage\":\"de\",\"potentialAction\":[{\"@type\":\"ReadAction\",\"target\":[\"https:\/\/desbougiespournagel.fr\/de\/kontaktieren-sie-uns\/\"]}]},{\"@type\":\"BreadcrumbList\",\"@id\":\"https:\/\/desbougiespournagel.fr\/de\/kontaktieren-sie-uns\/#breadcrumb\",\"itemListElement\":[{\"@type\":\"ListItem\",\"position\":1,\"name\":\"Accueil\",\"item\":\"https:\/\/desbougiespournagel.fr\/de\/startseite\/\"},{\"@type\":\"ListItem\",\"position\":2,\"name\":\"Kontaktieren Sie uns\"}]},{\"@type\":\"WebSite\",\"@id\":\"https:\/\/desbougiespournagel.fr\/#website\",\"url\":\"https:\/\/desbougiespournagel.fr\/\",\"name\":\"Des bougies pour Nagel\",\"description\":\"Bougeoirs modulables vintage Nagel, STOFF, BMF et bougies compatibles\",\"publisher\":{\"@id\":\"https:\/\/desbougiespournagel.fr\/#organization\"},\"potentialAction\":[{\"@type\":\"SearchAction\",\"target\":{\"@type\":\"EntryPoint\",\"urlTemplate\":\"https:\/\/desbougiespournagel.fr\/?s={search_term_string}\"},\"query-input\":\"required name=search_term_string\"}],\"inLanguage\":\"de\"},{\"@type\":\"Organization\",\"@id\":\"https:\/\/desbougiespournagel.fr\/#organization\",\"name\":\"Des bougies pour Nagel\",\"url\":\"https:\/\/desbougiespournagel.fr\/\",\"sameAs\":[],\"logo\":{\"@type\":\"ImageObject\",\"inLanguage\":\"de\",\"@id\":\"https:\/\/desbougiespournagel.fr\/#\/schema\/logo\/image\/\",\"url\":\"https:\/\/desbougiespournagel.fr\/wp-content\/uploads\/2019\/10\/logo-dbpn-300.png\",\"contentUrl\":\"https:\/\/desbougiespournagel.fr\/wp-content\/uploads\/2019\/10\/logo-dbpn-300.png\",\"width\":300,\"height\":191,\"caption\":\"Des bougies pour Nagel\"},\"image\":{\"@id\":\"https:\/\/desbougiespournagel.fr\/#\/schema\/logo\/image\/\"}}]}<\/script>\n<!-- \/ Yoast SEO plugin. -->","yoast_head_json":{"title":"Kontaktieren Sie uns - Des bougies pour Nagel","robots":{"index":"index","follow":"follow","max-snippet":"max-snippet:-1","max-image-preview":"max-image-preview:large","max-video-preview":"max-video-preview:-1"},"canonical":"https:\/\/desbougiespournagel.fr\/de\/kontaktieren-sie-uns\/","og_locale":"de_DE","og_type":"article","og_title":"Kontaktieren Sie uns - Des bougies pour Nagel","og_description":"Kontaktieren Sie uns Sie ben\u00f6tigen weitere Informationen oder Ratschl\u00e4ge, m\u00f6chten wissen, wann Ihr Paket geliefert wird, suchen ein bestimmtes Accessoire oder eine gro\u00dfe Menge an Kerzenhaltern, haben eine besondere Anfrage (Vermietung, Partnerschaft&#8230;)? Bitte kontaktieren Sie uns vorzugsweise per E-Mail.Wenn Sie anrufen und wir nicht erreichbar sind, hinterlassen Sie bitte eine Nachricht, wir rufen Sie so [&hellip;]","og_url":"https:\/\/desbougiespournagel.fr\/de\/kontaktieren-sie-uns\/","og_site_name":"Des bougies pour Nagel","article_modified_time":"2025-10-07T10:30:14+00:00","twitter_card":"summary_large_image","schema":{"@context":"https:\/\/schema.org","@graph":[{"@type":"WebPage","@id":"https:\/\/desbougiespournagel.fr\/de\/kontaktieren-sie-uns\/","url":"https:\/\/desbougiespournagel.fr\/de\/kontaktieren-sie-uns\/","name":"Kontaktieren Sie uns - Des bougies pour Nagel","isPartOf":{"@id":"https:\/\/desbougiespournagel.fr\/#website"},"datePublished":"2025-10-07T10:29:52+00:00","dateModified":"2025-10-07T10:30:14+00:00","breadcrumb":{"@id":"https:\/\/desbougiespournagel.fr\/de\/kontaktieren-sie-uns\/#breadcrumb"},"inLanguage":"de","potentialAction":[{"@type":"ReadAction","target":["https:\/\/desbougiespournagel.fr\/de\/kontaktieren-sie-uns\/"]}]},{"@type":"BreadcrumbList","@id":"https:\/\/desbougiespournagel.fr\/de\/kontaktieren-sie-uns\/#breadcrumb","itemListElement":[{"@type":"ListItem","position":1,"name":"Accueil","item":"https:\/\/desbougiespournagel.fr\/de\/startseite\/"},{"@type":"ListItem","position":2,"name":"Kontaktieren Sie uns"}]},{"@type":"WebSite","@id":"https:\/\/desbougiespournagel.fr\/#website","url":"https:\/\/desbougiespournagel.fr\/","name":"Des bougies pour Nagel","description":"Bougeoirs modulables vintage Nagel, STOFF, BMF et bougies compatibles","publisher":{"@id":"https:\/\/desbougiespournagel.fr\/#organization"},"potentialAction":[{"@type":"SearchAction","target":{"@type":"EntryPoint","urlTemplate":"https:\/\/desbougiespournagel.fr\/?s={search_term_string}"},"query-input":"required name=search_term_string"}],"inLanguage":"de"},{"@type":"Organization","@id":"https:\/\/desbougiespournagel.fr\/#organization","name":"Des bougies pour Nagel","url":"https:\/\/desbougiespournagel.fr\/","sameAs":[],"logo":{"@type":"ImageObject","inLanguage":"de","@id":"https:\/\/desbougiespournagel.fr\/#\/schema\/logo\/image\/","url":"https:\/\/desbougiespournagel.fr\/wp-content\/uploads\/2019\/10\/logo-dbpn-300.png","contentUrl":"https:\/\/desbougiespournagel.fr\/wp-content\/uploads\/2019\/10\/logo-dbpn-300.png","width":300,"height":191,"caption":"Des bougies pour Nagel"},"image":{"@id":"https:\/\/desbougiespournagel.fr\/#\/schema\/logo\/image\/"}}]}},"_links":{"self":[{"href":"https:\/\/desbougiespournagel.fr\/de\/wp-json\/wp\/v2\/pages\/71583","targetHints":{"allow":["GET"]}}],"collection":[{"href":"https:\/\/desbougiespournagel.fr\/de\/wp-json\/wp\/v2\/pages"}],"about":[{"href":"https:\/\/desbougiespournagel.fr\/de\/wp-json\/wp\/v2\/types\/page"}],"author":[{"embeddable":true,"href":"https:\/\/desbougiespournagel.fr\/de\/wp-json\/wp\/v2\/users\/1"}],"replies":[{"embeddable":true,"href":"https:\/\/desbougiespournagel.fr\/de\/wp-json\/wp\/v2\/comments?post=71583"}],"version-history":[{"count":3,"href":"https:\/\/desbougiespournagel.fr\/de\/wp-json\/wp\/v2\/pages\/71583\/revisions"}],"predecessor-version":[{"id":71632,"href":"https:\/\/desbougiespournagel.fr\/de\/wp-json\/wp\/v2\/pages\/71583\/revisions\/71632"}],"wp:attachment":[{"href":"https:\/\/desbougiespournagel.fr\/de\/wp-json\/wp\/v2\/media?parent=71583"}],"curies":[{"name":"wp","href":"https:\/\/api.w.org\/{rel}","templated":true}]}}