{"id":71674,"date":"2025-10-07T12:31:58","date_gmt":"2025-10-07T10:31:58","guid":{"rendered":"https:\/\/desbougiespournagel.fr\/lieferung\/"},"modified":"2025-12-08T20:41:23","modified_gmt":"2025-12-08T19:41:23","slug":"lieferung","status":"publish","type":"page","link":"https:\/\/desbougiespournagel.fr\/de\/lieferung\/","title":{"rendered":"Lieferung"},"content":{"rendered":"\t\t<div data-elementor-type=\"wp-page\" data-elementor-id=\"71674\" class=\"elementor elementor-71674 elementor-9208\" data-elementor-post-type=\"page\">\n\t\t\t\t\t\t<section class=\"elementor-section elementor-top-section elementor-element elementor-element-7372488 elementor-section-boxed elementor-section-height-default elementor-section-height-default\" data-id=\"7372488\" data-element_type=\"section\">\n\t\t\t\t\t\t<div class=\"elementor-container elementor-column-gap-default\">\n\t\t\t\t\t<div class=\"elementor-column elementor-col-100 elementor-top-column elementor-element elementor-element-5604b0d\" data-id=\"5604b0d\" data-element_type=\"column\">\n\t\t\t<div class=\"elementor-widget-wrap elementor-element-populated\">\n\t\t\t\t\t\t<div class=\"elementor-element elementor-element-b696dd2 elementor-widget elementor-widget-heading\" data-id=\"b696dd2\" data-element_type=\"widget\" data-widget_type=\"heading.default\">\n\t\t\t\t<div class=\"elementor-widget-container\">\n\t\t\t\t\t<h1 class=\"elementor-heading-title elementor-size-default\">Lieferung<\/h1>\t\t\t\t<\/div>\n\t\t\t\t<\/div>\n\t\t\t\t\t<\/div>\n\t\t<\/div>\n\t\t\t\t\t<\/div>\n\t\t<\/section>\n\t\t\t\t<section class=\"elementor-section elementor-top-section elementor-element elementor-element-c47ce70 elementor-section-boxed elementor-section-height-default elementor-section-height-default\" data-id=\"c47ce70\" data-element_type=\"section\">\n\t\t\t\t\t\t<div class=\"elementor-container elementor-column-gap-default\">\n\t\t\t\t\t<div class=\"elementor-column elementor-col-100 elementor-top-column elementor-element elementor-element-40344aa\" data-id=\"40344aa\" data-element_type=\"column\">\n\t\t\t<div class=\"elementor-widget-wrap elementor-element-populated\">\n\t\t\t\t\t\t<div class=\"elementor-element elementor-element-a199d2f elementor-hidden-desktop elementor-hidden-tablet elementor-hidden-mobile elementor-widget elementor-widget-heading\" data-id=\"a199d2f\" data-element_type=\"widget\" data-widget_type=\"heading.default\">\n\t\t\t\t<div class=\"elementor-widget-container\">\n\t\t\t\t\t<h4 class=\"elementor-heading-title elementor-size-default\">Informationen zu Weihnachten 2024 :  <\/h4>\t\t\t\t<\/div>\n\t\t\t\t<\/div>\n\t\t\t\t<div class=\"elementor-element elementor-element-5a9e257 elementor-hidden-desktop elementor-hidden-tablet elementor-hidden-mobile elementor-widget elementor-widget-heading\" data-id=\"5a9e257\" data-element_type=\"widget\" data-widget_type=\"heading.default\">\n\t\t\t\t<div class=\"elementor-widget-container\">\n\t\t\t\t\t<h4 class=\"elementor-heading-title elementor-size-default\">Ihre Bestellung wird von Montag bis Freitag innerhalb von 24 Stunden versandt.<\/h4>\t\t\t\t<\/div>\n\t\t\t\t<\/div>\n\t\t\t\t<div class=\"elementor-element elementor-element-bc3f5a5 elementor-hidden-desktop elementor-hidden-tablet elementor-hidden-mobile elementor-widget elementor-widget-heading\" data-id=\"bc3f5a5\" data-element_type=\"widget\" data-widget_type=\"heading.default\">\n\t\t\t\t<div class=\"elementor-widget-container\">\n\t\t\t\t\t<h4 class=\"elementor-heading-title elementor-size-default\">Ihre Bestellung wird noch vor Weihnachten ausgeliefert, wenn Sie bis zum 20. Dezember mittags bestellen (Frankreich, Lagerware, nur Colissimo-Lieferung).\nF\u00fcr eine Lieferung mit Mondial Relay bestellen Sie bitte vor dem 17. Dezember, um noch vor Weihnachten beliefert zu werden.<\/h4>\t\t\t\t<\/div>\n\t\t\t\t<\/div>\n\t\t\t\t<div class=\"elementor-element elementor-element-a6ec590 elementor-hidden-desktop elementor-hidden-tablet elementor-hidden-mobile elementor-widget elementor-widget-heading\" data-id=\"a6ec590\" data-element_type=\"widget\" data-widget_type=\"heading.default\">\n\t\t\t\t<div class=\"elementor-widget-container\">\n\t\t\t\t\t<h4 class=\"elementor-heading-title elementor-size-default\">Wir sind im Urlaub, der Versand wird ab 04\/02\/25 wieder aufgenommen.<br>Bestellungen k\u00f6nnen normal aufgegeben werden.\n<\/h4>\t\t\t\t<\/div>\n\t\t\t\t<\/div>\n\t\t\t\t<div class=\"elementor-element elementor-element-86e8f10 elementor-widget elementor-widget-heading\" data-id=\"86e8f10\" data-element_type=\"widget\" data-widget_type=\"heading.default\">\n\t\t\t\t<div class=\"elementor-widget-container\">\n\t\t\t\t\t<h2 class=\"elementor-heading-title elementor-size-default\">Die Vorbereitung Ihres Pakets<\/h2>\t\t\t\t<\/div>\n\t\t\t\t<\/div>\n\t\t\t\t<div class=\"elementor-element elementor-element-449d7ea elementor-widget elementor-widget-text-editor\" data-id=\"449d7ea\" data-element_type=\"widget\" data-widget_type=\"text-editor.default\">\n\t\t\t\t<div class=\"elementor-widget-container\">\n\t\t\t\t\t\t\t\t\t<p>Produkte auf Lager: Ihr Paket wird in der Regel innerhalb von 24 Stunden nach Best\u00e4tigung der Zahlung vorbereitet (Versand am selben oder n\u00e4chsten Tag &#8211; Werktage) (sofort per Kreditkarte oder Paypal, einige Tage zus\u00e4tzliche Bearbeitung bei Bank\u00fcberweisung).<br>Diese Frist kann jedoch in Ausnahmef\u00e4llen auf 48 oder 72 Stunden verl\u00e4ngert werden.<br>Wenn Ihr Paket dringend ben\u00f6tigt wird (Geschenk, Empfang&#8230;), informieren Sie uns bitte, damit wir das Beste daraus machen k\u00f6nnen.<br><br>Produkte auf Bestellung des Lieferanten: In der Regel innerhalb von 15 Tagen versandt.<\/p><p>Gemischte Bestellung (Produkte auf Lager + Produkte in Lieferantenbestellung): Versand in einem Mal, normalerweise innerhalb von 15 Tagen.<\/p><p>Zu dieser Vorbereitungszeit muss die Lieferzeit hinzugerechnet werden, abh\u00e4ngig von Ihrer geographischen Zone, siehe unten.<\/p>\t\t\t\t\t\t\t\t<\/div>\n\t\t\t\t<\/div>\n\t\t\t\t<div class=\"elementor-element elementor-element-517b704 elementor-widget elementor-widget-heading\" data-id=\"517b704\" data-element_type=\"widget\" data-widget_type=\"heading.default\">\n\t\t\t\t<div class=\"elementor-widget-container\">\n\t\t\t\t\t<h2 class=\"elementor-heading-title elementor-size-default\">Preise und Lieferzeiten<\/h2>\t\t\t\t<\/div>\n\t\t\t\t<\/div>\n\t\t\t\t<div class=\"elementor-element elementor-element-ca448e6 elementor-widget elementor-widget-text-editor\" data-id=\"ca448e6\" data-element_type=\"widget\" data-widget_type=\"text-editor.default\">\n\t\t\t\t<div class=\"elementor-widget-container\">\n\t\t\t\t\t\t\t\t\t<p>Deutschland :<br>&#8211; Pauschale von 8 \u20ac pro Bestellung<br><span style=\"color: var( --e-global-color-text ); font-family: var( --e-global-typography-text-font-family ), Sans-serif; font-size: var( --e-global-typography-text-font-size ); font-weight: var( --e-global-typography-text-font-weight );\">&#8211; Lieferung innerhalb von 2 bis 4 Werktagen ab Versanddatum, d.h. 4 bis 10 Werktage ab Kaufdatum<\/span>.<\/p><p>Frankreich Metropolitan, Lieferung nach Hause mit Colissimo: <br>&#8211; Pauschale von 7 \u20ac pro Bestellung<br>&#8211; Lieferung innerhalb von 2 Werktagen ab Versanddatum, d.h. 3 bis 4 Werktage ab Kaufdatum.<\/p><div><p>Belgien, Luxemburg, Niederlande, Spanien, Italien, Portugal, Lieferung an einen Relais-Punkt mit Mondial Relay:<br>&#8211; Pauschale von 7\u20ac pro Bestellung<br>&#8211; Lieferung in 5 bis 7 Werktagen ab Versanddatum, d.h. 6 bis 8 Werktage ab Kaufdatum.<\/p><\/div><p>Union europ\u00e9enne et Suisse, livraison \u00e0 domicile avec Colissimo International :<br> &#8211; Forfait de 14\u20ac par commande<br> &#8211; Livraison en 5 jours ouvr\u00e9s, soit 6 \u00e0 7 jours ouvr\u00e9s \u00e0 partir de la date d&#8217;achat<\/p><p>Rest der Welt: Auf Anfrage<\/p>\t\t\t\t\t\t\t\t<\/div>\n\t\t\t\t<\/div>\n\t\t\t\t\t<\/div>\n\t\t<\/div>\n\t\t\t\t\t<\/div>\n\t\t<\/section>\n\t\t\t\t<\/div>\n\t\t","protected":false},"excerpt":{"rendered":"<p>Lieferung Informationen zu Weihnachten 2024 : Ihre Bestellung wird von Montag bis Freitag innerhalb von 24 Stunden versandt. Ihre Bestellung wird noch vor Weihnachten ausgeliefert, wenn Sie bis zum 20. Dezember mittags bestellen (Frankreich, Lagerware, nur Colissimo-Lieferung). F\u00fcr eine Lieferung mit Mondial Relay bestellen Sie bitte vor dem 17. Dezember, um noch vor Weihnachten beliefert [&hellip;]<\/p>\n","protected":false},"author":1,"featured_media":0,"parent":0,"menu_order":0,"comment_status":"closed","ping_status":"closed","template":"","meta":{"footnotes":""},"class_list":["post-71674","page","type-page","status-publish","hentry"],"yoast_head":"<!-- This site is optimized with the Yoast SEO plugin v19.7.1 - https:\/\/yoast.com\/wordpress\/plugins\/seo\/ -->\n<title>Lieferung - Des bougies pour Nagel<\/title>\n<meta name=\"robots\" content=\"index, follow, max-snippet:-1, max-image-preview:large, max-video-preview:-1\" \/>\n<link rel=\"canonical\" href=\"https:\/\/desbougiespournagel.fr\/de\/lieferung\/\" \/>\n<meta property=\"og:locale\" content=\"de_DE\" \/>\n<meta property=\"og:type\" content=\"article\" \/>\n<meta property=\"og:title\" content=\"Lieferung - Des bougies pour Nagel\" \/>\n<meta property=\"og:description\" content=\"Lieferung Informationen zu Weihnachten 2024 : Ihre Bestellung wird von Montag bis Freitag innerhalb von 24 Stunden versandt. Ihre Bestellung wird noch vor Weihnachten ausgeliefert, wenn Sie bis zum 20. Dezember mittags bestellen (Frankreich, Lagerware, nur Colissimo-Lieferung). F\u00fcr eine Lieferung mit Mondial Relay bestellen Sie bitte vor dem 17. Dezember, um noch vor Weihnachten beliefert [&hellip;]\" \/>\n<meta property=\"og:url\" content=\"https:\/\/desbougiespournagel.fr\/de\/lieferung\/\" \/>\n<meta property=\"og:site_name\" content=\"Des bougies pour Nagel\" \/>\n<meta property=\"article:modified_time\" content=\"2025-12-08T19:41:23+00:00\" \/>\n<meta name=\"twitter:card\" content=\"summary_large_image\" \/>\n<script type=\"application\/ld+json\" class=\"yoast-schema-graph\">{\"@context\":\"https:\/\/schema.org\",\"@graph\":[{\"@type\":\"WebPage\",\"@id\":\"https:\/\/desbougiespournagel.fr\/de\/lieferung\/\",\"url\":\"https:\/\/desbougiespournagel.fr\/de\/lieferung\/\",\"name\":\"Lieferung - Des bougies pour Nagel\",\"isPartOf\":{\"@id\":\"https:\/\/desbougiespournagel.fr\/#website\"},\"datePublished\":\"2025-10-07T10:31:58+00:00\",\"dateModified\":\"2025-12-08T19:41:23+00:00\",\"breadcrumb\":{\"@id\":\"https:\/\/desbougiespournagel.fr\/de\/lieferung\/#breadcrumb\"},\"inLanguage\":\"de\",\"potentialAction\":[{\"@type\":\"ReadAction\",\"target\":[\"https:\/\/desbougiespournagel.fr\/de\/lieferung\/\"]}]},{\"@type\":\"BreadcrumbList\",\"@id\":\"https:\/\/desbougiespournagel.fr\/de\/lieferung\/#breadcrumb\",\"itemListElement\":[{\"@type\":\"ListItem\",\"position\":1,\"name\":\"Accueil\",\"item\":\"https:\/\/desbougiespournagel.fr\/de\/startseite\/\"},{\"@type\":\"ListItem\",\"position\":2,\"name\":\"Lieferung\"}]},{\"@type\":\"WebSite\",\"@id\":\"https:\/\/desbougiespournagel.fr\/#website\",\"url\":\"https:\/\/desbougiespournagel.fr\/\",\"name\":\"Des bougies pour Nagel\",\"description\":\"Bougeoirs modulables vintage Nagel, STOFF, BMF et bougies compatibles\",\"publisher\":{\"@id\":\"https:\/\/desbougiespournagel.fr\/#organization\"},\"potentialAction\":[{\"@type\":\"SearchAction\",\"target\":{\"@type\":\"EntryPoint\",\"urlTemplate\":\"https:\/\/desbougiespournagel.fr\/?s={search_term_string}\"},\"query-input\":\"required name=search_term_string\"}],\"inLanguage\":\"de\"},{\"@type\":\"Organization\",\"@id\":\"https:\/\/desbougiespournagel.fr\/#organization\",\"name\":\"Des bougies pour Nagel\",\"url\":\"https:\/\/desbougiespournagel.fr\/\",\"sameAs\":[],\"logo\":{\"@type\":\"ImageObject\",\"inLanguage\":\"de\",\"@id\":\"https:\/\/desbougiespournagel.fr\/#\/schema\/logo\/image\/\",\"url\":\"https:\/\/desbougiespournagel.fr\/wp-content\/uploads\/2019\/10\/logo-dbpn-300.png\",\"contentUrl\":\"https:\/\/desbougiespournagel.fr\/wp-content\/uploads\/2019\/10\/logo-dbpn-300.png\",\"width\":300,\"height\":191,\"caption\":\"Des bougies pour Nagel\"},\"image\":{\"@id\":\"https:\/\/desbougiespournagel.fr\/#\/schema\/logo\/image\/\"}}]}<\/script>\n<!-- \/ Yoast SEO plugin. -->","yoast_head_json":{"title":"Lieferung - Des bougies pour Nagel","robots":{"index":"index","follow":"follow","max-snippet":"max-snippet:-1","max-image-preview":"max-image-preview:large","max-video-preview":"max-video-preview:-1"},"canonical":"https:\/\/desbougiespournagel.fr\/de\/lieferung\/","og_locale":"de_DE","og_type":"article","og_title":"Lieferung - Des bougies pour Nagel","og_description":"Lieferung Informationen zu Weihnachten 2024 : Ihre Bestellung wird von Montag bis Freitag innerhalb von 24 Stunden versandt. Ihre Bestellung wird noch vor Weihnachten ausgeliefert, wenn Sie bis zum 20. Dezember mittags bestellen (Frankreich, Lagerware, nur Colissimo-Lieferung). F\u00fcr eine Lieferung mit Mondial Relay bestellen Sie bitte vor dem 17. Dezember, um noch vor Weihnachten beliefert [&hellip;]","og_url":"https:\/\/desbougiespournagel.fr\/de\/lieferung\/","og_site_name":"Des bougies pour Nagel","article_modified_time":"2025-12-08T19:41:23+00:00","twitter_card":"summary_large_image","schema":{"@context":"https:\/\/schema.org","@graph":[{"@type":"WebPage","@id":"https:\/\/desbougiespournagel.fr\/de\/lieferung\/","url":"https:\/\/desbougiespournagel.fr\/de\/lieferung\/","name":"Lieferung - Des bougies pour Nagel","isPartOf":{"@id":"https:\/\/desbougiespournagel.fr\/#website"},"datePublished":"2025-10-07T10:31:58+00:00","dateModified":"2025-12-08T19:41:23+00:00","breadcrumb":{"@id":"https:\/\/desbougiespournagel.fr\/de\/lieferung\/#breadcrumb"},"inLanguage":"de","potentialAction":[{"@type":"ReadAction","target":["https:\/\/desbougiespournagel.fr\/de\/lieferung\/"]}]},{"@type":"BreadcrumbList","@id":"https:\/\/desbougiespournagel.fr\/de\/lieferung\/#breadcrumb","itemListElement":[{"@type":"ListItem","position":1,"name":"Accueil","item":"https:\/\/desbougiespournagel.fr\/de\/startseite\/"},{"@type":"ListItem","position":2,"name":"Lieferung"}]},{"@type":"WebSite","@id":"https:\/\/desbougiespournagel.fr\/#website","url":"https:\/\/desbougiespournagel.fr\/","name":"Des bougies pour Nagel","description":"Bougeoirs modulables vintage Nagel, STOFF, BMF et bougies compatibles","publisher":{"@id":"https:\/\/desbougiespournagel.fr\/#organization"},"potentialAction":[{"@type":"SearchAction","target":{"@type":"EntryPoint","urlTemplate":"https:\/\/desbougiespournagel.fr\/?s={search_term_string}"},"query-input":"required name=search_term_string"}],"inLanguage":"de"},{"@type":"Organization","@id":"https:\/\/desbougiespournagel.fr\/#organization","name":"Des bougies pour Nagel","url":"https:\/\/desbougiespournagel.fr\/","sameAs":[],"logo":{"@type":"ImageObject","inLanguage":"de","@id":"https:\/\/desbougiespournagel.fr\/#\/schema\/logo\/image\/","url":"https:\/\/desbougiespournagel.fr\/wp-content\/uploads\/2019\/10\/logo-dbpn-300.png","contentUrl":"https:\/\/desbougiespournagel.fr\/wp-content\/uploads\/2019\/10\/logo-dbpn-300.png","width":300,"height":191,"caption":"Des bougies pour Nagel"},"image":{"@id":"https:\/\/desbougiespournagel.fr\/#\/schema\/logo\/image\/"}}]}},"_links":{"self":[{"href":"https:\/\/desbougiespournagel.fr\/de\/wp-json\/wp\/v2\/pages\/71674","targetHints":{"allow":["GET"]}}],"collection":[{"href":"https:\/\/desbougiespournagel.fr\/de\/wp-json\/wp\/v2\/pages"}],"about":[{"href":"https:\/\/desbougiespournagel.fr\/de\/wp-json\/wp\/v2\/types\/page"}],"author":[{"embeddable":true,"href":"https:\/\/desbougiespournagel.fr\/de\/wp-json\/wp\/v2\/users\/1"}],"replies":[{"embeddable":true,"href":"https:\/\/desbougiespournagel.fr\/de\/wp-json\/wp\/v2\/comments?post=71674"}],"version-history":[{"count":4,"href":"https:\/\/desbougiespournagel.fr\/de\/wp-json\/wp\/v2\/pages\/71674\/revisions"}],"predecessor-version":[{"id":75375,"href":"https:\/\/desbougiespournagel.fr\/de\/wp-json\/wp\/v2\/pages\/71674\/revisions\/75375"}],"wp:attachment":[{"href":"https:\/\/desbougiespournagel.fr\/de\/wp-json\/wp\/v2\/media?parent=71674"}],"curies":[{"name":"wp","href":"https:\/\/api.w.org\/{rel}","templated":true}]}}