{"id":71725,"date":"2025-10-07T12:32:03","date_gmt":"2025-10-07T10:32:03","guid":{"rendered":"https:\/\/desbougiespournagel.fr\/stoff-nagel-kerzenstaender\/"},"modified":"2025-10-07T12:32:14","modified_gmt":"2025-10-07T10:32:14","slug":"stoff-nagel-kerzenstaender","status":"publish","type":"page","link":"https:\/\/desbougiespournagel.fr\/de\/stoff-nagel-kerzenstaender\/","title":{"rendered":"STOFF Nagel Kerzenst\u00e4nder"},"content":{"rendered":"\t\t<div data-elementor-type=\"wp-page\" data-elementor-id=\"71725\" class=\"elementor elementor-71725 elementor-39\" data-elementor-post-type=\"page\">\n\t\t\t\t\t\t<section class=\"elementor-section elementor-top-section elementor-element elementor-element-90c5311 elementor-section-boxed elementor-section-height-default elementor-section-height-default\" data-id=\"90c5311\" data-element_type=\"section\">\n\t\t\t\t\t\t<div class=\"elementor-container elementor-column-gap-default\">\n\t\t\t\t\t<div class=\"elementor-column elementor-col-100 elementor-top-column elementor-element elementor-element-dba17e9\" data-id=\"dba17e9\" data-element_type=\"column\">\n\t\t\t<div class=\"elementor-widget-wrap\">\n\t\t\t\t\t\t\t<\/div>\n\t\t<\/div>\n\t\t\t\t\t<\/div>\n\t\t<\/section>\n\t\t\t\t<section class=\"elementor-section elementor-top-section elementor-element elementor-element-550e91d elementor-section-boxed elementor-section-height-default elementor-section-height-default\" data-id=\"550e91d\" data-element_type=\"section\">\n\t\t\t\t\t\t<div class=\"elementor-container elementor-column-gap-default\">\n\t\t\t\t\t<div class=\"elementor-column elementor-col-50 elementor-top-column elementor-element elementor-element-99ca733\" data-id=\"99ca733\" data-element_type=\"column\">\n\t\t\t<div class=\"elementor-widget-wrap elementor-element-populated\">\n\t\t\t\t\t\t<div class=\"elementor-element elementor-element-24bdf3d elementor-widget elementor-widget-heading\" data-id=\"24bdf3d\" data-element_type=\"widget\" data-widget_type=\"heading.default\">\n\t\t\t\t<div class=\"elementor-widget-container\">\n\t\t\t\t\t<h1 class=\"elementor-heading-title elementor-size-default\">STOFF Nagel Kerzenst\u00e4nder  <\/h1>\t\t\t\t<\/div>\n\t\t\t\t<\/div>\n\t\t\t\t<div class=\"elementor-element elementor-element-c162faf elementor-widget elementor-widget-heading\" data-id=\"c162faf\" data-element_type=\"widget\" data-widget_type=\"heading.default\">\n\t\t\t\t<div class=\"elementor-widget-container\">\n\t\t\t\t\t<h2 class=\"elementor-heading-title elementor-size-default\">Neue modulare Kerzenst\u00e4nder<br>Neuauflage des Nagel-Kerzenst\u00e4nders<\/h2>\t\t\t\t<\/div>\n\t\t\t\t<\/div>\n\t\t\t\t<div class=\"elementor-element elementor-element-bddb0ab elementor-widget elementor-widget-text-editor\" data-id=\"bddb0ab\" data-element_type=\"widget\" data-widget_type=\"text-editor.default\">\n\t\t\t\t<div class=\"elementor-widget-container\">\n\t\t\t\t\t\t\t\t\t<p>STOFF Nagel ist die Neuauflage des ber\u00fchmten Nagel S22 Kerzenhalters aus den 70er Jahren, der nach seinem Designer Werner Stoff umbenannt wurde und von STOFF (D\u00e4nemark) hergestellt wird.<\/p><p>Neue Kerzenhalter und Accessoires, die einzeln in h\u00fcbschen Schachteln verkauft werden und mit unseren Kerzen kompatibel sind.<\/p>\t\t\t\t\t\t\t\t<\/div>\n\t\t\t\t<\/div>\n\t\t\t\t<div class=\"elementor-element elementor-element-77849e9 elementor-widget elementor-widget-text-editor\" data-id=\"77849e9\" data-element_type=\"widget\" data-widget_type=\"text-editor.default\">\n\t\t\t\t<div class=\"elementor-widget-container\">\n\t\t\t\t\t\t\t\t\t<p><a href=\"https:\/\/desbougiespournagel.fr\/de\/nagel-oder-stoff\/\">Nagel Kerzenst\u00e4nder (alt) oder STOFF Nagel (neu), die Unterschiede, welchen w\u00e4hlen?<\/a><\/p>\t\t\t\t\t\t\t\t<\/div>\n\t\t\t\t<\/div>\n\t\t\t\t\t<\/div>\n\t\t<\/div>\n\t\t\t\t<div class=\"elementor-column elementor-col-50 elementor-top-column elementor-element elementor-element-4d29b46\" data-id=\"4d29b46\" data-element_type=\"column\">\n\t\t\t<div class=\"elementor-widget-wrap elementor-element-populated\">\n\t\t\t\t\t\t<div class=\"elementor-element elementor-element-45b7d56 elementor-pagination-position-outside elementor-widget elementor-widget-image-carousel\" data-id=\"45b7d56\" data-element_type=\"widget\" data-settings=\"{&quot;slides_to_show&quot;:&quot;1&quot;,&quot;navigation&quot;:&quot;dots&quot;,&quot;autoplay_speed&quot;:4000,&quot;effect&quot;:&quot;fade&quot;,&quot;speed&quot;:1500,&quot;autoplay&quot;:&quot;yes&quot;,&quot;pause_on_hover&quot;:&quot;yes&quot;,&quot;pause_on_interaction&quot;:&quot;yes&quot;,&quot;infinite&quot;:&quot;yes&quot;}\" data-widget_type=\"image-carousel.default\">\n\t\t\t\t<div class=\"elementor-widget-container\">\n\t\t\t\t\t\t\t<div class=\"elementor-image-carousel-wrapper swiper\" role=\"region\" aria-roledescription=\"carousel\" aria-label=\"Bild Karussell\" dir=\"ltr\">\n\t\t\t<div class=\"elementor-image-carousel swiper-wrapper\" aria-live=\"off\">\n\t\t\t\t\t\t\t\t<div class=\"swiper-slide\" role=\"group\" aria-roledescription=\"slide\" aria-label=\"1 von 5\"><figure class=\"swiper-slide-inner\"><img decoding=\"async\" class=\"swiper-slide-image\" src=\"https:\/\/desbougiespournagel.fr\/wp-content\/uploads\/2019\/10\/Bougeoirs-stoff-bougies-blanches.jpg\" alt=\"Bougeoirs-stoff-bougies-blanches\" \/><\/figure><\/div><div class=\"swiper-slide\" role=\"group\" aria-roledescription=\"slide\" aria-label=\"2 von 5\"><figure class=\"swiper-slide-inner\"><img decoding=\"async\" class=\"swiper-slide-image\" src=\"https:\/\/desbougiespournagel.fr\/wp-content\/uploads\/2024\/09\/stoff2.jpg\" alt=\"Bougeoirs STOFF Nagel\" \/><\/figure><\/div><div class=\"swiper-slide\" role=\"group\" aria-roledescription=\"slide\" aria-label=\"3 von 5\"><figure class=\"swiper-slide-inner\"><img decoding=\"async\" class=\"swiper-slide-image\" src=\"https:\/\/desbougiespournagel.fr\/wp-content\/uploads\/2019\/10\/bougeoirs-stoff.jpg\" alt=\"bougeoirs-stoff\" \/><\/figure><\/div><div class=\"swiper-slide\" role=\"group\" aria-roledescription=\"slide\" aria-label=\"4 von 5\"><figure class=\"swiper-slide-inner\"><img decoding=\"async\" class=\"swiper-slide-image\" src=\"https:\/\/desbougiespournagel.fr\/wp-content\/uploads\/2024\/09\/stoff3.jpg\" alt=\"Bougeoirs STOFF Nagel\" \/><\/figure><\/div><div class=\"swiper-slide\" role=\"group\" aria-roledescription=\"slide\" aria-label=\"5 von 5\"><figure class=\"swiper-slide-inner\"><img decoding=\"async\" class=\"swiper-slide-image\" src=\"https:\/\/desbougiespournagel.fr\/wp-content\/uploads\/2019\/10\/Bougeoirs-stoff-bougies-blanches.jpg\" alt=\"Bougeoirs-stoff-bougies-blanches\" \/><\/figure><\/div>\t\t\t<\/div>\n\t\t\t\t\t\t\t\n\t\t\t\t\t\t\t\t\t<div class=\"swiper-pagination\"><\/div>\n\t\t\t\t\t\t\t\t\t<\/div>\n\t\t\t\t\t\t<\/div>\n\t\t\t\t<\/div>\n\t\t\t\t\t<\/div>\n\t\t<\/div>\n\t\t\t\t\t<\/div>\n\t\t<\/section>\n\t\t\t\t<section class=\"elementor-section elementor-top-section elementor-element elementor-element-f39ba39 elementor-section-boxed elementor-section-height-default elementor-section-height-default\" data-id=\"f39ba39\" data-element_type=\"section\" data-settings=\"{&quot;background_background&quot;:&quot;classic&quot;,&quot;shape_divider_bottom&quot;:&quot;pyramids&quot;,&quot;shape_divider_bottom_negative&quot;:&quot;yes&quot;}\">\n\t\t\t\t\t<div class=\"elementor-shape elementor-shape-bottom\" aria-hidden=\"true\" data-negative=\"true\">\n\t\t\t<svg xmlns=\"http:\/\/www.w3.org\/2000\/svg\" viewBox=\"0 0 1000 100\" preserveAspectRatio=\"none\">\n\t<path class=\"elementor-shape-fill\" d=\"M761.9,40.6L643.1,24L333.9,93.8L0.1,1H0v99h1000V1\"\/>\n<\/svg>\t\t<\/div>\n\t\t\t\t\t<div class=\"elementor-container elementor-column-gap-default\">\n\t\t\t\t\t<div class=\"elementor-column elementor-col-100 elementor-top-column elementor-element elementor-element-9060929\" data-id=\"9060929\" data-element_type=\"column\" data-settings=\"{&quot;background_background&quot;:&quot;classic&quot;}\">\n\t\t\t<div class=\"elementor-widget-wrap elementor-element-populated\">\n\t\t\t\t\t\t<section class=\"elementor-section elementor-inner-section elementor-element elementor-element-85fbca4 elementor-reverse-mobile elementor-section-boxed elementor-section-height-default elementor-section-height-default\" data-id=\"85fbca4\" data-element_type=\"section\">\n\t\t\t\t\t\t<div class=\"elementor-container elementor-column-gap-default\">\n\t\t\t\t\t<div class=\"elementor-column elementor-col-50 elementor-inner-column elementor-element elementor-element-5ef8f67\" data-id=\"5ef8f67\" data-element_type=\"column\">\n\t\t\t<div class=\"elementor-widget-wrap elementor-element-populated\">\n\t\t\t\t\t\t\t<\/div>\n\t\t<\/div>\n\t\t\t\t<div class=\"elementor-column elementor-col-50 elementor-inner-column elementor-element elementor-element-74b3006\" data-id=\"74b3006\" data-element_type=\"column\">\n\t\t\t<div class=\"elementor-widget-wrap elementor-element-populated\">\n\t\t\t\t\t\t<div class=\"elementor-element elementor-element-687d97b elementor-view-default elementor-position-top elementor-mobile-position-top elementor-widget elementor-widget-icon-box\" data-id=\"687d97b\" data-element_type=\"widget\" data-widget_type=\"icon-box.default\">\n\t\t\t\t<div class=\"elementor-widget-container\">\n\t\t\t\t\t\t\t<div class=\"elementor-icon-box-wrapper\">\n\n\t\t\t\t\t\t<div class=\"elementor-icon-box-icon\">\n\t\t\t\t<a href=\"https:\/\/desbougiespournagel.fr\/produit\/bougeoirs-stoff-nagel-bougies\/\" class=\"elementor-icon\" tabindex=\"-1\" aria-label=\"Starter Pack\">\n\t\t\t\t<i aria-hidden=\"true\" class=\"fas fa-gifts\"><\/i>\t\t\t\t<\/a>\n\t\t\t<\/div>\n\t\t\t\n\t\t\t\t\t\t<div class=\"elementor-icon-box-content\">\n\n\t\t\t\t\t\t\t\t\t<h3 class=\"elementor-icon-box-title\">\n\t\t\t\t\t\t<a href=\"https:\/\/desbougiespournagel.fr\/produit\/bougeoirs-stoff-nagel-bougies\/\" >\n\t\t\t\t\t\t\tStarter Pack\t\t\t\t\t\t<\/a>\n\t\t\t\t\t<\/h3>\n\t\t\t\t\n\t\t\t\t\t\t\t\t\t<p class=\"elementor-icon-box-description\">\n\t\t\t\t\t\tPackung mit 3 STOFF Nagel-Kerzenhaltern und Bees-Kerzen.\n\nFarbige Kerzenhalter und Kerzen nach Wahl.\t\t\t\t\t<\/p>\n\t\t\t\t\n\t\t\t<\/div>\n\t\t\t\n\t\t<\/div>\n\t\t\t\t\t\t<\/div>\n\t\t\t\t<\/div>\n\t\t\t\t\t<\/div>\n\t\t<\/div>\n\t\t\t\t\t<\/div>\n\t\t<\/section>\n\t\t\t\t\t<\/div>\n\t\t<\/div>\n\t\t\t\t\t<\/div>\n\t\t<\/section>\n\t\t\t\t<section class=\"elementor-section elementor-top-section elementor-element elementor-element-afd401e elementor-section-boxed elementor-section-height-default elementor-section-height-default\" data-id=\"afd401e\" data-element_type=\"section\" data-settings=\"{&quot;background_background&quot;:&quot;classic&quot;,&quot;shape_divider_top&quot;:&quot;pyramids&quot;}\">\n\t\t\t\t\t<div class=\"elementor-shape elementor-shape-top\" aria-hidden=\"true\" data-negative=\"false\">\n\t\t\t<svg xmlns=\"http:\/\/www.w3.org\/2000\/svg\" viewBox=\"0 0 1000 100\" preserveAspectRatio=\"none\">\n\t<path class=\"elementor-shape-fill\" d=\"M761.9,44.1L643.1,27.2L333.8,98L0,3.8V0l1000,0v3.9\"\/>\n<\/svg>\t\t<\/div>\n\t\t\t\t\t<div class=\"elementor-container elementor-column-gap-default\">\n\t\t\t\t\t<div class=\"elementor-column elementor-col-100 elementor-top-column elementor-element elementor-element-3585c14\" data-id=\"3585c14\" data-element_type=\"column\">\n\t\t\t<div class=\"elementor-widget-wrap elementor-element-populated\">\n\t\t\t\t\t\t<div class=\"elementor-element elementor-element-e3877cf elementor-widget elementor-widget-heading\" data-id=\"e3877cf\" data-element_type=\"widget\" data-widget_type=\"heading.default\">\n\t\t\t\t<div class=\"elementor-widget-container\">\n\t\t\t\t\t<h4 class=\"elementor-heading-title elementor-size-default\">Kerzenhalter und ihre Accessoires<\/h4>\t\t\t\t<\/div>\n\t\t\t\t<\/div>\n\t\t\t\t<div class=\"elementor-element elementor-element-004f5da elementor-widget elementor-widget-text-editor\" data-id=\"004f5da\" data-element_type=\"widget\" data-widget_type=\"text-editor.default\">\n\t\t\t\t<div class=\"elementor-widget-container\">\n\t\t\t\t\t\t\t\t\t<p>Neue STOFF Nagel Kerzenst\u00e4nder und Accessoires sind zum Einzelverkauf erh\u00e4ltlich.<\/p>\t\t\t\t\t\t\t\t<\/div>\n\t\t\t\t<\/div>\n\t\t\t\t<section class=\"elementor-section elementor-inner-section elementor-element elementor-element-2abd2f9 elementor-section-boxed elementor-section-height-default elementor-section-height-default\" data-id=\"2abd2f9\" data-element_type=\"section\">\n\t\t\t\t\t\t<div class=\"elementor-container elementor-column-gap-default\">\n\t\t\t\t\t<div class=\"elementor-column elementor-col-33 elementor-inner-column elementor-element elementor-element-c85de5c\" data-id=\"c85de5c\" data-element_type=\"column\">\n\t\t\t<div class=\"elementor-widget-wrap\">\n\t\t\t\t\t\t\t<\/div>\n\t\t<\/div>\n\t\t\t\t<div class=\"elementor-column elementor-col-33 elementor-inner-column elementor-element elementor-element-5b013f7\" data-id=\"5b013f7\" data-element_type=\"column\">\n\t\t\t<div class=\"elementor-widget-wrap elementor-element-populated\">\n\t\t\t\t\t\t\t<\/div>\n\t\t<\/div>\n\t\t\t\t<div class=\"elementor-column elementor-col-33 elementor-inner-column elementor-element elementor-element-852c591\" data-id=\"852c591\" data-element_type=\"column\">\n\t\t\t<div class=\"elementor-widget-wrap\">\n\t\t\t\t\t\t\t<\/div>\n\t\t<\/div>\n\t\t\t\t\t<\/div>\n\t\t<\/section>\n\t\t\t\t\t<\/div>\n\t\t<\/div>\n\t\t\t\t\t<\/div>\n\t\t<\/section>\n\t\t\t\t<section class=\"elementor-section elementor-top-section elementor-element elementor-element-1d9871a elementor-section-boxed elementor-section-height-default elementor-section-height-default\" data-id=\"1d9871a\" data-element_type=\"section\">\n\t\t\t\t\t\t<div class=\"elementor-container elementor-column-gap-default\">\n\t\t\t\t\t<div class=\"elementor-column elementor-col-100 elementor-top-column elementor-element elementor-element-ae1135f\" data-id=\"ae1135f\" data-element_type=\"column\">\n\t\t\t<div class=\"elementor-widget-wrap elementor-element-populated\">\n\t\t\t\t\t\t<div class=\"elementor-element elementor-element-d02e1a4 elementor-align-left elementor-tablet-align-right elementor-mobile-align-right elementor-fixed btn-arrow elementor-widget__width-initial elementor-invisible elementor-widget elementor-widget-button\" data-id=\"d02e1a4\" data-element_type=\"widget\" data-settings=\"{&quot;_position&quot;:&quot;fixed&quot;,&quot;_animation&quot;:&quot;bounceIn&quot;,&quot;_animation_delay&quot;:1000}\" data-widget_type=\"button.default\">\n\t\t\t\t<div class=\"elementor-widget-container\">\n\t\t\t\t\t\t\t\t\t<div class=\"elementor-button-wrapper\">\n\t\t\t\t\t<a class=\"elementor-button elementor-button-link elementor-size-sm\" href=\"https:\/\/desbougiespournagel.fr\/produit\/bougeoirs-stoff-nagel-bougies\/\">\n\t\t\t\t\t\t<span class=\"elementor-button-content-wrapper\">\n\t\t\t\t\t\t\t\t\t<span class=\"elementor-button-text\">Entdecken Sie unsere Pakete <br>mit Kerzenhaltern und Kerzen.<\/span>\n\t\t\t\t\t<\/span>\n\t\t\t\t\t<\/a>\n\t\t\t\t<\/div>\n\t\t\t\t\t\t\t\t<\/div>\n\t\t\t\t<\/div>\n\t\t\t\t\t<\/div>\n\t\t<\/div>\n\t\t\t\t\t<\/div>\n\t\t<\/section>\n\t\t\t\t<\/div>\n\t\t","protected":false},"excerpt":{"rendered":"<p>STOFF Nagel Kerzenst\u00e4nder Neue modulare Kerzenst\u00e4nderNeuauflage des Nagel-Kerzenst\u00e4nders STOFF Nagel ist die Neuauflage des ber\u00fchmten Nagel S22 Kerzenhalters aus den 70er Jahren, der nach seinem Designer Werner Stoff umbenannt wurde und von STOFF (D\u00e4nemark) hergestellt wird. Neue Kerzenhalter und Accessoires, die einzeln in h\u00fcbschen Schachteln verkauft werden und mit unseren Kerzen kompatibel sind. Nagel Kerzenst\u00e4nder [&hellip;]<\/p>\n","protected":false},"author":1,"featured_media":71727,"parent":0,"menu_order":0,"comment_status":"closed","ping_status":"closed","template":"","meta":{"footnotes":""},"class_list":["post-71725","page","type-page","status-publish","has-post-thumbnail","hentry"],"yoast_head":"<!-- This site is optimized with the Yoast SEO plugin v19.7.1 - https:\/\/yoast.com\/wordpress\/plugins\/seo\/ -->\n<title>STOFF Nagel Kerzenst\u00e4nder - Des bougies pour Nagel<\/title>\n<meta name=\"description\" content=\"STOFF Kerzenst\u00e4nder, Neuauflage des Nagel Kerzenst\u00e4nders aus den 60er Jahren. Verschiedene Ausf\u00fchrungen und Accessoires erh\u00e4ltlich.\" \/>\n<meta name=\"robots\" content=\"index, follow, max-snippet:-1, max-image-preview:large, max-video-preview:-1\" \/>\n<link rel=\"canonical\" href=\"https:\/\/desbougiespournagel.fr\/de\/stoff-nagel-kerzenstaender\/\" \/>\n<meta property=\"og:locale\" content=\"de_DE\" \/>\n<meta property=\"og:type\" content=\"article\" \/>\n<meta property=\"og:title\" content=\"STOFF Nagel Kerzenst\u00e4nder - Des bougies pour Nagel\" \/>\n<meta property=\"og:description\" content=\"STOFF Kerzenst\u00e4nder, Neuauflage des Nagel Kerzenst\u00e4nders aus den 60er Jahren. Verschiedene Ausf\u00fchrungen und Accessoires erh\u00e4ltlich.\" \/>\n<meta property=\"og:url\" content=\"https:\/\/desbougiespournagel.fr\/de\/stoff-nagel-kerzenstaender\/\" \/>\n<meta property=\"og:site_name\" content=\"Des bougies pour Nagel\" \/>\n<meta property=\"article:modified_time\" content=\"2025-10-07T10:32:14+00:00\" \/>\n<meta property=\"og:image\" content=\"https:\/\/desbougiespournagel.fr\/wp-content\/uploads\/2024\/09\/stoff1.jpg\" \/>\n\t<meta property=\"og:image:width\" content=\"1200\" \/>\n\t<meta property=\"og:image:height\" content=\"1200\" \/>\n\t<meta property=\"og:image:type\" content=\"image\/jpeg\" \/>\n<meta name=\"twitter:card\" content=\"summary_large_image\" \/>\n<script type=\"application\/ld+json\" class=\"yoast-schema-graph\">{\"@context\":\"https:\/\/schema.org\",\"@graph\":[{\"@type\":\"WebPage\",\"@id\":\"https:\/\/desbougiespournagel.fr\/de\/stoff-nagel-kerzenstaender\/\",\"url\":\"https:\/\/desbougiespournagel.fr\/de\/stoff-nagel-kerzenstaender\/\",\"name\":\"STOFF Nagel Kerzenst\u00e4nder - Des bougies pour Nagel\",\"isPartOf\":{\"@id\":\"https:\/\/desbougiespournagel.fr\/#website\"},\"datePublished\":\"2025-10-07T10:32:03+00:00\",\"dateModified\":\"2025-10-07T10:32:14+00:00\",\"description\":\"STOFF Kerzenst\u00e4nder, Neuauflage des Nagel Kerzenst\u00e4nders aus den 60er Jahren. Verschiedene Ausf\u00fchrungen und Accessoires erh\u00e4ltlich.\",\"breadcrumb\":{\"@id\":\"https:\/\/desbougiespournagel.fr\/de\/stoff-nagel-kerzenstaender\/#breadcrumb\"},\"inLanguage\":\"de\",\"potentialAction\":[{\"@type\":\"ReadAction\",\"target\":[\"https:\/\/desbougiespournagel.fr\/de\/stoff-nagel-kerzenstaender\/\"]}]},{\"@type\":\"BreadcrumbList\",\"@id\":\"https:\/\/desbougiespournagel.fr\/de\/stoff-nagel-kerzenstaender\/#breadcrumb\",\"itemListElement\":[{\"@type\":\"ListItem\",\"position\":1,\"name\":\"Accueil\",\"item\":\"https:\/\/desbougiespournagel.fr\/de\/startseite\/\"},{\"@type\":\"ListItem\",\"position\":2,\"name\":\"STOFF Nagel Kerzenst\u00e4nder\"}]},{\"@type\":\"WebSite\",\"@id\":\"https:\/\/desbougiespournagel.fr\/#website\",\"url\":\"https:\/\/desbougiespournagel.fr\/\",\"name\":\"Des bougies pour Nagel\",\"description\":\"Bougeoirs modulables vintage Nagel, STOFF, BMF et bougies compatibles\",\"publisher\":{\"@id\":\"https:\/\/desbougiespournagel.fr\/#organization\"},\"potentialAction\":[{\"@type\":\"SearchAction\",\"target\":{\"@type\":\"EntryPoint\",\"urlTemplate\":\"https:\/\/desbougiespournagel.fr\/?s={search_term_string}\"},\"query-input\":\"required name=search_term_string\"}],\"inLanguage\":\"de\"},{\"@type\":\"Organization\",\"@id\":\"https:\/\/desbougiespournagel.fr\/#organization\",\"name\":\"Des bougies pour Nagel\",\"url\":\"https:\/\/desbougiespournagel.fr\/\",\"sameAs\":[],\"logo\":{\"@type\":\"ImageObject\",\"inLanguage\":\"de\",\"@id\":\"https:\/\/desbougiespournagel.fr\/#\/schema\/logo\/image\/\",\"url\":\"https:\/\/desbougiespournagel.fr\/wp-content\/uploads\/2019\/10\/logo-dbpn-300.png\",\"contentUrl\":\"https:\/\/desbougiespournagel.fr\/wp-content\/uploads\/2019\/10\/logo-dbpn-300.png\",\"width\":300,\"height\":191,\"caption\":\"Des bougies pour Nagel\"},\"image\":{\"@id\":\"https:\/\/desbougiespournagel.fr\/#\/schema\/logo\/image\/\"}}]}<\/script>\n<!-- \/ Yoast SEO plugin. -->","yoast_head_json":{"title":"STOFF Nagel Kerzenst\u00e4nder - Des bougies pour Nagel","description":"STOFF Kerzenst\u00e4nder, Neuauflage des Nagel Kerzenst\u00e4nders aus den 60er Jahren. Verschiedene Ausf\u00fchrungen und Accessoires erh\u00e4ltlich.","robots":{"index":"index","follow":"follow","max-snippet":"max-snippet:-1","max-image-preview":"max-image-preview:large","max-video-preview":"max-video-preview:-1"},"canonical":"https:\/\/desbougiespournagel.fr\/de\/stoff-nagel-kerzenstaender\/","og_locale":"de_DE","og_type":"article","og_title":"STOFF Nagel Kerzenst\u00e4nder - Des bougies pour Nagel","og_description":"STOFF Kerzenst\u00e4nder, Neuauflage des Nagel Kerzenst\u00e4nders aus den 60er Jahren. Verschiedene Ausf\u00fchrungen und Accessoires erh\u00e4ltlich.","og_url":"https:\/\/desbougiespournagel.fr\/de\/stoff-nagel-kerzenstaender\/","og_site_name":"Des bougies pour Nagel","article_modified_time":"2025-10-07T10:32:14+00:00","og_image":[{"width":1200,"height":1200,"url":"https:\/\/desbougiespournagel.fr\/wp-content\/uploads\/2024\/09\/stoff1.jpg","type":"image\/jpeg"}],"twitter_card":"summary_large_image","schema":{"@context":"https:\/\/schema.org","@graph":[{"@type":"WebPage","@id":"https:\/\/desbougiespournagel.fr\/de\/stoff-nagel-kerzenstaender\/","url":"https:\/\/desbougiespournagel.fr\/de\/stoff-nagel-kerzenstaender\/","name":"STOFF Nagel Kerzenst\u00e4nder - Des bougies pour Nagel","isPartOf":{"@id":"https:\/\/desbougiespournagel.fr\/#website"},"datePublished":"2025-10-07T10:32:03+00:00","dateModified":"2025-10-07T10:32:14+00:00","description":"STOFF Kerzenst\u00e4nder, Neuauflage des Nagel Kerzenst\u00e4nders aus den 60er Jahren. Verschiedene Ausf\u00fchrungen und Accessoires erh\u00e4ltlich.","breadcrumb":{"@id":"https:\/\/desbougiespournagel.fr\/de\/stoff-nagel-kerzenstaender\/#breadcrumb"},"inLanguage":"de","potentialAction":[{"@type":"ReadAction","target":["https:\/\/desbougiespournagel.fr\/de\/stoff-nagel-kerzenstaender\/"]}]},{"@type":"BreadcrumbList","@id":"https:\/\/desbougiespournagel.fr\/de\/stoff-nagel-kerzenstaender\/#breadcrumb","itemListElement":[{"@type":"ListItem","position":1,"name":"Accueil","item":"https:\/\/desbougiespournagel.fr\/de\/startseite\/"},{"@type":"ListItem","position":2,"name":"STOFF Nagel Kerzenst\u00e4nder"}]},{"@type":"WebSite","@id":"https:\/\/desbougiespournagel.fr\/#website","url":"https:\/\/desbougiespournagel.fr\/","name":"Des bougies pour Nagel","description":"Bougeoirs modulables vintage Nagel, STOFF, BMF et bougies compatibles","publisher":{"@id":"https:\/\/desbougiespournagel.fr\/#organization"},"potentialAction":[{"@type":"SearchAction","target":{"@type":"EntryPoint","urlTemplate":"https:\/\/desbougiespournagel.fr\/?s={search_term_string}"},"query-input":"required name=search_term_string"}],"inLanguage":"de"},{"@type":"Organization","@id":"https:\/\/desbougiespournagel.fr\/#organization","name":"Des bougies pour Nagel","url":"https:\/\/desbougiespournagel.fr\/","sameAs":[],"logo":{"@type":"ImageObject","inLanguage":"de","@id":"https:\/\/desbougiespournagel.fr\/#\/schema\/logo\/image\/","url":"https:\/\/desbougiespournagel.fr\/wp-content\/uploads\/2019\/10\/logo-dbpn-300.png","contentUrl":"https:\/\/desbougiespournagel.fr\/wp-content\/uploads\/2019\/10\/logo-dbpn-300.png","width":300,"height":191,"caption":"Des bougies pour Nagel"},"image":{"@id":"https:\/\/desbougiespournagel.fr\/#\/schema\/logo\/image\/"}}]}},"_links":{"self":[{"href":"https:\/\/desbougiespournagel.fr\/de\/wp-json\/wp\/v2\/pages\/71725","targetHints":{"allow":["GET"]}}],"collection":[{"href":"https:\/\/desbougiespournagel.fr\/de\/wp-json\/wp\/v2\/pages"}],"about":[{"href":"https:\/\/desbougiespournagel.fr\/de\/wp-json\/wp\/v2\/types\/page"}],"author":[{"embeddable":true,"href":"https:\/\/desbougiespournagel.fr\/de\/wp-json\/wp\/v2\/users\/1"}],"replies":[{"embeddable":true,"href":"https:\/\/desbougiespournagel.fr\/de\/wp-json\/wp\/v2\/comments?post=71725"}],"version-history":[{"count":4,"href":"https:\/\/desbougiespournagel.fr\/de\/wp-json\/wp\/v2\/pages\/71725\/revisions"}],"predecessor-version":[{"id":71746,"href":"https:\/\/desbougiespournagel.fr\/de\/wp-json\/wp\/v2\/pages\/71725\/revisions\/71746"}],"wp:featuredmedia":[{"embeddable":true,"href":"https:\/\/desbougiespournagel.fr\/de\/wp-json\/wp\/v2\/media\/71727"}],"wp:attachment":[{"href":"https:\/\/desbougiespournagel.fr\/de\/wp-json\/wp\/v2\/media?parent=71725"}],"curies":[{"name":"wp","href":"https:\/\/api.w.org\/{rel}","templated":true}]}}