{"id":74437,"date":"2025-11-26T10:52:51","date_gmt":"2025-11-26T09:52:51","guid":{"rendered":"https:\/\/desbougiespournagel.fr\/vergaenglicher-verkauf-von-nagel-bmf-vintage-kerzenhaltern\/"},"modified":"2025-12-18T09:33:19","modified_gmt":"2025-12-18T08:33:19","slug":"vergaenglicher-verkauf-von-nagel-bmf-vintage-kerzenhaltern","status":"publish","type":"page","link":"https:\/\/desbougiespournagel.fr\/de\/vergaenglicher-verkauf-von-nagel-bmf-vintage-kerzenhaltern\/","title":{"rendered":"Verg\u00e4nglicher Verkauf von Nagel BMF Vintage-Kerzenhaltern"},"content":{"rendered":"\t\t<div data-elementor-type=\"wp-page\" data-elementor-id=\"74437\" class=\"elementor elementor-74437 elementor-73828\" data-elementor-post-type=\"page\">\n\t\t\t\t\t\t<section class=\"elementor-section elementor-top-section elementor-element elementor-element-c10ca73 elementor-section-boxed elementor-section-height-default elementor-section-height-default\" data-id=\"c10ca73\" data-element_type=\"section\">\n\t\t\t\t\t\t<div class=\"elementor-container elementor-column-gap-default\">\n\t\t\t\t\t<div class=\"elementor-column elementor-col-100 elementor-top-column elementor-element elementor-element-8234858\" data-id=\"8234858\" data-element_type=\"column\">\n\t\t\t<div class=\"elementor-widget-wrap elementor-element-populated\">\n\t\t\t\t\t\t<div class=\"elementor-element elementor-element-e671115 elementor-widget elementor-widget-heading\" data-id=\"e671115\" data-element_type=\"widget\" data-widget_type=\"heading.default\">\n\t\t\t\t<div class=\"elementor-widget-container\">\n\t\t\t\t\t<h1 class=\"elementor-heading-title elementor-size-default\">Verg\u00e4nglicher Verkauf von modularen Kerzenhaltern im Vintage-Stil von Nagel BMF\n<\/h1>\t\t\t\t<\/div>\n\t\t\t\t<\/div>\n\t\t\t\t<div class=\"elementor-element elementor-element-b92fa36 elementor-widget elementor-widget-heading\" data-id=\"b92fa36\" data-element_type=\"widget\" data-widget_type=\"heading.default\">\n\t\t\t\t<div class=\"elementor-widget-container\">\n\t\t\t\t\t<h1 class=\"elementor-heading-title elementor-size-default\">N\u00e4chster Ephemerer Verkauf: November 2026<\/h1>\t\t\t\t<\/div>\n\t\t\t\t<\/div>\n\t\t\t\t<div class=\"elementor-element elementor-element-da69c82 elementor-widget elementor-widget-text-editor\" data-id=\"da69c82\" data-element_type=\"widget\" data-widget_type=\"text-editor.default\">\n\t\t\t\t<div class=\"elementor-widget-container\">\n\t\t\t\t\t\t\t\t\t<p>Die modularen Kerzenhalter im Vintage-Stil (Nagel, BMF&#8230;) sind nicht mehr zum Einzelverkauf erh\u00e4ltlich.<\/p><p><strong>Sie werden nur als Lose bei einer j\u00e4hrlichen Auktion angeboten, die im November eines jeden Jahres stattfindet.<\/strong><\/p>\t\t\t\t\t\t\t\t<\/div>\n\t\t\t\t<\/div>\n\t\t\t\t<section class=\"elementor-section elementor-inner-section elementor-element elementor-element-334790d elementor-section-boxed elementor-section-height-default elementor-section-height-default\" data-id=\"334790d\" data-element_type=\"section\">\n\t\t\t\t\t\t<div class=\"elementor-container elementor-column-gap-default\">\n\t\t\t\t\t<div class=\"elementor-column elementor-col-100 elementor-inner-column elementor-element elementor-element-8601283\" data-id=\"8601283\" data-element_type=\"column\">\n\t\t\t<div class=\"elementor-widget-wrap elementor-element-populated\">\n\t\t\t\t\t\t<div class=\"elementor-element elementor-element-96dd7b1 elementor-widget elementor-widget-heading\" data-id=\"96dd7b1\" data-element_type=\"widget\" data-widget_type=\"heading.default\">\n\t\t\t\t<div class=\"elementor-widget-container\">\n\t\t\t\t\t<h2 class=\"elementor-heading-title elementor-size-default\">Benachrichtigen Sie mich \u00fcber den n\u00e4chsten Kurzzeitverkauf<\/h2>\t\t\t\t<\/div>\n\t\t\t\t<\/div>\n\t\t\t\t<div class=\"elementor-element elementor-element-e4f8c20 elementor-widget__width-initial elementor-button-align-stretch elementor-widget elementor-widget-form\" data-id=\"e4f8c20\" data-element_type=\"widget\" data-settings=\"{&quot;step_next_label&quot;:&quot;Weiter zu&quot;,&quot;step_previous_label&quot;:&quot;Vorherige&quot;,&quot;button_width&quot;:&quot;100&quot;,&quot;step_type&quot;:&quot;number_text&quot;,&quot;step_icon_shape&quot;:&quot;circle&quot;}\" data-widget_type=\"form.default\">\n\t\t\t\t<div class=\"elementor-widget-container\">\n\t\t\t\t\t\t\t<form class=\"elementor-form\" method=\"post\" name=\"Neues Formular\" aria-label=\"Neues Formular\">\n\t\t\t<input type=\"hidden\" name=\"post_id\" value=\"74437\"\/>\n\t\t\t<input type=\"hidden\" name=\"form_id\" value=\"e4f8c20\"\/>\n\t\t\t<input type=\"hidden\" name=\"referer_title\" value=\"Des bougies pour Nagel\" \/>\n\n\t\t\t\n\t\t\t<div class=\"elementor-form-fields-wrapper elementor-labels-above\">\n\t\t\t\t\t\t\t\t<div class=\"elementor-field-type-email elementor-field-group elementor-column elementor-field-group-email elementor-col-100 elementor-field-required\">\n\t\t\t\t\t\t\t\t\t\t\t\t<label for=\"form-field-email\" class=\"elementor-field-label\">\n\t\t\t\t\t\t\t\tE-Mail\t\t\t\t\t\t\t<\/label>\n\t\t\t\t\t\t\t\t\t\t\t\t\t\t<input size=\"1\" type=\"email\" name=\"form_fields[email]\" id=\"form-field-email\" class=\"elementor-field elementor-size-sm  elementor-field-textual\" placeholder=\"E-Mail\" required=\"required\">\n\t\t\t\t\t\t\t\t\t\t\t<\/div>\n\t\t\t\t\t\t\t\t<div class=\"elementor-field-type-text\">\n\t\t\t\t\t<input size=\"1\" type=\"text\" name=\"form_fields[field_0de7960]\" id=\"form-field-field_0de7960\" class=\"elementor-field elementor-size-sm \" style=\"display:none !important;\">\t\t\t\t<\/div>\n\t\t\t\t\t\t\t\t<div class=\"elementor-field-type-acceptance elementor-field-group elementor-column elementor-field-group-field_1d371b6 elementor-col-100\">\n\t\t\t\t\t\t\t<div class=\"elementor-field-subgroup\">\n\t\t\t<span class=\"elementor-field-option\">\n\t\t\t\t<input type=\"checkbox\" name=\"form_fields[field_1d371b6]\" id=\"form-field-field_1d371b6\" class=\"elementor-field elementor-size-sm  elementor-acceptance-field\">\n\t\t\t\t<label for=\"form-field-field_1d371b6\">Ich akzeptiere die <a href=\"https:\/\/desbougiespournagel.fr\/politique-de-confidentialite-2\/\"> Datenschutzbestimmungen<\/a><\/label>\t\t\t<\/span>\n\t\t<\/div>\n\t\t\t\t\t\t<\/div>\n\t\t\t\t\t\t\t\t<div class=\"elementor-field-group elementor-column elementor-field-type-submit elementor-col-100 e-form__buttons\">\n\t\t\t\t\t<button class=\"elementor-button elementor-size-sm\" type=\"submit\">\n\t\t\t\t\t\t<span class=\"elementor-button-content-wrapper\">\n\t\t\t\t\t\t\t\t\t\t\t\t\t\t\t\t\t\t\t\t\t\t<span class=\"elementor-button-text\">Senden Sie<\/span>\n\t\t\t\t\t\t\t\t\t\t\t\t\t<\/span>\n\t\t\t\t\t<\/button>\n\t\t\t\t<\/div>\n\t\t\t<\/div>\n\t\t<\/form>\n\t\t\t\t\t\t<\/div>\n\t\t\t\t<\/div>\n\t\t\t\t\t<\/div>\n\t\t<\/div>\n\t\t\t\t\t<\/div>\n\t\t<\/section>\n\t\t\t\t<div class=\"elementor-element elementor-element-6685c5c elementor-hidden-desktop elementor-hidden-tablet elementor-hidden-mobile elementor-countdown--label-block elementor-widget elementor-widget-countdown\" data-id=\"6685c5c\" data-element_type=\"widget\" data-widget_type=\"countdown.default\">\n\t\t\t\t<div class=\"elementor-widget-container\">\n\t\t\t\t\t\t\t<div class=\"elementor-countdown-wrapper\" data-date=\"1766012400\">\n\t\t\t<div class=\"elementor-countdown-item\"><span class=\"elementor-countdown-digits elementor-countdown-days\"><\/span> <span class=\"elementor-countdown-label\">Tage<\/span><\/div><div class=\"elementor-countdown-item\"><span class=\"elementor-countdown-digits elementor-countdown-hours\"><\/span> <span class=\"elementor-countdown-label\">Stunden<\/span><\/div><div class=\"elementor-countdown-item\"><span class=\"elementor-countdown-digits elementor-countdown-minutes\"><\/span> <span class=\"elementor-countdown-label\">Minuten<\/span><\/div><div class=\"elementor-countdown-item\"><span class=\"elementor-countdown-digits elementor-countdown-seconds\"><\/span> <span class=\"elementor-countdown-label\">Sekunden<\/span><\/div>\t\t<\/div>\n\t\t\t\t\t\t<\/div>\n\t\t\t\t<\/div>\n\t\t\t\t<section class=\"elementor-section elementor-inner-section elementor-element elementor-element-932fee8 elementor-hidden-desktop elementor-hidden-tablet elementor-hidden-mobile elementor-section-boxed elementor-section-height-default elementor-section-height-default\" data-id=\"932fee8\" data-element_type=\"section\">\n\t\t\t\t\t\t<div class=\"elementor-container elementor-column-gap-default\">\n\t\t\t\t\t<div class=\"elementor-column elementor-col-50 elementor-inner-column elementor-element elementor-element-b1fa772\" data-id=\"b1fa772\" data-element_type=\"column\">\n\t\t\t<div class=\"elementor-widget-wrap elementor-element-populated\">\n\t\t\t\t\t\t<div class=\"elementor-element elementor-element-70c865d elementor-widget elementor-widget-text-editor\" data-id=\"70c865d\" data-element_type=\"widget\" data-widget_type=\"text-editor.default\">\n\t\t\t\t<div class=\"elementor-widget-container\">\n\t\t\t\t\t\t\t\t\t<p><strong>Alle in dieser Auktion angebotenen Lose wurden als Kerzenst\u00e4nder aus den 1970er und 1980er Jahren begutachtet und authentifiziert und sind keine Neuauflagen aus den Jahren 2010\/2020<\/strong>. Es gibt Unterschiede, die Sie auf <a href=\"https:\/\/desbougiespournagel.fr\/de\/nagel-oder-stoff\/\">dieser Seite<\/a> finden. <\/p><p><strong>Sofern auf der Produktkarte nicht anders angegeben, sind alle abgebildeten Kerzenhalter in sehr gutem oder ausgezeichnetem Zustand,<\/strong> es gibt keine verbogenen \/ reparierten Kerzenhalter&#8230;<br>Sie wurden alle gereinigt und auf Hochglanz poliert, um ihnen ihren urspr\u00fcnglichen Glanz zur\u00fcckzugeben!<\/p>\t\t\t\t\t\t\t\t<\/div>\n\t\t\t\t<\/div>\n\t\t\t\t\t<\/div>\n\t\t<\/div>\n\t\t\t\t<div class=\"elementor-column elementor-col-50 elementor-inner-column elementor-element elementor-element-dba1c37\" data-id=\"dba1c37\" data-element_type=\"column\">\n\t\t\t<div class=\"elementor-widget-wrap elementor-element-populated\">\n\t\t\t\t\t\t<div class=\"elementor-element elementor-element-bb2f01d elementor-widget elementor-widget-text-editor\" data-id=\"bb2f01d\" data-element_type=\"widget\" data-widget_type=\"text-editor.default\">\n\t\t\t\t<div class=\"elementor-widget-container\">\n\t\t\t\t\t\t\t\t\t<p>Die meisten Kerzenhalter und Accessoires sind von den Marken Nagel und BMF, es gibt auch andere, exotischere Marken und Modelle.  <br>Wenn wir uns nicht sicher sind, ob eine Marke einer bestimmten Marke zugeordnet werden kann, geben wir &#8222;unbekannte Marke&#8220; an, um keine Fehlinformationen zu verbreiten, die im Internet bereits h\u00e4ufig \u00fcber Vintage-Kerzenst\u00e4nder zu finden sind.<\/p><p>Vergessen Sie nicht, Ihr Los mit <strong><a href=\"https:\/\/desbougiespournagel.fr\/de\/die-kerzen\/\">unseren Kerzen.<\/a><\/strong> die speziell f\u00fcr diese Kerzenst\u00e4nder entworfen wurden (sofern nicht anders auf der Produktkarte des jeweiligen Kerzenst\u00e4nders angegeben)!<\/p>\t\t\t\t\t\t\t\t<\/div>\n\t\t\t\t<\/div>\n\t\t\t\t\t<\/div>\n\t\t<\/div>\n\t\t\t\t\t<\/div>\n\t\t<\/section>\n\t\t\t\t<div class=\"elementor-element elementor-element-de67f09 elementor-hidden-desktop elementor-hidden-tablet elementor-hidden-mobile elementor-widget elementor-widget-heading\" data-id=\"de67f09\" data-element_type=\"widget\" data-widget_type=\"heading.default\">\n\t\t\t\t<div class=\"elementor-widget-container\">\n\t\t\t\t\t<h2 class=\"elementor-heading-title elementor-size-default\">Vom 11.12. bis 17.12. erhalten Sie -10% auf die verbleibenden Lose.<\/h2>\t\t\t\t<\/div>\n\t\t\t\t<\/div>\n\t\t\t\t\t<\/div>\n\t\t<\/div>\n\t\t\t\t\t<\/div>\n\t\t<\/section>\n\t\t\t\t<section class=\"elementor-section elementor-top-section elementor-element elementor-element-db8f5ad elementor-section-boxed elementor-section-height-default elementor-section-height-default\" data-id=\"db8f5ad\" data-element_type=\"section\">\n\t\t\t\t\t\t<div class=\"elementor-container elementor-column-gap-default\">\n\t\t\t\t\t<div class=\"elementor-column elementor-col-100 elementor-top-column elementor-element elementor-element-1d55746\" data-id=\"1d55746\" data-element_type=\"column\">\n\t\t\t<div class=\"elementor-widget-wrap\">\n\t\t\t\t\t\t\t<\/div>\n\t\t<\/div>\n\t\t\t\t\t<\/div>\n\t\t<\/section>\n\t\t\t\t<section class=\"elementor-section elementor-top-section elementor-element elementor-element-312c8bc elementor-section-boxed elementor-section-height-default elementor-section-height-default\" data-id=\"312c8bc\" data-element_type=\"section\">\n\t\t\t\t\t\t<div class=\"elementor-container elementor-column-gap-default\">\n\t\t\t\t\t<div class=\"elementor-column elementor-col-100 elementor-top-column elementor-element elementor-element-fc0c97e\" data-id=\"fc0c97e\" data-element_type=\"column\">\n\t\t\t<div class=\"elementor-widget-wrap\">\n\t\t\t\t\t\t\t<\/div>\n\t\t<\/div>\n\t\t\t\t\t<\/div>\n\t\t<\/section>\n\t\t\t\t<\/div>\n\t\t","protected":false},"excerpt":{"rendered":"<p>Verg\u00e4nglicher Verkauf von modularen Kerzenhaltern im Vintage-Stil von Nagel BMF N\u00e4chster Ephemerer Verkauf: November 2026 Die modularen Kerzenhalter im Vintage-Stil (Nagel, BMF&#8230;) sind nicht mehr zum Einzelverkauf erh\u00e4ltlich. Sie werden nur als Lose bei einer j\u00e4hrlichen Auktion angeboten, die im November eines jeden Jahres stattfindet. Benachrichtigen Sie mich \u00fcber den n\u00e4chsten Kurzzeitverkauf Jours Heures Minutes [&hellip;]<\/p>\n","protected":false},"author":212,"featured_media":0,"parent":0,"menu_order":0,"comment_status":"closed","ping_status":"closed","template":"","meta":{"footnotes":""},"class_list":["post-74437","page","type-page","status-publish","hentry"],"yoast_head":"<!-- This site is optimized with the Yoast SEO plugin v19.7.1 - https:\/\/yoast.com\/wordpress\/plugins\/seo\/ -->\n<title>Verg\u00e4nglicher Verkauf von Nagel BMF Vintage-Kerzenhaltern - Des bougies pour Nagel<\/title>\n<meta name=\"robots\" content=\"index, follow, max-snippet:-1, max-image-preview:large, max-video-preview:-1\" \/>\n<link rel=\"canonical\" href=\"https:\/\/desbougiespournagel.fr\/de\/vergaenglicher-verkauf-von-nagel-bmf-vintage-kerzenhaltern\/\" \/>\n<meta property=\"og:locale\" content=\"de_DE\" \/>\n<meta property=\"og:type\" content=\"article\" \/>\n<meta property=\"og:title\" content=\"Verg\u00e4nglicher Verkauf von Nagel BMF Vintage-Kerzenhaltern - Des bougies pour Nagel\" \/>\n<meta property=\"og:description\" content=\"Verg\u00e4nglicher Verkauf von modularen Kerzenhaltern im Vintage-Stil von Nagel BMF N\u00e4chster Ephemerer Verkauf: November 2026 Die modularen Kerzenhalter im Vintage-Stil (Nagel, BMF&#8230;) sind nicht mehr zum Einzelverkauf erh\u00e4ltlich. Sie werden nur als Lose bei einer j\u00e4hrlichen Auktion angeboten, die im November eines jeden Jahres stattfindet. Benachrichtigen Sie mich \u00fcber den n\u00e4chsten Kurzzeitverkauf Jours Heures Minutes [&hellip;]\" \/>\n<meta property=\"og:url\" content=\"https:\/\/desbougiespournagel.fr\/de\/vergaenglicher-verkauf-von-nagel-bmf-vintage-kerzenhaltern\/\" \/>\n<meta property=\"og:site_name\" content=\"Des bougies pour Nagel\" \/>\n<meta property=\"article:modified_time\" content=\"2025-12-18T08:33:19+00:00\" \/>\n<meta name=\"twitter:card\" content=\"summary_large_image\" \/>\n<script type=\"application\/ld+json\" class=\"yoast-schema-graph\">{\"@context\":\"https:\/\/schema.org\",\"@graph\":[{\"@type\":\"WebPage\",\"@id\":\"https:\/\/desbougiespournagel.fr\/de\/vergaenglicher-verkauf-von-nagel-bmf-vintage-kerzenhaltern\/\",\"url\":\"https:\/\/desbougiespournagel.fr\/de\/vergaenglicher-verkauf-von-nagel-bmf-vintage-kerzenhaltern\/\",\"name\":\"Verg\u00e4nglicher Verkauf von Nagel BMF Vintage-Kerzenhaltern - Des bougies pour Nagel\",\"isPartOf\":{\"@id\":\"https:\/\/desbougiespournagel.fr\/#website\"},\"datePublished\":\"2025-11-26T09:52:51+00:00\",\"dateModified\":\"2025-12-18T08:33:19+00:00\",\"breadcrumb\":{\"@id\":\"https:\/\/desbougiespournagel.fr\/de\/vergaenglicher-verkauf-von-nagel-bmf-vintage-kerzenhaltern\/#breadcrumb\"},\"inLanguage\":\"de\",\"potentialAction\":[{\"@type\":\"ReadAction\",\"target\":[\"https:\/\/desbougiespournagel.fr\/de\/vergaenglicher-verkauf-von-nagel-bmf-vintage-kerzenhaltern\/\"]}]},{\"@type\":\"BreadcrumbList\",\"@id\":\"https:\/\/desbougiespournagel.fr\/de\/vergaenglicher-verkauf-von-nagel-bmf-vintage-kerzenhaltern\/#breadcrumb\",\"itemListElement\":[{\"@type\":\"ListItem\",\"position\":1,\"name\":\"Accueil\",\"item\":\"https:\/\/desbougiespournagel.fr\/de\/startseite\/\"},{\"@type\":\"ListItem\",\"position\":2,\"name\":\"Verg\u00e4nglicher Verkauf von Nagel BMF Vintage-Kerzenhaltern\"}]},{\"@type\":\"WebSite\",\"@id\":\"https:\/\/desbougiespournagel.fr\/#website\",\"url\":\"https:\/\/desbougiespournagel.fr\/\",\"name\":\"Des bougies pour Nagel\",\"description\":\"Bougeoirs modulables vintage Nagel, STOFF, BMF et bougies compatibles\",\"publisher\":{\"@id\":\"https:\/\/desbougiespournagel.fr\/#organization\"},\"potentialAction\":[{\"@type\":\"SearchAction\",\"target\":{\"@type\":\"EntryPoint\",\"urlTemplate\":\"https:\/\/desbougiespournagel.fr\/?s={search_term_string}\"},\"query-input\":\"required name=search_term_string\"}],\"inLanguage\":\"de\"},{\"@type\":\"Organization\",\"@id\":\"https:\/\/desbougiespournagel.fr\/#organization\",\"name\":\"Des bougies pour Nagel\",\"url\":\"https:\/\/desbougiespournagel.fr\/\",\"sameAs\":[],\"logo\":{\"@type\":\"ImageObject\",\"inLanguage\":\"de\",\"@id\":\"https:\/\/desbougiespournagel.fr\/#\/schema\/logo\/image\/\",\"url\":\"https:\/\/desbougiespournagel.fr\/wp-content\/uploads\/2019\/10\/logo-dbpn-300.png\",\"contentUrl\":\"https:\/\/desbougiespournagel.fr\/wp-content\/uploads\/2019\/10\/logo-dbpn-300.png\",\"width\":300,\"height\":191,\"caption\":\"Des bougies pour Nagel\"},\"image\":{\"@id\":\"https:\/\/desbougiespournagel.fr\/#\/schema\/logo\/image\/\"}}]}<\/script>\n<!-- \/ Yoast SEO plugin. -->","yoast_head_json":{"title":"Verg\u00e4nglicher Verkauf von Nagel BMF Vintage-Kerzenhaltern - Des bougies pour Nagel","robots":{"index":"index","follow":"follow","max-snippet":"max-snippet:-1","max-image-preview":"max-image-preview:large","max-video-preview":"max-video-preview:-1"},"canonical":"https:\/\/desbougiespournagel.fr\/de\/vergaenglicher-verkauf-von-nagel-bmf-vintage-kerzenhaltern\/","og_locale":"de_DE","og_type":"article","og_title":"Verg\u00e4nglicher Verkauf von Nagel BMF Vintage-Kerzenhaltern - Des bougies pour Nagel","og_description":"Verg\u00e4nglicher Verkauf von modularen Kerzenhaltern im Vintage-Stil von Nagel BMF N\u00e4chster Ephemerer Verkauf: November 2026 Die modularen Kerzenhalter im Vintage-Stil (Nagel, BMF&#8230;) sind nicht mehr zum Einzelverkauf erh\u00e4ltlich. Sie werden nur als Lose bei einer j\u00e4hrlichen Auktion angeboten, die im November eines jeden Jahres stattfindet. Benachrichtigen Sie mich \u00fcber den n\u00e4chsten Kurzzeitverkauf Jours Heures Minutes [&hellip;]","og_url":"https:\/\/desbougiespournagel.fr\/de\/vergaenglicher-verkauf-von-nagel-bmf-vintage-kerzenhaltern\/","og_site_name":"Des bougies pour Nagel","article_modified_time":"2025-12-18T08:33:19+00:00","twitter_card":"summary_large_image","schema":{"@context":"https:\/\/schema.org","@graph":[{"@type":"WebPage","@id":"https:\/\/desbougiespournagel.fr\/de\/vergaenglicher-verkauf-von-nagel-bmf-vintage-kerzenhaltern\/","url":"https:\/\/desbougiespournagel.fr\/de\/vergaenglicher-verkauf-von-nagel-bmf-vintage-kerzenhaltern\/","name":"Verg\u00e4nglicher Verkauf von Nagel BMF Vintage-Kerzenhaltern - Des bougies pour Nagel","isPartOf":{"@id":"https:\/\/desbougiespournagel.fr\/#website"},"datePublished":"2025-11-26T09:52:51+00:00","dateModified":"2025-12-18T08:33:19+00:00","breadcrumb":{"@id":"https:\/\/desbougiespournagel.fr\/de\/vergaenglicher-verkauf-von-nagel-bmf-vintage-kerzenhaltern\/#breadcrumb"},"inLanguage":"de","potentialAction":[{"@type":"ReadAction","target":["https:\/\/desbougiespournagel.fr\/de\/vergaenglicher-verkauf-von-nagel-bmf-vintage-kerzenhaltern\/"]}]},{"@type":"BreadcrumbList","@id":"https:\/\/desbougiespournagel.fr\/de\/vergaenglicher-verkauf-von-nagel-bmf-vintage-kerzenhaltern\/#breadcrumb","itemListElement":[{"@type":"ListItem","position":1,"name":"Accueil","item":"https:\/\/desbougiespournagel.fr\/de\/startseite\/"},{"@type":"ListItem","position":2,"name":"Verg\u00e4nglicher Verkauf von Nagel BMF Vintage-Kerzenhaltern"}]},{"@type":"WebSite","@id":"https:\/\/desbougiespournagel.fr\/#website","url":"https:\/\/desbougiespournagel.fr\/","name":"Des bougies pour Nagel","description":"Bougeoirs modulables vintage Nagel, STOFF, BMF et bougies compatibles","publisher":{"@id":"https:\/\/desbougiespournagel.fr\/#organization"},"potentialAction":[{"@type":"SearchAction","target":{"@type":"EntryPoint","urlTemplate":"https:\/\/desbougiespournagel.fr\/?s={search_term_string}"},"query-input":"required name=search_term_string"}],"inLanguage":"de"},{"@type":"Organization","@id":"https:\/\/desbougiespournagel.fr\/#organization","name":"Des bougies pour Nagel","url":"https:\/\/desbougiespournagel.fr\/","sameAs":[],"logo":{"@type":"ImageObject","inLanguage":"de","@id":"https:\/\/desbougiespournagel.fr\/#\/schema\/logo\/image\/","url":"https:\/\/desbougiespournagel.fr\/wp-content\/uploads\/2019\/10\/logo-dbpn-300.png","contentUrl":"https:\/\/desbougiespournagel.fr\/wp-content\/uploads\/2019\/10\/logo-dbpn-300.png","width":300,"height":191,"caption":"Des bougies pour Nagel"},"image":{"@id":"https:\/\/desbougiespournagel.fr\/#\/schema\/logo\/image\/"}}]}},"_links":{"self":[{"href":"https:\/\/desbougiespournagel.fr\/de\/wp-json\/wp\/v2\/pages\/74437","targetHints":{"allow":["GET"]}}],"collection":[{"href":"https:\/\/desbougiespournagel.fr\/de\/wp-json\/wp\/v2\/pages"}],"about":[{"href":"https:\/\/desbougiespournagel.fr\/de\/wp-json\/wp\/v2\/types\/page"}],"author":[{"embeddable":true,"href":"https:\/\/desbougiespournagel.fr\/de\/wp-json\/wp\/v2\/users\/212"}],"replies":[{"embeddable":true,"href":"https:\/\/desbougiespournagel.fr\/de\/wp-json\/wp\/v2\/comments?post=74437"}],"version-history":[{"count":7,"href":"https:\/\/desbougiespournagel.fr\/de\/wp-json\/wp\/v2\/pages\/74437\/revisions"}],"predecessor-version":[{"id":75524,"href":"https:\/\/desbougiespournagel.fr\/de\/wp-json\/wp\/v2\/pages\/74437\/revisions\/75524"}],"wp:attachment":[{"href":"https:\/\/desbougiespournagel.fr\/de\/wp-json\/wp\/v2\/media?parent=74437"}],"curies":[{"name":"wp","href":"https:\/\/api.w.org\/{rel}","templated":true}]}}