{"id":71829,"date":"2024-09-19T17:16:52","date_gmt":"2025-10-07T10:33:07","guid":{"rendered":"https:\/\/desbougiespournagel.fr\/product\/12-bmf-orion-kerzen-weiss\/"},"modified":"2026-02-11T12:57:49","modified_gmt":"2026-02-11T11:57:49","slug":"12-bmf-orion-kerzen-weiss","status":"publish","type":"product","link":"https:\/\/desbougiespournagel.fr\/de\/product\/12-bmf-orion-kerzen-weiss\/","title":{"rendered":"12 BMF Orion-Kerzen &#8211; Wei\u00df"},"content":{"rendered":"\t\t<div data-elementor-type=\"product-post\" data-elementor-id=\"71829\" class=\"elementor elementor-71829 elementor-69806\" data-elementor-post-type=\"product\">\n\t\t\t\t\t\t<section class=\"elementor-section elementor-top-section elementor-element elementor-element-223f3a2 elementor-section-boxed elementor-section-height-default elementor-section-height-default\" data-id=\"223f3a2\" data-element_type=\"section\" id=\"longue\">\n\t\t\t\t\t\t<div class=\"elementor-container elementor-column-gap-default\">\n\t\t\t\t\t<div class=\"elementor-column elementor-col-33 elementor-top-column elementor-element elementor-element-e2ed197\" data-id=\"e2ed197\" data-element_type=\"column\">\n\t\t\t<div class=\"elementor-widget-wrap elementor-element-populated\">\n\t\t\t\t\t<div class=\"elementor-background-overlay\"><\/div>\n\t\t\t\t\t\t<div class=\"elementor-element elementor-element-68cdcde elementor-widget elementor-widget-heading\" data-id=\"68cdcde\" data-element_type=\"widget\" data-widget_type=\"heading.default\">\n\t\t\t\t<div class=\"elementor-widget-container\">\n\t\t\t\t\t<h6 class=\"elementor-heading-title elementor-size-default\">Hergestellt in Frankreich<\/h6>\t\t\t\t<\/div>\n\t\t\t\t<\/div>\n\t\t\t\t<div class=\"elementor-element elementor-element-b11296d elementor-widget elementor-widget-text-editor\" data-id=\"b11296d\" data-element_type=\"widget\" data-widget_type=\"text-editor.default\">\n\t\t\t\t<div class=\"elementor-widget-container\">\n\t\t\t\t\t\t\t\t\t<p>Alle unsere Orion-Kerzen werden mit Leidenschaft in unserem Atelier in Stra\u00dfburg selbst hergestellt.<\/p>\t\t\t\t\t\t\t\t<\/div>\n\t\t\t\t<\/div>\n\t\t\t\t\t<\/div>\n\t\t<\/div>\n\t\t\t\t<div class=\"elementor-column elementor-col-33 elementor-top-column elementor-element elementor-element-c731ca3\" data-id=\"c731ca3\" data-element_type=\"column\">\n\t\t\t<div class=\"elementor-widget-wrap elementor-element-populated\">\n\t\t\t\t\t<div class=\"elementor-background-overlay\"><\/div>\n\t\t\t\t\t\t<div class=\"elementor-element elementor-element-83e5fd9 elementor-widget elementor-widget-heading\" data-id=\"83e5fd9\" data-element_type=\"widget\" data-widget_type=\"heading.default\">\n\t\t\t\t<div class=\"elementor-widget-container\">\n\t\t\t\t\t<h6 class=\"elementor-heading-title elementor-size-default\">Umweltfreundlich<\/h6>\t\t\t\t<\/div>\n\t\t\t\t<\/div>\n\t\t\t\t<div class=\"elementor-element elementor-element-26244cc elementor-widget elementor-widget-text-editor\" data-id=\"26244cc\" data-element_type=\"widget\" data-widget_type=\"text-editor.default\">\n\t\t\t\t<div class=\"elementor-widget-container\">\n\t\t\t\t\t\t\t\t\t<p>Eine Orion besteht nur aus zwei nat\u00fcrlichen Zutaten: Bienenwachs und Baumwolle!<\/p>\t\t\t\t\t\t\t\t<\/div>\n\t\t\t\t<\/div>\n\t\t\t\t\t<\/div>\n\t\t<\/div>\n\t\t\t\t<div class=\"elementor-column elementor-col-33 elementor-top-column elementor-element elementor-element-84d86c8\" data-id=\"84d86c8\" data-element_type=\"column\">\n\t\t\t<div class=\"elementor-widget-wrap elementor-element-populated\">\n\t\t\t\t\t<div class=\"elementor-background-overlay\"><\/div>\n\t\t\t\t\t\t<div class=\"elementor-element elementor-element-37c6638 elementor-widget elementor-widget-heading\" data-id=\"37c6638\" data-element_type=\"widget\" data-widget_type=\"heading.default\">\n\t\t\t\t<div class=\"elementor-widget-container\">\n\t\t\t\t\t<h6 class=\"elementor-heading-title elementor-size-default\">Gesund f\u00fcr Ihr Zuhause<\/h6>\t\t\t\t<\/div>\n\t\t\t\t<\/div>\n\t\t\t\t<div class=\"elementor-element elementor-element-5091abc elementor-widget elementor-widget-text-editor\" data-id=\"5091abc\" data-element_type=\"widget\" data-widget_type=\"text-editor.default\">\n\t\t\t\t<div class=\"elementor-widget-container\">\n\t\t\t\t\t\t\t\t\t<p>Bienenwachskerzen sind f\u00fcr ihre hervorragende Verbrennungsqualit\u00e4t bekannt und tragen so zu einer ges\u00fcnderen Raumluft bei.<\/p>\t\t\t\t\t\t\t\t<\/div>\n\t\t\t\t<\/div>\n\t\t\t\t\t<\/div>\n\t\t<\/div>\n\t\t\t\t\t<\/div>\n\t\t<\/section>\n\t\t\t\t<section class=\"elementor-section elementor-top-section elementor-element elementor-element-d06aa39 elementor-section-boxed elementor-section-height-default elementor-section-height-default\" data-id=\"d06aa39\" data-element_type=\"section\">\n\t\t\t\t\t\t<div class=\"elementor-container elementor-column-gap-default\">\n\t\t\t\t\t<div class=\"elementor-column elementor-col-50 elementor-top-column elementor-element elementor-element-f5036d8\" data-id=\"f5036d8\" data-element_type=\"column\">\n\t\t\t<div class=\"elementor-widget-wrap elementor-element-populated\">\n\t\t\t\t\t\t<div class=\"elementor-element elementor-element-530db2e elementor-widget elementor-widget-text-editor\" data-id=\"530db2e\" data-element_type=\"widget\" data-widget_type=\"text-editor.default\">\n\t\t\t\t<div class=\"elementor-widget-container\">\n\t\t\t\t\t\t\t\t\t<p><strong>Zusammensetzung <\/strong><strong style=\"color: var( --e-global-color-text ); font-family: var( --e-global-typography-text-font-family ), Sans-serif; font-size: var( --e-global-typography-text-font-size ); background-color: transparent;\">:<\/strong><span style=\"color: var( --e-global-color-text ); font-family: var( --e-global-typography-text-font-family ), Sans-serif; font-size: var( --e-global-typography-text-font-size ); font-weight: var( --e-global-typography-text-font-weight ); background-color: transparent;\"> reines, UV-gebleichtes Bienenwachs und Baumwolle<br><\/span><strong>L\u00e4nge<\/strong>: 28 cm<br><strong>Durchmesser <\/strong>: ca. 10 mm. Passen nur zu den modularen Kerzenhaltern BMF Orion. Identifizieren Sie Ihr Kerzenhaltermodell&nbsp;<a href=\"https:\/\/desbougiespournagel.fr\/de\/kompatible-modelle\/\" target=\"_blank\" rel=\"noopener\">hier<\/a>.<br><strong>Brenndauer <\/strong>: ca. 2,5 Stunden<br><strong>Saubere und vollst\u00e4ndige Verbrennung ohne Wachsaustritt oder Rauch.<\/strong><\/p>\t\t\t\t\t\t\t\t<\/div>\n\t\t\t\t<\/div>\n\t\t\t\t<div class=\"elementor-element elementor-element-a48d0fa elementor-align-center btn-arrow elementor-hidden-phone elementor-widget elementor-widget-button\" data-id=\"a48d0fa\" data-element_type=\"widget\" data-widget_type=\"button.default\">\n\t\t\t\t<div class=\"elementor-widget-container\">\n\t\t\t\t\t\t\t\t\t<div class=\"elementor-button-wrapper\">\n\t\t\t\t\t<a class=\"elementor-button elementor-button-link elementor-size-sm\" href=\"https:\/\/desbougiespournagel.fr\/de\/kompatible-modelle\/\">\n\t\t\t\t\t\t<span class=\"elementor-button-content-wrapper\">\n\t\t\t\t\t\t<span class=\"elementor-button-icon\">\n\t\t\t\t<i aria-hidden=\"true\" class=\"fas fa-long-arrow-alt-right\"><\/i>\t\t\t<\/span>\n\t\t\t\t\t\t\t\t\t<span class=\"elementor-button-text\">Kompatible Kerzenhalter ansehen<\/span>\n\t\t\t\t\t<\/span>\n\t\t\t\t\t<\/a>\n\t\t\t\t<\/div>\n\t\t\t\t\t\t\t\t<\/div>\n\t\t\t\t<\/div>\n\t\t\t\t\t<\/div>\n\t\t<\/div>\n\t\t\t\t<div class=\"elementor-column elementor-col-50 elementor-top-column elementor-element elementor-element-2702eb0\" data-id=\"2702eb0\" data-element_type=\"column\">\n\t\t\t<div class=\"elementor-widget-wrap elementor-element-populated\">\n\t\t\t\t\t\t<div class=\"elementor-element elementor-element-46ffba1 elementor-widget__width-initial elementor-widget elementor-widget-image\" data-id=\"46ffba1\" data-element_type=\"widget\" data-settings=\"{&quot;sticky&quot;:&quot;top&quot;,&quot;sticky_on&quot;:[&quot;tablet&quot;],&quot;sticky_parent&quot;:&quot;yes&quot;,&quot;sticky_offset&quot;:0,&quot;sticky_effects_offset&quot;:0,&quot;sticky_anchor_link_offset&quot;:0}\" data-widget_type=\"image.default\">\n\t\t\t\t<div class=\"elementor-widget-container\">\n\t\t\t\t\t\t\t\t\t\t\t\t\t\t\t\t<a href=\"https:\/\/desbougiespournagel.fr\/wp-content\/uploads\/2024\/09\/bees-orion.jpg\" data-elementor-open-lightbox=\"yes\" data-elementor-lightbox-title=\"Bougies pour bougeoirs BMF Orion\" data-elementor-lightbox-description=\"Bougies pour bougeoirs BMF Orion\" data-e-action-hash=\"#elementor-action%3Aaction%3Dlightbox%26settings%3DeyJpZCI6NzE4MzAsInVybCI6Imh0dHBzOlwvXC9kZXNib3VnaWVzcG91cm5hZ2VsLmZyXC93cC1jb250ZW50XC91cGxvYWRzXC8yMDI0XC8wOVwvYmVlcy1vcmlvbi5qcGcifQ%3D%3D\">\n\t\t\t\t\t\t\t<img fetchpriority=\"high\" decoding=\"async\" width=\"1428\" height=\"1428\" src=\"https:\/\/desbougiespournagel.fr\/wp-content\/uploads\/2024\/09\/bees-orion.jpg\" class=\"attachment-1536x1536 size-1536x1536 wp-image-71830\" alt=\"\" srcset=\"https:\/\/desbougiespournagel.fr\/wp-content\/uploads\/2024\/09\/bees-orion.jpg 1428w, https:\/\/desbougiespournagel.fr\/wp-content\/uploads\/2024\/09\/bees-orion-470x470.jpg 470w, https:\/\/desbougiespournagel.fr\/wp-content\/uploads\/2024\/09\/bees-orion-125x125.jpg 125w, https:\/\/desbougiespournagel.fr\/wp-content\/uploads\/2024\/09\/bees-orion-960x960.jpg 960w, https:\/\/desbougiespournagel.fr\/wp-content\/uploads\/2024\/09\/bees-orion-300x300.jpg 300w, https:\/\/desbougiespournagel.fr\/wp-content\/uploads\/2024\/09\/bees-orion-1024x1024.jpg 1024w, https:\/\/desbougiespournagel.fr\/wp-content\/uploads\/2024\/09\/bees-orion-150x150.jpg 150w, https:\/\/desbougiespournagel.fr\/wp-content\/uploads\/2024\/09\/bees-orion-768x768.jpg 768w, https:\/\/desbougiespournagel.fr\/wp-content\/uploads\/2024\/09\/bees-orion-75x75.jpg 75w, https:\/\/desbougiespournagel.fr\/wp-content\/uploads\/2024\/09\/bees-orion-60x60.jpg 60w, https:\/\/desbougiespournagel.fr\/wp-content\/uploads\/2024\/09\/bees-orion-90x90.jpg 90w\" sizes=\"(max-width: 1428px) 100vw, 1428px\" \/>\t\t\t\t\t\t\t\t<\/a>\n\t\t\t\t\t\t\t\t\t\t\t\t\t\t\t<\/div>\n\t\t\t\t<\/div>\n\t\t\t\t\t<\/div>\n\t\t<\/div>\n\t\t\t\t\t<\/div>\n\t\t<\/section>\n\t\t\t\t<section class=\"elementor-section elementor-top-section elementor-element elementor-element-da32e16 elementor-section-boxed elementor-section-height-default elementor-section-height-default\" data-id=\"da32e16\" data-element_type=\"section\">\n\t\t\t\t\t\t<div class=\"elementor-container elementor-column-gap-default\">\n\t\t\t\t\t<div class=\"elementor-column elementor-col-50 elementor-top-column elementor-element elementor-element-f56e1bc\" data-id=\"f56e1bc\" data-element_type=\"column\">\n\t\t\t<div class=\"elementor-widget-wrap elementor-element-populated\">\n\t\t\t\t\t\t<div class=\"elementor-element elementor-element-2599f41 elementor-widget__width-initial elementor-widget elementor-widget-text-editor\" data-id=\"2599f41\" data-element_type=\"widget\" data-widget_type=\"text-editor.default\">\n\t\t\t\t<div class=\"elementor-widget-container\">\n\t\t\t\t\t\t\t\t\t<p><strong>Wie wird es gemacht?<\/strong><\/p>\n<p>Unsere Bees- und Orion-Kerzen werden aus gereinigtem Bienenwachs hergestellt, das von einem Lieferanten bezogen wird, der weniger als 80 km von unserer Werkstatt entfernt ist.<\/p>\n<p>Er kommt in Form von kleinen Sp\u00e4nen, die wir im Wasserbad schmelzen.<\/p>\n<p>Nachdem wir einen Baumwolldocht in unsere Formen eingelegt und zentriert haben, gie\u00dfen wir das geschmolzene Wachs in die Formen.<\/p>\n<p>Sobald das Wachs abgek\u00fchlt ist, l\u00f6sen wir die Kerzen aus der Form, schneiden den Docht ab und schr\u00e4gen die Basis an, um eine perfekte Anpassung an Ihre modularen Vintage-Kerzenhalter zu gew\u00e4hrleisten!<\/p>\t\t\t\t\t\t\t\t<\/div>\n\t\t\t\t<\/div>\n\t\t\t\t\t<\/div>\n\t\t<\/div>\n\t\t\t\t<div class=\"elementor-column elementor-col-50 elementor-top-column elementor-element elementor-element-7604654\" data-id=\"7604654\" data-element_type=\"column\">\n\t\t\t<div class=\"elementor-widget-wrap elementor-element-populated\">\n\t\t\t\t\t\t<div class=\"elementor-element elementor-element-0961e24 elementor-arrows-position-inside elementor-pagination-position-outside elementor-widget elementor-widget-image-carousel\" data-id=\"0961e24\" data-element_type=\"widget\" data-settings=\"{&quot;slides_to_show&quot;:&quot;1&quot;,&quot;navigation&quot;:&quot;both&quot;,&quot;autoplay&quot;:&quot;yes&quot;,&quot;pause_on_hover&quot;:&quot;yes&quot;,&quot;pause_on_interaction&quot;:&quot;yes&quot;,&quot;autoplay_speed&quot;:5000,&quot;infinite&quot;:&quot;yes&quot;,&quot;effect&quot;:&quot;slide&quot;,&quot;speed&quot;:500}\" data-widget_type=\"image-carousel.default\">\n\t\t\t\t<div class=\"elementor-widget-container\">\n\t\t\t\t\t\t\t<div class=\"elementor-image-carousel-wrapper swiper\" role=\"region\" aria-roledescription=\"carousel\" aria-label=\"Bild Karussell\" dir=\"ltr\">\n\t\t\t<div class=\"elementor-image-carousel swiper-wrapper\" aria-live=\"off\">\n\t\t\t\t\t\t\t\t<div class=\"swiper-slide\" role=\"group\" aria-roledescription=\"slide\" aria-label=\"1 von 6\"><figure class=\"swiper-slide-inner\"><img decoding=\"async\" class=\"swiper-slide-image\" src=\"https:\/\/desbougiespournagel.fr\/wp-content\/uploads\/2024\/02\/cire_copeaux-300x300.jpg\" alt=\"Wachs in Sp\u00e4nen\" \/><figcaption class=\"elementor-image-carousel-caption\">Wachs in Sp\u00e4nen<\/figcaption><\/figure><\/div><div class=\"swiper-slide\" role=\"group\" aria-roledescription=\"slide\" aria-label=\"2 von 6\"><figure class=\"swiper-slide-inner\"><img decoding=\"async\" class=\"swiper-slide-image\" src=\"https:\/\/desbougiespournagel.fr\/wp-content\/uploads\/2024\/02\/cire_fondue-300x300.jpg\" alt=\"Geschmolzenes Wachs\" \/><figcaption class=\"elementor-image-carousel-caption\">Geschmolzenes Wachs<\/figcaption><\/figure><\/div><div class=\"swiper-slide\" role=\"group\" aria-roledescription=\"slide\" aria-label=\"3 von 6\"><figure class=\"swiper-slide-inner\"><img decoding=\"async\" class=\"swiper-slide-image\" src=\"https:\/\/desbougiespournagel.fr\/wp-content\/uploads\/2024\/02\/moule1-300x300.jpg\" alt=\"Vorbereitete Form mit Dochten\" \/><figcaption class=\"elementor-image-carousel-caption\">Vorbereitete Form mit Dochten<\/figcaption><\/figure><\/div><div class=\"swiper-slide\" role=\"group\" aria-roledescription=\"slide\" aria-label=\"4 von 6\"><figure class=\"swiper-slide-inner\"><img decoding=\"async\" class=\"swiper-slide-image\" src=\"https:\/\/desbougiespournagel.fr\/wp-content\/uploads\/2024\/02\/moule2-300x300.jpg\" alt=\"In die Form gegossenes Wachs\" \/><figcaption class=\"elementor-image-carousel-caption\">In die Form gegossenes Wachs<\/figcaption><\/figure><\/div><div class=\"swiper-slide\" role=\"group\" aria-roledescription=\"slide\" aria-label=\"5 von 6\"><figure class=\"swiper-slide-inner\"><img decoding=\"async\" class=\"swiper-slide-image\" src=\"https:\/\/desbougiespournagel.fr\/wp-content\/uploads\/2024\/02\/bougies_brutes-148x300.jpg\" alt=\"Rohe Kerzen nach der Entformung\" \/><figcaption class=\"elementor-image-carousel-caption\">Rohe Kerzen nach der Entformung<\/figcaption><\/figure><\/div><div class=\"swiper-slide\" role=\"group\" aria-roledescription=\"slide\" aria-label=\"6 von 6\"><figure class=\"swiper-slide-inner\"><img decoding=\"async\" class=\"swiper-slide-image\" src=\"https:\/\/desbougiespournagel.fr\/wp-content\/uploads\/2024\/02\/restes-300x300.jpg\" alt=\"Keine Verschwendung, die Reste werden neu gegr\u00fcndet\" \/><figcaption class=\"elementor-image-carousel-caption\">Keine Verschwendung, die Reste werden neu gegr\u00fcndet<\/figcaption><\/figure><\/div>\t\t\t<\/div>\n\t\t\t\t\t\t\t\t\t\t\t\t<div class=\"elementor-swiper-button elementor-swiper-button-prev\" role=\"button\" tabindex=\"0\">\n\t\t\t\t\t\t<i aria-hidden=\"true\" class=\"eicon-chevron-left\"><\/i>\t\t\t\t\t<\/div>\n\t\t\t\t\t<div class=\"elementor-swiper-button elementor-swiper-button-next\" role=\"button\" tabindex=\"0\">\n\t\t\t\t\t\t<i aria-hidden=\"true\" class=\"eicon-chevron-right\"><\/i>\t\t\t\t\t<\/div>\n\t\t\t\t\n\t\t\t\t\t\t\t\t\t<div class=\"swiper-pagination\"><\/div>\n\t\t\t\t\t\t\t\t\t<\/div>\n\t\t\t\t\t\t<\/div>\n\t\t\t\t<\/div>\n\t\t\t\t\t<\/div>\n\t\t<\/div>\n\t\t\t\t\t<\/div>\n\t\t<\/section>\n\t\t\t\t<\/div>\n\t\t","protected":false},"excerpt":{"rendered":"<p>12 Kerzen aus reinem Bienenwachs f\u00fcr BMF Orion Kerzenhalter, die in unserem Atelier in Stra\u00dfburg handgefertigt werden.<\/p>\n<p>Durchmesser ca. 10mm.<\/p>\n<p>Das Bienenwachs wurde durch eine UV-Behandlung gebleicht, ohne chemische Zus\u00e4tze!<\/p>\n<p><strong>Bitte beachten Sie, dass diese Kerzen nur mit den BMF Orion Kerzenhaltern <a href=\"https:\/\/desbougiespournagel.fr\/de\/kompatible-modelle\/\">kompatibel<\/a> sind.<\/strong><\/p>\n<p>F\u00fcr andere Kerzenhalter, insbesondere Nagel, STOFF, BMF &#8222;Combi-leuchter&#8220;, Quist, finden Sie kompatible Kerzen auf der Seite <a href=\"https:\/\/desbougiespournagel.fr\/de\/die-kerzen\/\">&#8222;Kerzen&#8220;<\/a>.<\/p>\n<p>Nach einer kleinen Umgestaltung der Basis von Hand k\u00f6nnen diese Kerzen auch auf den Kerzenhaltern von Jens Quistgaard, die von Dansk Design herausgegeben werden, verwendet werden.<\/p>\n<p><a href=\"https:\/\/desbougiespournagel.fr\/produit\/bougies-bees\/#longue\">Weitere Informationen<\/a><\/p>\n","protected":false},"featured_media":71830,"template":"","meta":[],"product_brand":[],"product_cat":[190],"product_tag":[],"class_list":{"0":"post-71829","1":"product","2":"type-product","3":"status-publish","4":"has-post-thumbnail","6":"product_cat-die-kerzen","8":"first","9":"instock","10":"shipping-taxable","11":"purchasable","12":"product-type-simple"},"yoast_head":"<!-- This site is optimized with the Yoast SEO plugin v19.7.1 - https:\/\/yoast.com\/wordpress\/plugins\/seo\/ -->\n<title>12 BMF Orion-Kerzen - Wei\u00df - Des bougies pour Nagel<\/title>\n<meta name=\"robots\" content=\"index, follow, max-snippet:-1, max-image-preview:large, max-video-preview:-1\" \/>\n<link rel=\"canonical\" href=\"https:\/\/desbougiespournagel.fr\/produit\/12-bougies-bmf-orion-blanc\/\" \/>\n<meta property=\"og:locale\" content=\"de_DE\" \/>\n<meta property=\"og:type\" content=\"article\" \/>\n<meta property=\"og:title\" content=\"12 BMF Orion-Kerzen - Wei\u00df - Des bougies pour Nagel\" \/>\n<meta property=\"og:description\" content=\"12 Kerzen aus reinem Bienenwachs f\u00fcr BMF Orion Kerzenhalter, die in unserem Atelier in Stra\u00dfburg handgefertigt werden. Durchmesser ca. 10mm. Das Bienenwachs wurde durch eine UV-Behandlung gebleicht, ohne chemische Zus\u00e4tze! Bitte beachten Sie, dass diese Kerzen nur mit den BMF Orion Kerzenhaltern kompatibel sind. F\u00fcr andere Kerzenhalter, insbesondere Nagel, STOFF, BMF &quot;Combi-leuchter&quot;, Quist, finden Sie kompatible Kerzen auf der Seite &quot;Kerzen&quot;. Nach einer kleinen Umgestaltung der Basis von Hand k\u00f6nnen diese Kerzen auch auf den Kerzenhaltern von Jens Quistgaard, die von Dansk Design herausgegeben werden, verwendet werden. Weitere Informationen\" \/>\n<meta property=\"og:url\" content=\"https:\/\/desbougiespournagel.fr\/produit\/12-bougies-bmf-orion-blanc\/\" \/>\n<meta property=\"og:site_name\" content=\"Des bougies pour Nagel\" \/>\n<meta property=\"article:modified_time\" content=\"2026-02-11T11:57:49+00:00\" \/>\n<meta property=\"og:image\" content=\"https:\/\/desbougiespournagel.fr\/wp-content\/uploads\/2024\/09\/bees-orion.jpg\" \/>\n\t<meta property=\"og:image:width\" content=\"1428\" \/>\n\t<meta property=\"og:image:height\" content=\"1428\" \/>\n\t<meta property=\"og:image:type\" content=\"image\/jpeg\" \/>\n<meta name=\"twitter:card\" content=\"summary_large_image\" \/>\n<script type=\"application\/ld+json\" class=\"yoast-schema-graph\">{\"@context\":\"https:\/\/schema.org\",\"@graph\":[{\"@type\":\"WebPage\",\"@id\":\"https:\/\/desbougiespournagel.fr\/produit\/12-bougies-bmf-orion-blanc\/\",\"url\":\"https:\/\/desbougiespournagel.fr\/produit\/12-bougies-bmf-orion-blanc\/\",\"name\":\"12 BMF Orion-Kerzen - Wei\u00df - Des bougies pour Nagel\",\"isPartOf\":{\"@id\":\"https:\/\/desbougiespournagel.fr\/#website\"},\"datePublished\":\"2025-10-07T10:33:07+00:00\",\"dateModified\":\"2026-02-11T11:57:49+00:00\",\"breadcrumb\":{\"@id\":\"https:\/\/desbougiespournagel.fr\/produit\/12-bougies-bmf-orion-blanc\/#breadcrumb\"},\"inLanguage\":\"de\",\"potentialAction\":[{\"@type\":\"ReadAction\",\"target\":[\"https:\/\/desbougiespournagel.fr\/produit\/12-bougies-bmf-orion-blanc\/\"]}]},{\"@type\":\"BreadcrumbList\",\"@id\":\"https:\/\/desbougiespournagel.fr\/produit\/12-bougies-bmf-orion-blanc\/#breadcrumb\",\"itemListElement\":[{\"@type\":\"ListItem\",\"position\":1,\"name\":\"Accueil\",\"item\":\"https:\/\/desbougiespournagel.fr\/de\/startseite\/\"},{\"@type\":\"ListItem\",\"position\":2,\"name\":\"Shop\",\"item\":\"https:\/\/desbougiespournagel.fr\/de\/shop\/\"},{\"@type\":\"ListItem\",\"position\":3,\"name\":\"12 BMF Orion-Kerzen &#8211; Wei\u00df\"}]},{\"@type\":\"WebSite\",\"@id\":\"https:\/\/desbougiespournagel.fr\/#website\",\"url\":\"https:\/\/desbougiespournagel.fr\/\",\"name\":\"Des bougies pour Nagel\",\"description\":\"Bougeoirs modulables vintage Nagel, STOFF, BMF et bougies compatibles\",\"publisher\":{\"@id\":\"https:\/\/desbougiespournagel.fr\/#organization\"},\"potentialAction\":[{\"@type\":\"SearchAction\",\"target\":{\"@type\":\"EntryPoint\",\"urlTemplate\":\"https:\/\/desbougiespournagel.fr\/?s={search_term_string}\"},\"query-input\":\"required name=search_term_string\"}],\"inLanguage\":\"de\"},{\"@type\":\"Organization\",\"@id\":\"https:\/\/desbougiespournagel.fr\/#organization\",\"name\":\"Des bougies pour Nagel\",\"url\":\"https:\/\/desbougiespournagel.fr\/\",\"sameAs\":[],\"logo\":{\"@type\":\"ImageObject\",\"inLanguage\":\"de\",\"@id\":\"https:\/\/desbougiespournagel.fr\/#\/schema\/logo\/image\/\",\"url\":\"https:\/\/desbougiespournagel.fr\/wp-content\/uploads\/2019\/10\/logo-dbpn-300.png\",\"contentUrl\":\"https:\/\/desbougiespournagel.fr\/wp-content\/uploads\/2019\/10\/logo-dbpn-300.png\",\"width\":300,\"height\":191,\"caption\":\"Des bougies pour Nagel\"},\"image\":{\"@id\":\"https:\/\/desbougiespournagel.fr\/#\/schema\/logo\/image\/\"}}]}<\/script>\n<!-- \/ Yoast SEO plugin. -->","yoast_head_json":{"title":"12 BMF Orion-Kerzen - Wei\u00df - Des bougies pour Nagel","robots":{"index":"index","follow":"follow","max-snippet":"max-snippet:-1","max-image-preview":"max-image-preview:large","max-video-preview":"max-video-preview:-1"},"canonical":"https:\/\/desbougiespournagel.fr\/produit\/12-bougies-bmf-orion-blanc\/","og_locale":"de_DE","og_type":"article","og_title":"12 BMF Orion-Kerzen - Wei\u00df - Des bougies pour Nagel","og_description":"12 Kerzen aus reinem Bienenwachs f\u00fcr BMF Orion Kerzenhalter, die in unserem Atelier in Stra\u00dfburg handgefertigt werden. Durchmesser ca. 10mm. Das Bienenwachs wurde durch eine UV-Behandlung gebleicht, ohne chemische Zus\u00e4tze! Bitte beachten Sie, dass diese Kerzen nur mit den BMF Orion Kerzenhaltern kompatibel sind. F\u00fcr andere Kerzenhalter, insbesondere Nagel, STOFF, BMF \"Combi-leuchter\", Quist, finden Sie kompatible Kerzen auf der Seite \"Kerzen\". Nach einer kleinen Umgestaltung der Basis von Hand k\u00f6nnen diese Kerzen auch auf den Kerzenhaltern von Jens Quistgaard, die von Dansk Design herausgegeben werden, verwendet werden. Weitere Informationen","og_url":"https:\/\/desbougiespournagel.fr\/produit\/12-bougies-bmf-orion-blanc\/","og_site_name":"Des bougies pour Nagel","article_modified_time":"2026-02-11T11:57:49+00:00","og_image":[{"width":1428,"height":1428,"url":"https:\/\/desbougiespournagel.fr\/wp-content\/uploads\/2024\/09\/bees-orion.jpg","type":"image\/jpeg"}],"twitter_card":"summary_large_image","schema":{"@context":"https:\/\/schema.org","@graph":[{"@type":"WebPage","@id":"https:\/\/desbougiespournagel.fr\/produit\/12-bougies-bmf-orion-blanc\/","url":"https:\/\/desbougiespournagel.fr\/produit\/12-bougies-bmf-orion-blanc\/","name":"12 BMF Orion-Kerzen - Wei\u00df - Des bougies pour Nagel","isPartOf":{"@id":"https:\/\/desbougiespournagel.fr\/#website"},"datePublished":"2025-10-07T10:33:07+00:00","dateModified":"2026-02-11T11:57:49+00:00","breadcrumb":{"@id":"https:\/\/desbougiespournagel.fr\/produit\/12-bougies-bmf-orion-blanc\/#breadcrumb"},"inLanguage":"de","potentialAction":[{"@type":"ReadAction","target":["https:\/\/desbougiespournagel.fr\/produit\/12-bougies-bmf-orion-blanc\/"]}]},{"@type":"BreadcrumbList","@id":"https:\/\/desbougiespournagel.fr\/produit\/12-bougies-bmf-orion-blanc\/#breadcrumb","itemListElement":[{"@type":"ListItem","position":1,"name":"Accueil","item":"https:\/\/desbougiespournagel.fr\/de\/startseite\/"},{"@type":"ListItem","position":2,"name":"Shop","item":"https:\/\/desbougiespournagel.fr\/de\/shop\/"},{"@type":"ListItem","position":3,"name":"12 BMF Orion-Kerzen &#8211; Wei\u00df"}]},{"@type":"WebSite","@id":"https:\/\/desbougiespournagel.fr\/#website","url":"https:\/\/desbougiespournagel.fr\/","name":"Des bougies pour Nagel","description":"Bougeoirs modulables vintage Nagel, STOFF, BMF et bougies compatibles","publisher":{"@id":"https:\/\/desbougiespournagel.fr\/#organization"},"potentialAction":[{"@type":"SearchAction","target":{"@type":"EntryPoint","urlTemplate":"https:\/\/desbougiespournagel.fr\/?s={search_term_string}"},"query-input":"required name=search_term_string"}],"inLanguage":"de"},{"@type":"Organization","@id":"https:\/\/desbougiespournagel.fr\/#organization","name":"Des bougies pour Nagel","url":"https:\/\/desbougiespournagel.fr\/","sameAs":[],"logo":{"@type":"ImageObject","inLanguage":"de","@id":"https:\/\/desbougiespournagel.fr\/#\/schema\/logo\/image\/","url":"https:\/\/desbougiespournagel.fr\/wp-content\/uploads\/2019\/10\/logo-dbpn-300.png","contentUrl":"https:\/\/desbougiespournagel.fr\/wp-content\/uploads\/2019\/10\/logo-dbpn-300.png","width":300,"height":191,"caption":"Des bougies pour Nagel"},"image":{"@id":"https:\/\/desbougiespournagel.fr\/#\/schema\/logo\/image\/"}}]}},"_links":{"self":[{"href":"https:\/\/desbougiespournagel.fr\/de\/wp-json\/wp\/v2\/product\/71829","targetHints":{"allow":["GET"]}}],"collection":[{"href":"https:\/\/desbougiespournagel.fr\/de\/wp-json\/wp\/v2\/product"}],"about":[{"href":"https:\/\/desbougiespournagel.fr\/de\/wp-json\/wp\/v2\/types\/product"}],"version-history":[{"count":2,"href":"https:\/\/desbougiespournagel.fr\/de\/wp-json\/wp\/v2\/product\/71829\/revisions"}],"predecessor-version":[{"id":75532,"href":"https:\/\/desbougiespournagel.fr\/de\/wp-json\/wp\/v2\/product\/71829\/revisions\/75532"}],"wp:featuredmedia":[{"embeddable":true,"href":"https:\/\/desbougiespournagel.fr\/de\/wp-json\/wp\/v2\/media\/71830"}],"wp:attachment":[{"href":"https:\/\/desbougiespournagel.fr\/de\/wp-json\/wp\/v2\/media?parent=71829"}],"wp:term":[{"taxonomy":"product_brand","embeddable":true,"href":"https:\/\/desbougiespournagel.fr\/de\/wp-json\/wp\/v2\/product_brand?post=71829"},{"taxonomy":"product_cat","embeddable":true,"href":"https:\/\/desbougiespournagel.fr\/de\/wp-json\/wp\/v2\/product_cat?post=71829"},{"taxonomy":"product_tag","embeddable":true,"href":"https:\/\/desbougiespournagel.fr\/de\/wp-json\/wp\/v2\/product_tag?post=71829"}],"curies":[{"name":"wp","href":"https:\/\/api.w.org\/{rel}","templated":true}]}}