{"id":72171,"date":"2025-10-07T12:40:08","date_gmt":"2025-10-07T10:40:08","guid":{"rendered":"https:\/\/desbougiespournagel.fr\/product\/6-stoff-kerzen-champagner\/"},"modified":"2025-10-07T12:40:10","modified_gmt":"2025-10-07T10:40:10","slug":"6-stoff-kerzen-champagner","status":"publish","type":"product","link":"https:\/\/desbougiespournagel.fr\/de\/product\/6-stoff-kerzen-champagner\/","title":{"rendered":"6 STOFF-Kerzen &#8211; Champagner"},"content":{"rendered":"\t\t<div data-elementor-type=\"product-post\" data-elementor-id=\"72171\" class=\"elementor elementor-72171 elementor-51654\" data-elementor-post-type=\"product\">\n\t\t\t\t\t\t<section class=\"elementor-section elementor-top-section elementor-element elementor-element-2782591 elementor-section-content-middle elementor-reverse-mobile elementor-section-boxed elementor-section-height-default elementor-section-height-default\" data-id=\"2782591\" data-element_type=\"section\">\n\t\t\t\t\t\t<div class=\"elementor-container elementor-column-gap-default\">\n\t\t\t\t\t<div class=\"elementor-column elementor-col-50 elementor-top-column elementor-element elementor-element-d152d43\" data-id=\"d152d43\" data-element_type=\"column\">\n\t\t\t<div class=\"elementor-widget-wrap elementor-element-populated\">\n\t\t\t\t\t\t<section class=\"elementor-section elementor-inner-section elementor-element elementor-element-d3e6be4 elementor-section-boxed elementor-section-height-default elementor-section-height-default\" data-id=\"d3e6be4\" data-element_type=\"section\">\n\t\t\t\t\t\t<div class=\"elementor-container elementor-column-gap-default\">\n\t\t\t\t\t<div class=\"elementor-column elementor-col-100 elementor-inner-column elementor-element elementor-element-87fc910\" data-id=\"87fc910\" data-element_type=\"column\">\n\t\t\t<div class=\"elementor-widget-wrap elementor-element-populated\">\n\t\t\t\t\t\t<div class=\"elementor-element elementor-element-640e7e6 elementor-widget elementor-widget-text-editor\" data-id=\"640e7e6\" data-element_type=\"widget\" data-widget_type=\"text-editor.default\">\n\t\t\t\t<div class=\"elementor-widget-container\">\n\t\t\t\t\t\t\t\t\t<p>Neue Kerzen passend f\u00fcr Ihre Kerzenhalter aus den 70er Jahren von Nagel, STOFF, BMF oder Quist.<\/p><p>Diese Kerzen werden in D\u00e4nemark von dem Familienunternehmen Ester &amp; Erik in Handarbeit mit einer traditionellen Tauchtechnik hergestellt.<br>Die Kerzen tropfen nicht und die Flamme ist konstant (kein Flackereffekt)<span style=\"background-color: transparent; font-size: 1rem;\"> <\/span><span style=\"background-color: transparent; font-size: 1rem;\">und erl\u00f6schen automatisch<\/span>.<\/p><p>Nur in geschlossenen R\u00e4umen und vor Zugluft gesch\u00fctzt verwenden, nicht der Sonne aussetzen und nicht in der N\u00e4he von W\u00e4rmequellen aufbewahren.<\/p><p>Kompatibel mit allen Ihren Nagel S22, STOFF, BMF &#8222;Combi-leuchter&#8220;, Quist, Hammonia Motard Kerzenhaltern. Die Kerzen wurden speziell f\u00fcr diese Kerzenhalter entworfen. <br><a href=\"https:\/\/desbougiespournagel.fr\/de\/kompatible-modelle\/\">Hier finden Sie eine Liste der Modelle, die mit Fotos kompatibel sind.<\/a><\/p><p><span style=\"font-weight: bold;\">Abmessungen<\/span><br><span style=\"background-color: transparent; font-size: 1rem;\">L\u00e4nge: 29 cm Durchmesser: 13 mm<\/span><\/p><p><span style=\"font-weight: bold;\">Brenndauer<br><\/span>Ca. 3 Stunden<\/p><p><span style=\"font-weight: bold;\">Finish<br><\/span>Mate<\/p>\t\t\t\t\t\t\t\t<\/div>\n\t\t\t\t<\/div>\n\t\t\t\t<div class=\"elementor-element elementor-element-17232e1 elementor-widget elementor-widget-image\" data-id=\"17232e1\" data-element_type=\"widget\" data-widget_type=\"image.default\">\n\t\t\t\t<div class=\"elementor-widget-container\">\n\t\t\t\t\t\t\t\t\t\t\t\t\t\t\t<img fetchpriority=\"high\" decoding=\"async\" width=\"800\" height=\"720\" src=\"https:\/\/desbougiespournagel.fr\/wp-content\/uploads\/2021\/11\/studio_aw21campaign_family-and-champagne-candles_chrome-crop-1024x921.jpg\" class=\"attachment-large size-large wp-image-73127\" alt=\"\" srcset=\"https:\/\/desbougiespournagel.fr\/wp-content\/uploads\/2021\/11\/studio_aw21campaign_family-and-champagne-candles_chrome-crop-1024x921.jpg 1024w, https:\/\/desbougiespournagel.fr\/wp-content\/uploads\/2021\/11\/studio_aw21campaign_family-and-champagne-candles_chrome-crop-125x112.jpg 125w, https:\/\/desbougiespournagel.fr\/wp-content\/uploads\/2021\/11\/studio_aw21campaign_family-and-champagne-candles_chrome-crop-960x864.jpg 960w, https:\/\/desbougiespournagel.fr\/wp-content\/uploads\/2021\/11\/studio_aw21campaign_family-and-champagne-candles_chrome-crop-300x270.jpg 300w, https:\/\/desbougiespournagel.fr\/wp-content\/uploads\/2021\/11\/studio_aw21campaign_family-and-champagne-candles_chrome-crop-768x691.jpg 768w, https:\/\/desbougiespournagel.fr\/wp-content\/uploads\/2021\/11\/studio_aw21campaign_family-and-champagne-candles_chrome-crop.jpg 1493w\" sizes=\"(max-width: 800px) 100vw, 800px\" \/>\t\t\t\t\t\t\t\t\t\t\t\t\t\t\t<\/div>\n\t\t\t\t<\/div>\n\t\t\t\t\t<\/div>\n\t\t<\/div>\n\t\t\t\t\t<\/div>\n\t\t<\/section>\n\t\t\t\t\t<\/div>\n\t\t<\/div>\n\t\t\t\t<div class=\"elementor-column elementor-col-50 elementor-top-column elementor-element elementor-element-91a4f2e\" data-id=\"91a4f2e\" data-element_type=\"column\">\n\t\t\t<div class=\"elementor-widget-wrap elementor-element-populated\">\n\t\t\t\t\t\t<div class=\"elementor-element elementor-element-e45c470 elementor-widget elementor-widget-image\" data-id=\"e45c470\" data-element_type=\"widget\" data-widget_type=\"image.default\">\n\t\t\t\t<div class=\"elementor-widget-container\">\n\t\t\t\t\t\t\t\t\t\t\t\t\t\t\t<img decoding=\"async\" width=\"683\" height=\"1024\" src=\"https:\/\/desbougiespournagel.fr\/wp-content\/uploads\/2021\/11\/Stoff-Nagel-9_cropped-compressed-683x1024.jpg\" class=\"attachment-large size-large wp-image-73128\" alt=\"\" srcset=\"https:\/\/desbougiespournagel.fr\/wp-content\/uploads\/2021\/11\/Stoff-Nagel-9_cropped-compressed-683x1024.jpg 683w, https:\/\/desbougiespournagel.fr\/wp-content\/uploads\/2021\/11\/Stoff-Nagel-9_cropped-compressed-83x125.jpg 83w, https:\/\/desbougiespournagel.fr\/wp-content\/uploads\/2021\/11\/Stoff-Nagel-9_cropped-compressed-960x1440.jpg 960w, https:\/\/desbougiespournagel.fr\/wp-content\/uploads\/2021\/11\/Stoff-Nagel-9_cropped-compressed-200x300.jpg 200w, https:\/\/desbougiespournagel.fr\/wp-content\/uploads\/2021\/11\/Stoff-Nagel-9_cropped-compressed-768x1152.jpg 768w, https:\/\/desbougiespournagel.fr\/wp-content\/uploads\/2021\/11\/Stoff-Nagel-9_cropped-compressed.jpg 1000w\" sizes=\"(max-width: 683px) 100vw, 683px\" \/>\t\t\t\t\t\t\t\t\t\t\t\t\t\t\t<\/div>\n\t\t\t\t<\/div>\n\t\t\t\t\t<\/div>\n\t\t<\/div>\n\t\t\t\t\t<\/div>\n\t\t<\/section>\n\t\t\t\t<\/div>\n\t\t","protected":false},"excerpt":{"rendered":"<p>Packung mit 6 Kerzen f\u00fcr Ihre Kerzenhalter aus den 70er Jahren von Nagel, BMF oder Quist und die STOFF Neuauflagen der Nagel Kerzenhalter.<\/p>\n","protected":false},"featured_media":72173,"template":"","meta":[],"product_brand":[],"product_cat":[190,240],"product_tag":[241],"class_list":{"0":"post-72171","1":"product","2":"type-product","3":"status-publish","4":"has-post-thumbnail","6":"product_cat-die-kerzen","7":"product_cat-stoff-kerzen","8":"product_tag-stoff-de","10":"first","11":"outofstock","12":"shipping-taxable","13":"purchasable","14":"product-type-simple"},"yoast_head":"<!-- This site is optimized with the Yoast SEO plugin v19.7.1 - https:\/\/yoast.com\/wordpress\/plugins\/seo\/ -->\n<title>6 STOFF-Kerzen - Champagner - Des bougies pour Nagel<\/title>\n<meta name=\"robots\" content=\"index, follow, max-snippet:-1, max-image-preview:large, max-video-preview:-1\" \/>\n<link rel=\"canonical\" href=\"https:\/\/desbougiespournagel.fr\/de\/product\/6-stoff-kerzen-champagner\/\" \/>\n<meta property=\"og:locale\" content=\"de_DE\" \/>\n<meta property=\"og:type\" content=\"article\" \/>\n<meta property=\"og:title\" content=\"6 STOFF-Kerzen - Champagner - Des bougies pour Nagel\" \/>\n<meta property=\"og:description\" content=\"Packung mit 6 Kerzen f\u00fcr Ihre Kerzenhalter aus den 70er Jahren von Nagel, BMF oder Quist und die STOFF Neuauflagen der Nagel Kerzenhalter.\" \/>\n<meta property=\"og:url\" content=\"https:\/\/desbougiespournagel.fr\/de\/product\/6-stoff-kerzen-champagner\/\" \/>\n<meta property=\"og:site_name\" content=\"Des bougies pour Nagel\" \/>\n<meta property=\"article:modified_time\" content=\"2025-10-07T10:40:10+00:00\" \/>\n<meta property=\"og:image\" content=\"https:\/\/desbougiespournagel.fr\/wp-content\/uploads\/2021\/11\/ester_94-champagne.png\" \/>\n\t<meta property=\"og:image:width\" content=\"1000\" \/>\n\t<meta property=\"og:image:height\" content=\"1000\" \/>\n\t<meta property=\"og:image:type\" content=\"image\/png\" \/>\n<meta name=\"twitter:card\" content=\"summary_large_image\" \/>\n<script type=\"application\/ld+json\" class=\"yoast-schema-graph\">{\"@context\":\"https:\/\/schema.org\",\"@graph\":[{\"@type\":\"WebPage\",\"@id\":\"https:\/\/desbougiespournagel.fr\/de\/product\/6-stoff-kerzen-champagner\/\",\"url\":\"https:\/\/desbougiespournagel.fr\/de\/product\/6-stoff-kerzen-champagner\/\",\"name\":\"6 STOFF-Kerzen - Champagner - Des bougies pour Nagel\",\"isPartOf\":{\"@id\":\"https:\/\/desbougiespournagel.fr\/#website\"},\"datePublished\":\"2025-10-07T10:40:08+00:00\",\"dateModified\":\"2025-10-07T10:40:10+00:00\",\"breadcrumb\":{\"@id\":\"https:\/\/desbougiespournagel.fr\/de\/product\/6-stoff-kerzen-champagner\/#breadcrumb\"},\"inLanguage\":\"de\",\"potentialAction\":[{\"@type\":\"ReadAction\",\"target\":[\"https:\/\/desbougiespournagel.fr\/de\/product\/6-stoff-kerzen-champagner\/\"]}]},{\"@type\":\"BreadcrumbList\",\"@id\":\"https:\/\/desbougiespournagel.fr\/de\/product\/6-stoff-kerzen-champagner\/#breadcrumb\",\"itemListElement\":[{\"@type\":\"ListItem\",\"position\":1,\"name\":\"Accueil\",\"item\":\"https:\/\/desbougiespournagel.fr\/de\/startseite\/\"},{\"@type\":\"ListItem\",\"position\":2,\"name\":\"Shop\",\"item\":\"https:\/\/desbougiespournagel.fr\/de\/shop\/\"},{\"@type\":\"ListItem\",\"position\":3,\"name\":\"6 STOFF-Kerzen &#8211; Champagner\"}]},{\"@type\":\"WebSite\",\"@id\":\"https:\/\/desbougiespournagel.fr\/#website\",\"url\":\"https:\/\/desbougiespournagel.fr\/\",\"name\":\"Des bougies pour Nagel\",\"description\":\"Bougeoirs modulables vintage Nagel, STOFF, BMF et bougies compatibles\",\"publisher\":{\"@id\":\"https:\/\/desbougiespournagel.fr\/#organization\"},\"potentialAction\":[{\"@type\":\"SearchAction\",\"target\":{\"@type\":\"EntryPoint\",\"urlTemplate\":\"https:\/\/desbougiespournagel.fr\/?s={search_term_string}\"},\"query-input\":\"required name=search_term_string\"}],\"inLanguage\":\"de\"},{\"@type\":\"Organization\",\"@id\":\"https:\/\/desbougiespournagel.fr\/#organization\",\"name\":\"Des bougies pour Nagel\",\"url\":\"https:\/\/desbougiespournagel.fr\/\",\"sameAs\":[],\"logo\":{\"@type\":\"ImageObject\",\"inLanguage\":\"de\",\"@id\":\"https:\/\/desbougiespournagel.fr\/#\/schema\/logo\/image\/\",\"url\":\"https:\/\/desbougiespournagel.fr\/wp-content\/uploads\/2019\/10\/logo-dbpn-300.png\",\"contentUrl\":\"https:\/\/desbougiespournagel.fr\/wp-content\/uploads\/2019\/10\/logo-dbpn-300.png\",\"width\":300,\"height\":191,\"caption\":\"Des bougies pour Nagel\"},\"image\":{\"@id\":\"https:\/\/desbougiespournagel.fr\/#\/schema\/logo\/image\/\"}}]}<\/script>\n<!-- \/ Yoast SEO plugin. -->","yoast_head_json":{"title":"6 STOFF-Kerzen - Champagner - Des bougies pour Nagel","robots":{"index":"index","follow":"follow","max-snippet":"max-snippet:-1","max-image-preview":"max-image-preview:large","max-video-preview":"max-video-preview:-1"},"canonical":"https:\/\/desbougiespournagel.fr\/de\/product\/6-stoff-kerzen-champagner\/","og_locale":"de_DE","og_type":"article","og_title":"6 STOFF-Kerzen - Champagner - Des bougies pour Nagel","og_description":"Packung mit 6 Kerzen f\u00fcr Ihre Kerzenhalter aus den 70er Jahren von Nagel, BMF oder Quist und die STOFF Neuauflagen der Nagel Kerzenhalter.","og_url":"https:\/\/desbougiespournagel.fr\/de\/product\/6-stoff-kerzen-champagner\/","og_site_name":"Des bougies pour Nagel","article_modified_time":"2025-10-07T10:40:10+00:00","og_image":[{"width":1000,"height":1000,"url":"https:\/\/desbougiespournagel.fr\/wp-content\/uploads\/2021\/11\/ester_94-champagne.png","type":"image\/png"}],"twitter_card":"summary_large_image","schema":{"@context":"https:\/\/schema.org","@graph":[{"@type":"WebPage","@id":"https:\/\/desbougiespournagel.fr\/de\/product\/6-stoff-kerzen-champagner\/","url":"https:\/\/desbougiespournagel.fr\/de\/product\/6-stoff-kerzen-champagner\/","name":"6 STOFF-Kerzen - Champagner - Des bougies pour Nagel","isPartOf":{"@id":"https:\/\/desbougiespournagel.fr\/#website"},"datePublished":"2025-10-07T10:40:08+00:00","dateModified":"2025-10-07T10:40:10+00:00","breadcrumb":{"@id":"https:\/\/desbougiespournagel.fr\/de\/product\/6-stoff-kerzen-champagner\/#breadcrumb"},"inLanguage":"de","potentialAction":[{"@type":"ReadAction","target":["https:\/\/desbougiespournagel.fr\/de\/product\/6-stoff-kerzen-champagner\/"]}]},{"@type":"BreadcrumbList","@id":"https:\/\/desbougiespournagel.fr\/de\/product\/6-stoff-kerzen-champagner\/#breadcrumb","itemListElement":[{"@type":"ListItem","position":1,"name":"Accueil","item":"https:\/\/desbougiespournagel.fr\/de\/startseite\/"},{"@type":"ListItem","position":2,"name":"Shop","item":"https:\/\/desbougiespournagel.fr\/de\/shop\/"},{"@type":"ListItem","position":3,"name":"6 STOFF-Kerzen &#8211; Champagner"}]},{"@type":"WebSite","@id":"https:\/\/desbougiespournagel.fr\/#website","url":"https:\/\/desbougiespournagel.fr\/","name":"Des bougies pour Nagel","description":"Bougeoirs modulables vintage Nagel, STOFF, BMF et bougies compatibles","publisher":{"@id":"https:\/\/desbougiespournagel.fr\/#organization"},"potentialAction":[{"@type":"SearchAction","target":{"@type":"EntryPoint","urlTemplate":"https:\/\/desbougiespournagel.fr\/?s={search_term_string}"},"query-input":"required name=search_term_string"}],"inLanguage":"de"},{"@type":"Organization","@id":"https:\/\/desbougiespournagel.fr\/#organization","name":"Des bougies pour Nagel","url":"https:\/\/desbougiespournagel.fr\/","sameAs":[],"logo":{"@type":"ImageObject","inLanguage":"de","@id":"https:\/\/desbougiespournagel.fr\/#\/schema\/logo\/image\/","url":"https:\/\/desbougiespournagel.fr\/wp-content\/uploads\/2019\/10\/logo-dbpn-300.png","contentUrl":"https:\/\/desbougiespournagel.fr\/wp-content\/uploads\/2019\/10\/logo-dbpn-300.png","width":300,"height":191,"caption":"Des bougies pour Nagel"},"image":{"@id":"https:\/\/desbougiespournagel.fr\/#\/schema\/logo\/image\/"}}]}},"_links":{"self":[{"href":"https:\/\/desbougiespournagel.fr\/de\/wp-json\/wp\/v2\/product\/72171","targetHints":{"allow":["GET"]}}],"collection":[{"href":"https:\/\/desbougiespournagel.fr\/de\/wp-json\/wp\/v2\/product"}],"about":[{"href":"https:\/\/desbougiespournagel.fr\/de\/wp-json\/wp\/v2\/types\/product"}],"version-history":[{"count":1,"href":"https:\/\/desbougiespournagel.fr\/de\/wp-json\/wp\/v2\/product\/72171\/revisions"}],"predecessor-version":[{"id":72175,"href":"https:\/\/desbougiespournagel.fr\/de\/wp-json\/wp\/v2\/product\/72171\/revisions\/72175"}],"wp:featuredmedia":[{"embeddable":true,"href":"https:\/\/desbougiespournagel.fr\/de\/wp-json\/wp\/v2\/media\/72173"}],"wp:attachment":[{"href":"https:\/\/desbougiespournagel.fr\/de\/wp-json\/wp\/v2\/media?parent=72171"}],"wp:term":[{"taxonomy":"product_brand","embeddable":true,"href":"https:\/\/desbougiespournagel.fr\/de\/wp-json\/wp\/v2\/product_brand?post=72171"},{"taxonomy":"product_cat","embeddable":true,"href":"https:\/\/desbougiespournagel.fr\/de\/wp-json\/wp\/v2\/product_cat?post=72171"},{"taxonomy":"product_tag","embeddable":true,"href":"https:\/\/desbougiespournagel.fr\/de\/wp-json\/wp\/v2\/product_tag?post=72171"}],"curies":[{"name":"wp","href":"https:\/\/api.w.org\/{rel}","templated":true}]}}