{"id":72242,"date":"2021-11-19T14:54:03","date_gmt":"2025-10-07T10:42:02","guid":{"rendered":"https:\/\/desbougiespournagel.fr\/product\/12-kerzen-petroleum\/"},"modified":"2025-12-12T09:14:51","modified_gmt":"2025-12-12T08:14:51","slug":"12-kerzen-petroleum","status":"publish","type":"product","link":"https:\/\/desbougiespournagel.fr\/de\/product\/12-kerzen-petroleum\/","title":{"rendered":"12 Kerzen &#8211; Petroleum"},"content":{"rendered":"\t\t<div data-elementor-type=\"product-post\" data-elementor-id=\"72242\" class=\"elementor elementor-72242 elementor-51462\" data-elementor-post-type=\"product\">\n\t\t\t\t\t\t<section class=\"elementor-section elementor-top-section elementor-element elementor-element-63fba98 elementor-section-boxed elementor-section-height-default elementor-section-height-default\" data-id=\"63fba98\" data-element_type=\"section\">\n\t\t\t\t\t\t<div class=\"elementor-container elementor-column-gap-default\">\n\t\t\t\t\t<div class=\"elementor-column elementor-col-50 elementor-top-column elementor-element elementor-element-0e0c0d8\" data-id=\"0e0c0d8\" data-element_type=\"column\">\n\t\t\t<div class=\"elementor-widget-wrap elementor-element-populated\">\n\t\t\t\t\t\t<div class=\"elementor-element elementor-element-ac54099 elementor-widget elementor-widget-text-editor\" data-id=\"ac54099\" data-element_type=\"widget\" data-widget_type=\"text-editor.default\">\n\t\t\t\t<div class=\"elementor-widget-container\">\n\t\t\t\t\t\t\t\t\t<p>Neue Kerzen f\u00fcr Ihre Kerzenhalter aus den 70er Jahren von Nagel, Stoff, BMF oder Quist, die nach Originalkerzen hergestellt wurden.<\/p><p>L\u00e4nge: 30 cm <br>Durchmesser: 12 mm<br>Brenndauer: ca. 5-6 Stunden.<\/p><p>Hergestellt in Deutschland und mit RAL-G\u00fctezeichen versehen; dies garantiert die Einhaltung von Sicherheits- und Qualit\u00e4tsstandards.<br>Die Kerzen tropfen nicht oder nur sehr wenig, rauchen nicht, die Flamme ist konstant (kein Flackereffekt).<\/p><p>Nur in geschlossenen R\u00e4umen und vor Zugluft gesch\u00fctzt verwenden, nicht der Sonne aussetzen und nicht in der N\u00e4he von W\u00e4rmequellen aufbewahren.<\/p><p>Kompatibel mit allen Kerzenhaltern von Nagel S22, Stoff, BMF &#8222;Combi-leuchter&#8220;, Quist, Hammonia Motard.<br>Die Kerzen wurden speziell f\u00fcr diese Kerzenhalter nach alten, historischen Kerzen entworfen.<br><br><\/p><p>Es ist m\u00f6glich, dass die Kerzen etwas d\u00fcnner sind als n\u00f6tig (in der Gr\u00f6\u00dfenordnung eines Zehntelmillimeters):<br>F\u00fcr einen besseren Halt der Kerzen (um zu verhindern, dass sie sich neigen oder bewegen) k\u00f6nnen Sie die von uns gelieferten Pappaufs\u00e4tze verwenden, die Sie einfach zusammenrollen und in das Loch stecken, bevor Sie die Kerze einf\u00fchren.<br><br>Diese Aufs\u00e4tze sind sehr einfach anzubringen, nach dem Einf\u00fchren der Kerze nicht mehr sichtbar und k\u00f6nnen leicht entfernt und wiederverwendet werden.<\/p>\t\t\t\t\t\t\t\t<\/div>\n\t\t\t\t<\/div>\n\t\t\t\t<div class=\"elementor-element elementor-element-6586ea7 elementor-align-center btn-arrow elementor-hidden-phone elementor-widget elementor-widget-button\" data-id=\"6586ea7\" data-element_type=\"widget\" data-widget_type=\"button.default\">\n\t\t\t\t<div class=\"elementor-widget-container\">\n\t\t\t\t\t\t\t\t\t<div class=\"elementor-button-wrapper\">\n\t\t\t\t\t<a class=\"elementor-button elementor-button-link elementor-size-sm\" href=\"https:\/\/desbougiespournagel.fr\/de\/kompatible-modelle\/\">\n\t\t\t\t\t\t<span class=\"elementor-button-content-wrapper\">\n\t\t\t\t\t\t<span class=\"elementor-button-icon\">\n\t\t\t\t<i aria-hidden=\"true\" class=\"fas fa-long-arrow-alt-right\"><\/i>\t\t\t<\/span>\n\t\t\t\t\t\t\t\t\t<span class=\"elementor-button-text\">Kompatible Kerzenhalter ansehen<\/span>\n\t\t\t\t\t<\/span>\n\t\t\t\t\t<\/a>\n\t\t\t\t<\/div>\n\t\t\t\t\t\t\t\t<\/div>\n\t\t\t\t<\/div>\n\t\t\t\t<div class=\"elementor-element elementor-element-1fc8765 elementor-widget elementor-widget-image\" data-id=\"1fc8765\" data-element_type=\"widget\" data-widget_type=\"image.default\">\n\t\t\t\t<div class=\"elementor-widget-container\">\n\t\t\t\t\t\t\t\t\t\t\t\t\t\t\t<img fetchpriority=\"high\" decoding=\"async\" width=\"800\" height=\"792\" src=\"https:\/\/desbougiespournagel.fr\/wp-content\/uploads\/2021\/11\/IMG_20211116_1837091-1024x1014.jpg\" class=\"attachment-large size-large wp-image-72244\" alt=\"\" srcset=\"https:\/\/desbougiespournagel.fr\/wp-content\/uploads\/2021\/11\/IMG_20211116_1837091-1024x1014.jpg 1024w, https:\/\/desbougiespournagel.fr\/wp-content\/uploads\/2021\/11\/IMG_20211116_1837091-scaled-125x125.jpg 125w, https:\/\/desbougiespournagel.fr\/wp-content\/uploads\/2021\/11\/IMG_20211116_1837091-960x951.jpg 960w, https:\/\/desbougiespournagel.fr\/wp-content\/uploads\/2021\/11\/IMG_20211116_1837091-150x150.jpg 150w, https:\/\/desbougiespournagel.fr\/wp-content\/uploads\/2021\/11\/IMG_20211116_1837091-300x297.jpg 300w, https:\/\/desbougiespournagel.fr\/wp-content\/uploads\/2021\/11\/IMG_20211116_1837091-768x761.jpg 768w, https:\/\/desbougiespournagel.fr\/wp-content\/uploads\/2021\/11\/IMG_20211116_1837091-75x75.jpg 75w, https:\/\/desbougiespournagel.fr\/wp-content\/uploads\/2021\/11\/IMG_20211116_1837091-100x100.jpg 100w\" sizes=\"(max-width: 800px) 100vw, 800px\" \/>\t\t\t\t\t\t\t\t\t\t\t\t\t\t\t<\/div>\n\t\t\t\t<\/div>\n\t\t\t\t\t<\/div>\n\t\t<\/div>\n\t\t\t\t<div class=\"elementor-column elementor-col-50 elementor-top-column elementor-element elementor-element-e8738a4\" data-id=\"e8738a4\" data-element_type=\"column\">\n\t\t\t<div class=\"elementor-widget-wrap elementor-element-populated\">\n\t\t\t\t\t\t<div class=\"elementor-element elementor-element-30ebcb4 elementor-widget elementor-widget-image\" data-id=\"30ebcb4\" data-element_type=\"widget\" data-widget_type=\"image.default\">\n\t\t\t\t<div class=\"elementor-widget-container\">\n\t\t\t\t\t\t\t\t\t\t\t\t\t\t\t<img decoding=\"async\" width=\"800\" height=\"1024\" src=\"https:\/\/desbougiespournagel.fr\/wp-content\/uploads\/2021\/11\/bougeoirs-nagel-bougies-petrole-800x1024.png\" class=\"attachment-large size-large wp-image-72245\" alt=\"\" srcset=\"https:\/\/desbougiespournagel.fr\/wp-content\/uploads\/2021\/11\/bougeoirs-nagel-bougies-petrole-800x1024.png 800w, https:\/\/desbougiespournagel.fr\/wp-content\/uploads\/2021\/11\/bougeoirs-nagel-bougies-petrole-98x125.png 98w, https:\/\/desbougiespournagel.fr\/wp-content\/uploads\/2021\/11\/bougeoirs-nagel-bougies-petrole-960x1229.png 960w, https:\/\/desbougiespournagel.fr\/wp-content\/uploads\/2021\/11\/bougeoirs-nagel-bougies-petrole-234x300.png 234w, https:\/\/desbougiespournagel.fr\/wp-content\/uploads\/2021\/11\/bougeoirs-nagel-bougies-petrole-768x983.png 768w, https:\/\/desbougiespournagel.fr\/wp-content\/uploads\/2021\/11\/bougeoirs-nagel-bougies-petrole.png 1000w\" sizes=\"(max-width: 800px) 100vw, 800px\" \/>\t\t\t\t\t\t\t\t\t\t\t\t\t\t\t<\/div>\n\t\t\t\t<\/div>\n\t\t\t\t<div class=\"elementor-element elementor-element-30fa4c3 elementor-widget elementor-widget-image\" data-id=\"30fa4c3\" data-element_type=\"widget\" data-widget_type=\"image.default\">\n\t\t\t\t<div class=\"elementor-widget-container\">\n\t\t\t\t\t\t\t\t\t\t\t\t\t\t\t<img decoding=\"async\" width=\"800\" height=\"800\" src=\"https:\/\/desbougiespournagel.fr\/wp-content\/uploads\/2022\/09\/IMG_20211117_125457-PhotoRoom-1-1024x1024.png\" class=\"attachment-large size-large wp-image-73378\" alt=\"\" srcset=\"https:\/\/desbougiespournagel.fr\/wp-content\/uploads\/2022\/09\/IMG_20211117_125457-PhotoRoom-1-1024x1024.png 1024w, https:\/\/desbougiespournagel.fr\/wp-content\/uploads\/2022\/09\/IMG_20211117_125457-PhotoRoom-1-470x470.png 470w, https:\/\/desbougiespournagel.fr\/wp-content\/uploads\/2022\/09\/IMG_20211117_125457-PhotoRoom-1-125x125.png 125w, https:\/\/desbougiespournagel.fr\/wp-content\/uploads\/2022\/09\/IMG_20211117_125457-PhotoRoom-1-960x960.png 960w, https:\/\/desbougiespournagel.fr\/wp-content\/uploads\/2022\/09\/IMG_20211117_125457-PhotoRoom-1-150x150.png 150w, https:\/\/desbougiespournagel.fr\/wp-content\/uploads\/2022\/09\/IMG_20211117_125457-PhotoRoom-1-300x300.png 300w, https:\/\/desbougiespournagel.fr\/wp-content\/uploads\/2022\/09\/IMG_20211117_125457-PhotoRoom-1-768x768.png 768w, https:\/\/desbougiespournagel.fr\/wp-content\/uploads\/2022\/09\/IMG_20211117_125457-PhotoRoom-1-75x75.png 75w, https:\/\/desbougiespournagel.fr\/wp-content\/uploads\/2022\/09\/IMG_20211117_125457-PhotoRoom-1-100x100.png 100w, https:\/\/desbougiespournagel.fr\/wp-content\/uploads\/2022\/09\/IMG_20211117_125457-PhotoRoom-1.png 1280w\" sizes=\"(max-width: 800px) 100vw, 800px\" \/>\t\t\t\t\t\t\t\t\t\t\t\t\t\t\t<\/div>\n\t\t\t\t<\/div>\n\t\t\t\t\t<\/div>\n\t\t<\/div>\n\t\t\t\t\t<\/div>\n\t\t<\/section>\n\t\t\t\t<\/div>\n\t\t","protected":false},"excerpt":{"rendered":"<p>Packung mit 12 Kerzen f\u00fcr Ihre Kerzenhalter aus den 70er Jahren von Nagel (und deren Neuauflage Stoff), BMF oder Quist.<\/p>\n","protected":false},"featured_media":72246,"template":"","meta":[],"product_brand":[],"product_cat":[190,242],"product_tag":[243],"class_list":{"0":"post-72242","1":"product","2":"type-product","3":"status-publish","4":"has-post-thumbnail","6":"product_cat-die-kerzen","7":"product_cat-zylinderkerzen","8":"product_tag-nagel-de","10":"first","11":"outofstock","12":"shipping-taxable","13":"purchasable","14":"product-type-simple"},"yoast_head":"<!-- This site is optimized with the Yoast SEO plugin v19.7.1 - https:\/\/yoast.com\/wordpress\/plugins\/seo\/ -->\n<title>12 Kerzen - Petroleum - Des bougies pour Nagel<\/title>\n<meta name=\"robots\" content=\"index, follow, max-snippet:-1, max-image-preview:large, max-video-preview:-1\" \/>\n<link rel=\"canonical\" href=\"https:\/\/desbougiespournagel.fr\/produit\/12-bougies-petrole\/\" \/>\n<meta property=\"og:locale\" content=\"de_DE\" \/>\n<meta property=\"og:type\" content=\"article\" \/>\n<meta property=\"og:title\" content=\"12 Kerzen - Petroleum - Des bougies pour Nagel\" \/>\n<meta property=\"og:description\" content=\"Packung mit 12 Kerzen f\u00fcr Ihre Kerzenhalter aus den 70er Jahren von Nagel (und deren Neuauflage Stoff), BMF oder Quist.\" \/>\n<meta property=\"og:url\" content=\"https:\/\/desbougiespournagel.fr\/produit\/12-bougies-petrole\/\" \/>\n<meta property=\"og:site_name\" content=\"Des bougies pour Nagel\" \/>\n<meta property=\"article:modified_time\" content=\"2025-12-12T08:14:51+00:00\" \/>\n<meta property=\"og:image\" content=\"https:\/\/desbougiespournagel.fr\/wp-content\/uploads\/2021\/11\/petrole21.jpg\" \/>\n\t<meta property=\"og:image:width\" content=\"1200\" \/>\n\t<meta property=\"og:image:height\" content=\"1200\" \/>\n\t<meta property=\"og:image:type\" content=\"image\/jpeg\" \/>\n<meta name=\"twitter:card\" content=\"summary_large_image\" \/>\n<script type=\"application\/ld+json\" class=\"yoast-schema-graph\">{\"@context\":\"https:\/\/schema.org\",\"@graph\":[{\"@type\":\"WebPage\",\"@id\":\"https:\/\/desbougiespournagel.fr\/produit\/12-bougies-petrole\/\",\"url\":\"https:\/\/desbougiespournagel.fr\/produit\/12-bougies-petrole\/\",\"name\":\"12 Kerzen - Petroleum - Des bougies pour Nagel\",\"isPartOf\":{\"@id\":\"https:\/\/desbougiespournagel.fr\/#website\"},\"datePublished\":\"2025-10-07T10:42:02+00:00\",\"dateModified\":\"2025-12-12T08:14:51+00:00\",\"breadcrumb\":{\"@id\":\"https:\/\/desbougiespournagel.fr\/produit\/12-bougies-petrole\/#breadcrumb\"},\"inLanguage\":\"de\",\"potentialAction\":[{\"@type\":\"ReadAction\",\"target\":[\"https:\/\/desbougiespournagel.fr\/produit\/12-bougies-petrole\/\"]}]},{\"@type\":\"BreadcrumbList\",\"@id\":\"https:\/\/desbougiespournagel.fr\/produit\/12-bougies-petrole\/#breadcrumb\",\"itemListElement\":[{\"@type\":\"ListItem\",\"position\":1,\"name\":\"Accueil\",\"item\":\"https:\/\/desbougiespournagel.fr\/de\/startseite\/\"},{\"@type\":\"ListItem\",\"position\":2,\"name\":\"Shop\",\"item\":\"https:\/\/desbougiespournagel.fr\/de\/shop\/\"},{\"@type\":\"ListItem\",\"position\":3,\"name\":\"12 Kerzen &#8211; Petroleum\"}]},{\"@type\":\"WebSite\",\"@id\":\"https:\/\/desbougiespournagel.fr\/#website\",\"url\":\"https:\/\/desbougiespournagel.fr\/\",\"name\":\"Des bougies pour Nagel\",\"description\":\"Bougeoirs modulables vintage Nagel, STOFF, BMF et bougies compatibles\",\"publisher\":{\"@id\":\"https:\/\/desbougiespournagel.fr\/#organization\"},\"potentialAction\":[{\"@type\":\"SearchAction\",\"target\":{\"@type\":\"EntryPoint\",\"urlTemplate\":\"https:\/\/desbougiespournagel.fr\/?s={search_term_string}\"},\"query-input\":\"required name=search_term_string\"}],\"inLanguage\":\"de\"},{\"@type\":\"Organization\",\"@id\":\"https:\/\/desbougiespournagel.fr\/#organization\",\"name\":\"Des bougies pour Nagel\",\"url\":\"https:\/\/desbougiespournagel.fr\/\",\"sameAs\":[],\"logo\":{\"@type\":\"ImageObject\",\"inLanguage\":\"de\",\"@id\":\"https:\/\/desbougiespournagel.fr\/#\/schema\/logo\/image\/\",\"url\":\"https:\/\/desbougiespournagel.fr\/wp-content\/uploads\/2019\/10\/logo-dbpn-300.png\",\"contentUrl\":\"https:\/\/desbougiespournagel.fr\/wp-content\/uploads\/2019\/10\/logo-dbpn-300.png\",\"width\":300,\"height\":191,\"caption\":\"Des bougies pour Nagel\"},\"image\":{\"@id\":\"https:\/\/desbougiespournagel.fr\/#\/schema\/logo\/image\/\"}}]}<\/script>\n<!-- \/ Yoast SEO plugin. -->","yoast_head_json":{"title":"12 Kerzen - Petroleum - Des bougies pour Nagel","robots":{"index":"index","follow":"follow","max-snippet":"max-snippet:-1","max-image-preview":"max-image-preview:large","max-video-preview":"max-video-preview:-1"},"canonical":"https:\/\/desbougiespournagel.fr\/produit\/12-bougies-petrole\/","og_locale":"de_DE","og_type":"article","og_title":"12 Kerzen - Petroleum - Des bougies pour Nagel","og_description":"Packung mit 12 Kerzen f\u00fcr Ihre Kerzenhalter aus den 70er Jahren von Nagel (und deren Neuauflage Stoff), BMF oder Quist.","og_url":"https:\/\/desbougiespournagel.fr\/produit\/12-bougies-petrole\/","og_site_name":"Des bougies pour Nagel","article_modified_time":"2025-12-12T08:14:51+00:00","og_image":[{"width":1200,"height":1200,"url":"https:\/\/desbougiespournagel.fr\/wp-content\/uploads\/2021\/11\/petrole21.jpg","type":"image\/jpeg"}],"twitter_card":"summary_large_image","schema":{"@context":"https:\/\/schema.org","@graph":[{"@type":"WebPage","@id":"https:\/\/desbougiespournagel.fr\/produit\/12-bougies-petrole\/","url":"https:\/\/desbougiespournagel.fr\/produit\/12-bougies-petrole\/","name":"12 Kerzen - Petroleum - Des bougies pour Nagel","isPartOf":{"@id":"https:\/\/desbougiespournagel.fr\/#website"},"datePublished":"2025-10-07T10:42:02+00:00","dateModified":"2025-12-12T08:14:51+00:00","breadcrumb":{"@id":"https:\/\/desbougiespournagel.fr\/produit\/12-bougies-petrole\/#breadcrumb"},"inLanguage":"de","potentialAction":[{"@type":"ReadAction","target":["https:\/\/desbougiespournagel.fr\/produit\/12-bougies-petrole\/"]}]},{"@type":"BreadcrumbList","@id":"https:\/\/desbougiespournagel.fr\/produit\/12-bougies-petrole\/#breadcrumb","itemListElement":[{"@type":"ListItem","position":1,"name":"Accueil","item":"https:\/\/desbougiespournagel.fr\/de\/startseite\/"},{"@type":"ListItem","position":2,"name":"Shop","item":"https:\/\/desbougiespournagel.fr\/de\/shop\/"},{"@type":"ListItem","position":3,"name":"12 Kerzen &#8211; Petroleum"}]},{"@type":"WebSite","@id":"https:\/\/desbougiespournagel.fr\/#website","url":"https:\/\/desbougiespournagel.fr\/","name":"Des bougies pour Nagel","description":"Bougeoirs modulables vintage Nagel, STOFF, BMF et bougies compatibles","publisher":{"@id":"https:\/\/desbougiespournagel.fr\/#organization"},"potentialAction":[{"@type":"SearchAction","target":{"@type":"EntryPoint","urlTemplate":"https:\/\/desbougiespournagel.fr\/?s={search_term_string}"},"query-input":"required name=search_term_string"}],"inLanguage":"de"},{"@type":"Organization","@id":"https:\/\/desbougiespournagel.fr\/#organization","name":"Des bougies pour Nagel","url":"https:\/\/desbougiespournagel.fr\/","sameAs":[],"logo":{"@type":"ImageObject","inLanguage":"de","@id":"https:\/\/desbougiespournagel.fr\/#\/schema\/logo\/image\/","url":"https:\/\/desbougiespournagel.fr\/wp-content\/uploads\/2019\/10\/logo-dbpn-300.png","contentUrl":"https:\/\/desbougiespournagel.fr\/wp-content\/uploads\/2019\/10\/logo-dbpn-300.png","width":300,"height":191,"caption":"Des bougies pour Nagel"},"image":{"@id":"https:\/\/desbougiespournagel.fr\/#\/schema\/logo\/image\/"}}]}},"_links":{"self":[{"href":"https:\/\/desbougiespournagel.fr\/de\/wp-json\/wp\/v2\/product\/72242","targetHints":{"allow":["GET"]}}],"collection":[{"href":"https:\/\/desbougiespournagel.fr\/de\/wp-json\/wp\/v2\/product"}],"about":[{"href":"https:\/\/desbougiespournagel.fr\/de\/wp-json\/wp\/v2\/types\/product"}],"version-history":[{"count":2,"href":"https:\/\/desbougiespournagel.fr\/de\/wp-json\/wp\/v2\/product\/72242\/revisions"}],"predecessor-version":[{"id":75291,"href":"https:\/\/desbougiespournagel.fr\/de\/wp-json\/wp\/v2\/product\/72242\/revisions\/75291"}],"wp:featuredmedia":[{"embeddable":true,"href":"https:\/\/desbougiespournagel.fr\/de\/wp-json\/wp\/v2\/media\/72246"}],"wp:attachment":[{"href":"https:\/\/desbougiespournagel.fr\/de\/wp-json\/wp\/v2\/media?parent=72242"}],"wp:term":[{"taxonomy":"product_brand","embeddable":true,"href":"https:\/\/desbougiespournagel.fr\/de\/wp-json\/wp\/v2\/product_brand?post=72242"},{"taxonomy":"product_cat","embeddable":true,"href":"https:\/\/desbougiespournagel.fr\/de\/wp-json\/wp\/v2\/product_cat?post=72242"},{"taxonomy":"product_tag","embeddable":true,"href":"https:\/\/desbougiespournagel.fr\/de\/wp-json\/wp\/v2\/product_tag?post=72242"}],"curies":[{"name":"wp","href":"https:\/\/api.w.org\/{rel}","templated":true}]}}