{"id":72367,"date":"2017-12-05T10:12:09","date_gmt":"2025-10-07T10:51:09","guid":{"rendered":"https:\/\/desbougiespournagel.fr\/product\/12-kerzen-jaegergruen\/"},"modified":"2025-12-12T09:15:16","modified_gmt":"2025-12-12T08:15:16","slug":"12-kerzen-jaegergruen","status":"publish","type":"product","link":"https:\/\/desbougiespournagel.fr\/de\/product\/12-kerzen-jaegergruen\/","title":{"rendered":"12 Kerzen &#8211; J\u00e4gergr\u00fcn"},"content":{"rendered":"\t\t<div data-elementor-type=\"product-post\" data-elementor-id=\"72367\" class=\"elementor elementor-72367 elementor-7861\" data-elementor-post-type=\"product\">\n\t\t\t\t\t\t<section class=\"elementor-section elementor-top-section elementor-element elementor-element-ac3434b elementor-section-boxed elementor-section-height-default elementor-section-height-default\" data-id=\"ac3434b\" data-element_type=\"section\">\n\t\t\t\t\t\t<div class=\"elementor-container elementor-column-gap-default\">\n\t\t\t\t\t<div class=\"elementor-column elementor-col-50 elementor-top-column elementor-element elementor-element-e7f066c\" data-id=\"e7f066c\" data-element_type=\"column\">\n\t\t\t<div class=\"elementor-widget-wrap elementor-element-populated\">\n\t\t\t\t\t\t<div class=\"elementor-element elementor-element-a8912fc elementor-widget elementor-widget-text-editor\" data-id=\"a8912fc\" data-element_type=\"widget\" data-widget_type=\"text-editor.default\">\n\t\t\t\t<div class=\"elementor-widget-container\">\n\t\t\t\t\t\t\t\t\t<p>Neue Kerzen f\u00fcr Ihre Kerzenhalter aus den 70er Jahren von Nagel, Stoff, BMF oder Quist, die nach Originalkerzen hergestellt wurden.<\/p><p>L\u00e4nge: 30 cm <br>Durchmesser: 12 mm<br>Brenndauer: ca. 5-6 Stunden.<\/p><p>Hergestellt in Deutschland und mit RAL-G\u00fctezeichen versehen; dies garantiert die Einhaltung von Sicherheits- und Qualit\u00e4tsstandards.<br>Die Kerzen tropfen nicht oder nur sehr wenig, rauchen nicht, die Flamme ist konstant (kein Flackereffekt).<\/p><p>Nur in geschlossenen R\u00e4umen und vor Zugluft gesch\u00fctzt verwenden, nicht der Sonne aussetzen und nicht in der N\u00e4he von W\u00e4rmequellen aufbewahren.<\/p><p>Kompatibel mit allen Kerzenhaltern von Nagel S22, Stoff, BMF &#8222;Combi-leuchter&#8220;, Quist, Hammonia Motard.<br>Die Kerzen wurden speziell f\u00fcr diese Kerzenhalter nach alten, historischen Kerzen entworfen.<\/p><p>Es ist m\u00f6glich, dass die Kerzen etwas d\u00fcnner sind als n\u00f6tig (etwa ein Zehntelmillimeter):<br>F\u00fcr einen besseren Halt der Kerzen (um zu verhindern, dass sie schief stehen oder sich bewegen) k\u00f6nnen Sie die von uns gelieferten Pappaufs\u00e4tze verwenden, die Sie einfach zusammenrollen und in das Loch stecken, bevor Sie die Kerze einf\u00fchren.<\/p><p>Diese Aufs\u00e4tze sind sehr einfach anzubringen, sind nach dem Einsetzen der Kerze nicht sichtbar und k\u00f6nnen leicht entfernt und wiederverwendet werden.<\/p>\t\t\t\t\t\t\t\t<\/div>\n\t\t\t\t<\/div>\n\t\t\t\t<div class=\"elementor-element elementor-element-6e7b9c4 elementor-align-center btn-arrow elementor-hidden-phone elementor-widget elementor-widget-button\" data-id=\"6e7b9c4\" data-element_type=\"widget\" data-widget_type=\"button.default\">\n\t\t\t\t<div class=\"elementor-widget-container\">\n\t\t\t\t\t\t\t\t\t<div class=\"elementor-button-wrapper\">\n\t\t\t\t\t<a class=\"elementor-button elementor-button-link elementor-size-sm\" href=\"https:\/\/desbougiespournagel.fr\/de\/kompatible-modelle\/\">\n\t\t\t\t\t\t<span class=\"elementor-button-content-wrapper\">\n\t\t\t\t\t\t<span class=\"elementor-button-icon\">\n\t\t\t\t<i aria-hidden=\"true\" class=\"fas fa-long-arrow-alt-right\"><\/i>\t\t\t<\/span>\n\t\t\t\t\t\t\t\t\t<span class=\"elementor-button-text\">Kompatible Kerzenhalter ansehen<\/span>\n\t\t\t\t\t<\/span>\n\t\t\t\t\t<\/a>\n\t\t\t\t<\/div>\n\t\t\t\t\t\t\t\t<\/div>\n\t\t\t\t<\/div>\n\t\t\t\t\t<\/div>\n\t\t<\/div>\n\t\t\t\t<div class=\"elementor-column elementor-col-50 elementor-top-column elementor-element elementor-element-663d734\" data-id=\"663d734\" data-element_type=\"column\">\n\t\t\t<div class=\"elementor-widget-wrap elementor-element-populated\">\n\t\t\t\t\t\t<div class=\"elementor-element elementor-element-30869a7 elementor-widget elementor-widget-image\" data-id=\"30869a7\" data-element_type=\"widget\" data-widget_type=\"image.default\">\n\t\t\t\t<div class=\"elementor-widget-container\">\n\t\t\t\t\t\t\t\t\t\t\t\t\t\t\t<img fetchpriority=\"high\" decoding=\"async\" width=\"800\" height=\"1024\" src=\"https:\/\/desbougiespournagel.fr\/wp-content\/uploads\/2017\/12\/bougeoirs-nagel-bougies-petrole-vert-chasseur2-800x1024.png\" class=\"attachment-large size-large wp-image-73387\" alt=\"\" srcset=\"https:\/\/desbougiespournagel.fr\/wp-content\/uploads\/2017\/12\/bougeoirs-nagel-bougies-petrole-vert-chasseur2-800x1024.png 800w, https:\/\/desbougiespournagel.fr\/wp-content\/uploads\/2017\/12\/bougeoirs-nagel-bougies-petrole-vert-chasseur2-98x125.png 98w, https:\/\/desbougiespournagel.fr\/wp-content\/uploads\/2017\/12\/bougeoirs-nagel-bougies-petrole-vert-chasseur2-960x1229.png 960w, https:\/\/desbougiespournagel.fr\/wp-content\/uploads\/2017\/12\/bougeoirs-nagel-bougies-petrole-vert-chasseur2-234x300.png 234w, https:\/\/desbougiespournagel.fr\/wp-content\/uploads\/2017\/12\/bougeoirs-nagel-bougies-petrole-vert-chasseur2-768x983.png 768w, https:\/\/desbougiespournagel.fr\/wp-content\/uploads\/2017\/12\/bougeoirs-nagel-bougies-petrole-vert-chasseur2.png 1000w\" sizes=\"(max-width: 800px) 100vw, 800px\" \/>\t\t\t\t\t\t\t\t\t\t\t\t\t\t\t<\/div>\n\t\t\t\t<\/div>\n\t\t\t\t\t<\/div>\n\t\t<\/div>\n\t\t\t\t\t<\/div>\n\t\t<\/section>\n\t\t\t\t<\/div>\n\t\t","protected":false},"excerpt":{"rendered":"<p>Packung mit 12 Kerzen f\u00fcr Ihre Kerzenhalter aus den 70er Jahren von Nagel (und deren Neuauflage Stoff), BMF oder Quist.<\/p>\n","protected":false},"featured_media":72956,"template":"","meta":[],"product_brand":[],"product_cat":[190,242],"product_tag":[243],"class_list":{"0":"post-72367","1":"product","2":"type-product","3":"status-publish","4":"has-post-thumbnail","6":"product_cat-die-kerzen","7":"product_cat-zylinderkerzen","8":"product_tag-nagel-de","10":"first","11":"instock","12":"shipping-taxable","13":"purchasable","14":"product-type-simple"},"yoast_head":"<!-- This site is optimized with the Yoast SEO plugin v19.7.1 - https:\/\/yoast.com\/wordpress\/plugins\/seo\/ -->\n<title>12 Kerzen - J\u00e4gergr\u00fcn - Des bougies pour Nagel<\/title>\n<meta name=\"robots\" content=\"index, follow, max-snippet:-1, max-image-preview:large, max-video-preview:-1\" \/>\n<link rel=\"canonical\" href=\"https:\/\/desbougiespournagel.fr\/produit\/12-bougies-vert-mousse\/\" \/>\n<meta property=\"og:locale\" content=\"de_DE\" \/>\n<meta property=\"og:type\" content=\"article\" \/>\n<meta property=\"og:title\" content=\"12 Kerzen - J\u00e4gergr\u00fcn - Des bougies pour Nagel\" \/>\n<meta property=\"og:description\" content=\"Packung mit 12 Kerzen f\u00fcr Ihre Kerzenhalter aus den 70er Jahren von Nagel (und deren Neuauflage Stoff), BMF oder Quist.\" \/>\n<meta property=\"og:url\" content=\"https:\/\/desbougiespournagel.fr\/produit\/12-bougies-vert-mousse\/\" \/>\n<meta property=\"og:site_name\" content=\"Des bougies pour Nagel\" \/>\n<meta property=\"article:modified_time\" content=\"2025-12-12T08:15:16+00:00\" \/>\n<meta property=\"og:image\" content=\"https:\/\/desbougiespournagel.fr\/wp-content\/uploads\/2017\/12\/12-bougies-vert-chasseur-600x600.jpg\" \/>\n\t<meta property=\"og:image:width\" content=\"600\" \/>\n\t<meta property=\"og:image:height\" content=\"600\" \/>\n\t<meta property=\"og:image:type\" content=\"image\/jpeg\" \/>\n<meta name=\"twitter:card\" content=\"summary_large_image\" \/>\n<script type=\"application\/ld+json\" class=\"yoast-schema-graph\">{\"@context\":\"https:\/\/schema.org\",\"@graph\":[{\"@type\":\"WebPage\",\"@id\":\"https:\/\/desbougiespournagel.fr\/produit\/12-bougies-vert-mousse\/\",\"url\":\"https:\/\/desbougiespournagel.fr\/produit\/12-bougies-vert-mousse\/\",\"name\":\"12 Kerzen - J\u00e4gergr\u00fcn - Des bougies pour Nagel\",\"isPartOf\":{\"@id\":\"https:\/\/desbougiespournagel.fr\/#website\"},\"datePublished\":\"2025-10-07T10:51:09+00:00\",\"dateModified\":\"2025-12-12T08:15:16+00:00\",\"breadcrumb\":{\"@id\":\"https:\/\/desbougiespournagel.fr\/produit\/12-bougies-vert-mousse\/#breadcrumb\"},\"inLanguage\":\"de\",\"potentialAction\":[{\"@type\":\"ReadAction\",\"target\":[\"https:\/\/desbougiespournagel.fr\/produit\/12-bougies-vert-mousse\/\"]}]},{\"@type\":\"BreadcrumbList\",\"@id\":\"https:\/\/desbougiespournagel.fr\/produit\/12-bougies-vert-mousse\/#breadcrumb\",\"itemListElement\":[{\"@type\":\"ListItem\",\"position\":1,\"name\":\"Accueil\",\"item\":\"https:\/\/desbougiespournagel.fr\/de\/startseite\/\"},{\"@type\":\"ListItem\",\"position\":2,\"name\":\"Shop\",\"item\":\"https:\/\/desbougiespournagel.fr\/de\/shop\/\"},{\"@type\":\"ListItem\",\"position\":3,\"name\":\"12 Kerzen &#8211; J\u00e4gergr\u00fcn\"}]},{\"@type\":\"WebSite\",\"@id\":\"https:\/\/desbougiespournagel.fr\/#website\",\"url\":\"https:\/\/desbougiespournagel.fr\/\",\"name\":\"Des bougies pour Nagel\",\"description\":\"Bougeoirs modulables vintage Nagel, STOFF, BMF et bougies compatibles\",\"publisher\":{\"@id\":\"https:\/\/desbougiespournagel.fr\/#organization\"},\"potentialAction\":[{\"@type\":\"SearchAction\",\"target\":{\"@type\":\"EntryPoint\",\"urlTemplate\":\"https:\/\/desbougiespournagel.fr\/?s={search_term_string}\"},\"query-input\":\"required name=search_term_string\"}],\"inLanguage\":\"de\"},{\"@type\":\"Organization\",\"@id\":\"https:\/\/desbougiespournagel.fr\/#organization\",\"name\":\"Des bougies pour Nagel\",\"url\":\"https:\/\/desbougiespournagel.fr\/\",\"sameAs\":[],\"logo\":{\"@type\":\"ImageObject\",\"inLanguage\":\"de\",\"@id\":\"https:\/\/desbougiespournagel.fr\/#\/schema\/logo\/image\/\",\"url\":\"https:\/\/desbougiespournagel.fr\/wp-content\/uploads\/2019\/10\/logo-dbpn-300.png\",\"contentUrl\":\"https:\/\/desbougiespournagel.fr\/wp-content\/uploads\/2019\/10\/logo-dbpn-300.png\",\"width\":300,\"height\":191,\"caption\":\"Des bougies pour Nagel\"},\"image\":{\"@id\":\"https:\/\/desbougiespournagel.fr\/#\/schema\/logo\/image\/\"}}]}<\/script>\n<!-- \/ Yoast SEO plugin. -->","yoast_head_json":{"title":"12 Kerzen - J\u00e4gergr\u00fcn - Des bougies pour Nagel","robots":{"index":"index","follow":"follow","max-snippet":"max-snippet:-1","max-image-preview":"max-image-preview:large","max-video-preview":"max-video-preview:-1"},"canonical":"https:\/\/desbougiespournagel.fr\/produit\/12-bougies-vert-mousse\/","og_locale":"de_DE","og_type":"article","og_title":"12 Kerzen - J\u00e4gergr\u00fcn - Des bougies pour Nagel","og_description":"Packung mit 12 Kerzen f\u00fcr Ihre Kerzenhalter aus den 70er Jahren von Nagel (und deren Neuauflage Stoff), BMF oder Quist.","og_url":"https:\/\/desbougiespournagel.fr\/produit\/12-bougies-vert-mousse\/","og_site_name":"Des bougies pour Nagel","article_modified_time":"2025-12-12T08:15:16+00:00","og_image":[{"width":600,"height":600,"url":"https:\/\/desbougiespournagel.fr\/wp-content\/uploads\/2017\/12\/12-bougies-vert-chasseur-600x600.jpg","type":"image\/jpeg"}],"twitter_card":"summary_large_image","schema":{"@context":"https:\/\/schema.org","@graph":[{"@type":"WebPage","@id":"https:\/\/desbougiespournagel.fr\/produit\/12-bougies-vert-mousse\/","url":"https:\/\/desbougiespournagel.fr\/produit\/12-bougies-vert-mousse\/","name":"12 Kerzen - J\u00e4gergr\u00fcn - Des bougies pour Nagel","isPartOf":{"@id":"https:\/\/desbougiespournagel.fr\/#website"},"datePublished":"2025-10-07T10:51:09+00:00","dateModified":"2025-12-12T08:15:16+00:00","breadcrumb":{"@id":"https:\/\/desbougiespournagel.fr\/produit\/12-bougies-vert-mousse\/#breadcrumb"},"inLanguage":"de","potentialAction":[{"@type":"ReadAction","target":["https:\/\/desbougiespournagel.fr\/produit\/12-bougies-vert-mousse\/"]}]},{"@type":"BreadcrumbList","@id":"https:\/\/desbougiespournagel.fr\/produit\/12-bougies-vert-mousse\/#breadcrumb","itemListElement":[{"@type":"ListItem","position":1,"name":"Accueil","item":"https:\/\/desbougiespournagel.fr\/de\/startseite\/"},{"@type":"ListItem","position":2,"name":"Shop","item":"https:\/\/desbougiespournagel.fr\/de\/shop\/"},{"@type":"ListItem","position":3,"name":"12 Kerzen &#8211; J\u00e4gergr\u00fcn"}]},{"@type":"WebSite","@id":"https:\/\/desbougiespournagel.fr\/#website","url":"https:\/\/desbougiespournagel.fr\/","name":"Des bougies pour Nagel","description":"Bougeoirs modulables vintage Nagel, STOFF, BMF et bougies compatibles","publisher":{"@id":"https:\/\/desbougiespournagel.fr\/#organization"},"potentialAction":[{"@type":"SearchAction","target":{"@type":"EntryPoint","urlTemplate":"https:\/\/desbougiespournagel.fr\/?s={search_term_string}"},"query-input":"required name=search_term_string"}],"inLanguage":"de"},{"@type":"Organization","@id":"https:\/\/desbougiespournagel.fr\/#organization","name":"Des bougies pour Nagel","url":"https:\/\/desbougiespournagel.fr\/","sameAs":[],"logo":{"@type":"ImageObject","inLanguage":"de","@id":"https:\/\/desbougiespournagel.fr\/#\/schema\/logo\/image\/","url":"https:\/\/desbougiespournagel.fr\/wp-content\/uploads\/2019\/10\/logo-dbpn-300.png","contentUrl":"https:\/\/desbougiespournagel.fr\/wp-content\/uploads\/2019\/10\/logo-dbpn-300.png","width":300,"height":191,"caption":"Des bougies pour Nagel"},"image":{"@id":"https:\/\/desbougiespournagel.fr\/#\/schema\/logo\/image\/"}}]}},"_links":{"self":[{"href":"https:\/\/desbougiespournagel.fr\/de\/wp-json\/wp\/v2\/product\/72367","targetHints":{"allow":["GET"]}}],"collection":[{"href":"https:\/\/desbougiespournagel.fr\/de\/wp-json\/wp\/v2\/product"}],"about":[{"href":"https:\/\/desbougiespournagel.fr\/de\/wp-json\/wp\/v2\/types\/product"}],"version-history":[{"count":3,"href":"https:\/\/desbougiespournagel.fr\/de\/wp-json\/wp\/v2\/product\/72367\/revisions"}],"predecessor-version":[{"id":75304,"href":"https:\/\/desbougiespournagel.fr\/de\/wp-json\/wp\/v2\/product\/72367\/revisions\/75304"}],"wp:featuredmedia":[{"embeddable":true,"href":"https:\/\/desbougiespournagel.fr\/de\/wp-json\/wp\/v2\/media\/72956"}],"wp:attachment":[{"href":"https:\/\/desbougiespournagel.fr\/de\/wp-json\/wp\/v2\/media?parent=72367"}],"wp:term":[{"taxonomy":"product_brand","embeddable":true,"href":"https:\/\/desbougiespournagel.fr\/de\/wp-json\/wp\/v2\/product_brand?post=72367"},{"taxonomy":"product_cat","embeddable":true,"href":"https:\/\/desbougiespournagel.fr\/de\/wp-json\/wp\/v2\/product_cat?post=72367"},{"taxonomy":"product_tag","embeddable":true,"href":"https:\/\/desbougiespournagel.fr\/de\/wp-json\/wp\/v2\/product_tag?post=72367"}],"curies":[{"name":"wp","href":"https:\/\/api.w.org\/{rel}","templated":true}]}}