{"id":74681,"date":"2022-09-16T18:31:04","date_gmt":"2025-11-26T10:04:22","guid":{"rendered":"https:\/\/desbougiespournagel.fr\/product\/nagel-kugel-orange\/"},"modified":"2025-11-26T11:04:23","modified_gmt":"2025-11-26T10:04:23","slug":"nagel-kugel-orange","status":"publish","type":"product","link":"https:\/\/desbougiespournagel.fr\/de\/product\/nagel-kugel-orange\/","title":{"rendered":"Nagel Kugel orange"},"content":{"rendered":"\t\t<div data-elementor-type=\"product-post\" data-elementor-id=\"74681\" class=\"elementor elementor-74681 elementor-65923\" data-elementor-post-type=\"product\">\n\t\t\t\t\t\t<section class=\"elementor-section elementor-top-section elementor-element elementor-element-f30a6b4 elementor-section-boxed elementor-section-height-default elementor-section-height-default\" data-id=\"f30a6b4\" data-element_type=\"section\">\n\t\t\t\t\t\t<div class=\"elementor-container elementor-column-gap-default\">\n\t\t\t\t\t<div class=\"elementor-column elementor-col-50 elementor-top-column elementor-element elementor-element-370b896\" data-id=\"370b896\" data-element_type=\"column\">\n\t\t\t<div class=\"elementor-widget-wrap elementor-element-populated\">\n\t\t\t\t\t\t<div class=\"elementor-element elementor-element-3ec23bf elementor-widget elementor-widget-image\" data-id=\"3ec23bf\" data-element_type=\"widget\" data-widget_type=\"image.default\">\n\t\t\t\t<div class=\"elementor-widget-container\">\n\t\t\t\t\t\t\t\t\t\t\t\t\t\t\t<img fetchpriority=\"high\" decoding=\"async\" width=\"800\" height=\"534\" src=\"https:\/\/desbougiespournagel.fr\/wp-content\/uploads\/2019\/11\/DSC_1644-1024x683.jpg\" class=\"attachment-large size-large wp-image-72763\" alt=\"\" srcset=\"https:\/\/desbougiespournagel.fr\/wp-content\/uploads\/2019\/11\/DSC_1644-1024x683.jpg 1024w, https:\/\/desbougiespournagel.fr\/wp-content\/uploads\/2019\/11\/DSC_1644-125x83.jpg 125w, https:\/\/desbougiespournagel.fr\/wp-content\/uploads\/2019\/11\/DSC_1644-960x640.jpg 960w, https:\/\/desbougiespournagel.fr\/wp-content\/uploads\/2019\/11\/DSC_1644-300x200.jpg 300w, https:\/\/desbougiespournagel.fr\/wp-content\/uploads\/2019\/11\/DSC_1644-768x512.jpg 768w, https:\/\/desbougiespournagel.fr\/wp-content\/uploads\/2019\/11\/DSC_1644.jpg 1200w\" sizes=\"(max-width: 800px) 100vw, 800px\" \/>\t\t\t\t\t\t\t\t\t\t\t\t\t\t\t<\/div>\n\t\t\t\t<\/div>\n\t\t\t\t\t<\/div>\n\t\t<\/div>\n\t\t\t\t<div class=\"elementor-column elementor-col-50 elementor-top-column elementor-element elementor-element-ec2db0b\" data-id=\"ec2db0b\" data-element_type=\"column\">\n\t\t\t<div class=\"elementor-widget-wrap elementor-element-populated\">\n\t\t\t\t\t\t<div class=\"elementor-element elementor-element-1909f7f elementor-widget elementor-widget-image\" data-id=\"1909f7f\" data-element_type=\"widget\" data-widget_type=\"image.default\">\n\t\t\t\t<div class=\"elementor-widget-container\">\n\t\t\t\t\t\t\t\t\t\t\t\t\t\t\t<img decoding=\"async\" width=\"800\" height=\"534\" src=\"https:\/\/desbougiespournagel.fr\/wp-content\/uploads\/2019\/11\/DSC_1560-1024x683.jpg\" class=\"attachment-large size-large wp-image-72764\" alt=\"\" srcset=\"https:\/\/desbougiespournagel.fr\/wp-content\/uploads\/2019\/11\/DSC_1560-1024x683.jpg 1024w, https:\/\/desbougiespournagel.fr\/wp-content\/uploads\/2019\/11\/DSC_1560-125x83.jpg 125w, https:\/\/desbougiespournagel.fr\/wp-content\/uploads\/2019\/11\/DSC_1560-960x640.jpg 960w, https:\/\/desbougiespournagel.fr\/wp-content\/uploads\/2019\/11\/DSC_1560-300x200.jpg 300w, https:\/\/desbougiespournagel.fr\/wp-content\/uploads\/2019\/11\/DSC_1560-768x512.jpg 768w, https:\/\/desbougiespournagel.fr\/wp-content\/uploads\/2019\/11\/DSC_1560.jpg 1200w\" sizes=\"(max-width: 800px) 100vw, 800px\" \/>\t\t\t\t\t\t\t\t\t\t\t\t\t\t\t<\/div>\n\t\t\t\t<\/div>\n\t\t\t\t\t<\/div>\n\t\t<\/div>\n\t\t\t\t\t<\/div>\n\t\t<\/section>\n\t\t\t\t<\/div>\n\t\t","protected":false},"excerpt":{"rendered":"<p>Orangefarbene Glasmurmeln von Nagel.<br \/>\nDiese Murmeln sind auf fast allen Fotos von Nagel-Schachteln\/Werbungen zu sehen. Sie m\u00fcssen in den 70er Jahren sehr verbreitet gewesen sein, aber die meisten landeten im M\u00fcll oder wurden mit einem Vorrat an Murmeln vermischt, nachdem der Besitzer vergessen hatte, sie zu verwenden, so dass sie heute sehr selten sind.<br \/>\nAuthentifizierbar durch kleine Fabrikationszeichen, einschlie\u00dflich leichter Unregelm\u00e4\u00dfigkeiten in Form und Farbton. <\/p>\n","protected":false},"featured_media":73270,"template":"","meta":[],"product_brand":[],"product_cat":[186],"product_tag":[188,189],"class_list":{"0":"post-74681","1":"product","2":"type-product","3":"status-publish","4":"has-post-thumbnail","6":"product_cat-nagel-kerzenstander","7":"product_tag-nagel-kerzenstander","8":"product_tag-nagel-selten","10":"first","11":"outofstock","12":"shipping-taxable","13":"product-type-simple"},"yoast_head":"<!-- This site is optimized with the Yoast SEO plugin v19.7.1 - https:\/\/yoast.com\/wordpress\/plugins\/seo\/ -->\n<title>Nagel Kugel orange - Des bougies pour Nagel<\/title>\n<meta name=\"robots\" content=\"index, follow, max-snippet:-1, max-image-preview:large, max-video-preview:-1\" \/>\n<link rel=\"canonical\" href=\"https:\/\/desbougiespournagel.fr\/de\/product\/nagel-kugel-orange\/\" \/>\n<meta property=\"og:locale\" content=\"de_DE\" \/>\n<meta property=\"og:type\" content=\"article\" \/>\n<meta property=\"og:title\" content=\"Nagel Kugel orange - Des bougies pour Nagel\" \/>\n<meta property=\"og:description\" content=\"Orangefarbene Glasmurmeln von Nagel. Diese Murmeln sind auf fast allen Fotos von Nagel-Schachteln\/Werbungen zu sehen. Sie m\u00fcssen in den 70er Jahren sehr verbreitet gewesen sein, aber die meisten landeten im M\u00fcll oder wurden mit einem Vorrat an Murmeln vermischt, nachdem der Besitzer vergessen hatte, sie zu verwenden, so dass sie heute sehr selten sind. Authentifizierbar durch kleine Fabrikationszeichen, einschlie\u00dflich leichter Unregelm\u00e4\u00dfigkeiten in Form und Farbton.\" \/>\n<meta property=\"og:url\" content=\"https:\/\/desbougiespournagel.fr\/de\/product\/nagel-kugel-orange\/\" \/>\n<meta property=\"og:site_name\" content=\"Des bougies pour Nagel\" \/>\n<meta property=\"article:modified_time\" content=\"2025-11-26T10:04:23+00:00\" \/>\n<meta property=\"og:image\" content=\"https:\/\/desbougiespournagel.fr\/wp-content\/uploads\/2022\/09\/IMG_20220914_183324_1.jpg\" \/>\n\t<meta property=\"og:image:width\" content=\"1400\" \/>\n\t<meta property=\"og:image:height\" content=\"1400\" \/>\n\t<meta property=\"og:image:type\" content=\"image\/jpeg\" \/>\n<meta name=\"twitter:card\" content=\"summary_large_image\" \/>\n<script type=\"application\/ld+json\" class=\"yoast-schema-graph\">{\"@context\":\"https:\/\/schema.org\",\"@graph\":[{\"@type\":\"WebPage\",\"@id\":\"https:\/\/desbougiespournagel.fr\/de\/product\/nagel-kugel-orange\/\",\"url\":\"https:\/\/desbougiespournagel.fr\/de\/product\/nagel-kugel-orange\/\",\"name\":\"Nagel Kugel orange - Des bougies pour Nagel\",\"isPartOf\":{\"@id\":\"https:\/\/desbougiespournagel.fr\/#website\"},\"datePublished\":\"2025-11-26T10:04:22+00:00\",\"dateModified\":\"2025-11-26T10:04:23+00:00\",\"breadcrumb\":{\"@id\":\"https:\/\/desbougiespournagel.fr\/de\/product\/nagel-kugel-orange\/#breadcrumb\"},\"inLanguage\":\"de\",\"potentialAction\":[{\"@type\":\"ReadAction\",\"target\":[\"https:\/\/desbougiespournagel.fr\/de\/product\/nagel-kugel-orange\/\"]}]},{\"@type\":\"BreadcrumbList\",\"@id\":\"https:\/\/desbougiespournagel.fr\/de\/product\/nagel-kugel-orange\/#breadcrumb\",\"itemListElement\":[{\"@type\":\"ListItem\",\"position\":1,\"name\":\"Accueil\",\"item\":\"https:\/\/desbougiespournagel.fr\/de\/startseite\/\"},{\"@type\":\"ListItem\",\"position\":2,\"name\":\"Shop\",\"item\":\"https:\/\/desbougiespournagel.fr\/de\/shop\/\"},{\"@type\":\"ListItem\",\"position\":3,\"name\":\"Nagel Kugel orange\"}]},{\"@type\":\"WebSite\",\"@id\":\"https:\/\/desbougiespournagel.fr\/#website\",\"url\":\"https:\/\/desbougiespournagel.fr\/\",\"name\":\"Des bougies pour Nagel\",\"description\":\"Bougeoirs modulables vintage Nagel, STOFF, BMF et bougies compatibles\",\"publisher\":{\"@id\":\"https:\/\/desbougiespournagel.fr\/#organization\"},\"potentialAction\":[{\"@type\":\"SearchAction\",\"target\":{\"@type\":\"EntryPoint\",\"urlTemplate\":\"https:\/\/desbougiespournagel.fr\/?s={search_term_string}\"},\"query-input\":\"required name=search_term_string\"}],\"inLanguage\":\"de\"},{\"@type\":\"Organization\",\"@id\":\"https:\/\/desbougiespournagel.fr\/#organization\",\"name\":\"Des bougies pour Nagel\",\"url\":\"https:\/\/desbougiespournagel.fr\/\",\"sameAs\":[],\"logo\":{\"@type\":\"ImageObject\",\"inLanguage\":\"de\",\"@id\":\"https:\/\/desbougiespournagel.fr\/#\/schema\/logo\/image\/\",\"url\":\"https:\/\/desbougiespournagel.fr\/wp-content\/uploads\/2019\/10\/logo-dbpn-300.png\",\"contentUrl\":\"https:\/\/desbougiespournagel.fr\/wp-content\/uploads\/2019\/10\/logo-dbpn-300.png\",\"width\":300,\"height\":191,\"caption\":\"Des bougies pour Nagel\"},\"image\":{\"@id\":\"https:\/\/desbougiespournagel.fr\/#\/schema\/logo\/image\/\"}}]}<\/script>\n<!-- \/ Yoast SEO plugin. -->","yoast_head_json":{"title":"Nagel Kugel orange - Des bougies pour Nagel","robots":{"index":"index","follow":"follow","max-snippet":"max-snippet:-1","max-image-preview":"max-image-preview:large","max-video-preview":"max-video-preview:-1"},"canonical":"https:\/\/desbougiespournagel.fr\/de\/product\/nagel-kugel-orange\/","og_locale":"de_DE","og_type":"article","og_title":"Nagel Kugel orange - Des bougies pour Nagel","og_description":"Orangefarbene Glasmurmeln von Nagel. Diese Murmeln sind auf fast allen Fotos von Nagel-Schachteln\/Werbungen zu sehen. Sie m\u00fcssen in den 70er Jahren sehr verbreitet gewesen sein, aber die meisten landeten im M\u00fcll oder wurden mit einem Vorrat an Murmeln vermischt, nachdem der Besitzer vergessen hatte, sie zu verwenden, so dass sie heute sehr selten sind. Authentifizierbar durch kleine Fabrikationszeichen, einschlie\u00dflich leichter Unregelm\u00e4\u00dfigkeiten in Form und Farbton.","og_url":"https:\/\/desbougiespournagel.fr\/de\/product\/nagel-kugel-orange\/","og_site_name":"Des bougies pour Nagel","article_modified_time":"2025-11-26T10:04:23+00:00","og_image":[{"width":1400,"height":1400,"url":"https:\/\/desbougiespournagel.fr\/wp-content\/uploads\/2022\/09\/IMG_20220914_183324_1.jpg","type":"image\/jpeg"}],"twitter_card":"summary_large_image","schema":{"@context":"https:\/\/schema.org","@graph":[{"@type":"WebPage","@id":"https:\/\/desbougiespournagel.fr\/de\/product\/nagel-kugel-orange\/","url":"https:\/\/desbougiespournagel.fr\/de\/product\/nagel-kugel-orange\/","name":"Nagel Kugel orange - Des bougies pour Nagel","isPartOf":{"@id":"https:\/\/desbougiespournagel.fr\/#website"},"datePublished":"2025-11-26T10:04:22+00:00","dateModified":"2025-11-26T10:04:23+00:00","breadcrumb":{"@id":"https:\/\/desbougiespournagel.fr\/de\/product\/nagel-kugel-orange\/#breadcrumb"},"inLanguage":"de","potentialAction":[{"@type":"ReadAction","target":["https:\/\/desbougiespournagel.fr\/de\/product\/nagel-kugel-orange\/"]}]},{"@type":"BreadcrumbList","@id":"https:\/\/desbougiespournagel.fr\/de\/product\/nagel-kugel-orange\/#breadcrumb","itemListElement":[{"@type":"ListItem","position":1,"name":"Accueil","item":"https:\/\/desbougiespournagel.fr\/de\/startseite\/"},{"@type":"ListItem","position":2,"name":"Shop","item":"https:\/\/desbougiespournagel.fr\/de\/shop\/"},{"@type":"ListItem","position":3,"name":"Nagel Kugel orange"}]},{"@type":"WebSite","@id":"https:\/\/desbougiespournagel.fr\/#website","url":"https:\/\/desbougiespournagel.fr\/","name":"Des bougies pour Nagel","description":"Bougeoirs modulables vintage Nagel, STOFF, BMF et bougies compatibles","publisher":{"@id":"https:\/\/desbougiespournagel.fr\/#organization"},"potentialAction":[{"@type":"SearchAction","target":{"@type":"EntryPoint","urlTemplate":"https:\/\/desbougiespournagel.fr\/?s={search_term_string}"},"query-input":"required name=search_term_string"}],"inLanguage":"de"},{"@type":"Organization","@id":"https:\/\/desbougiespournagel.fr\/#organization","name":"Des bougies pour Nagel","url":"https:\/\/desbougiespournagel.fr\/","sameAs":[],"logo":{"@type":"ImageObject","inLanguage":"de","@id":"https:\/\/desbougiespournagel.fr\/#\/schema\/logo\/image\/","url":"https:\/\/desbougiespournagel.fr\/wp-content\/uploads\/2019\/10\/logo-dbpn-300.png","contentUrl":"https:\/\/desbougiespournagel.fr\/wp-content\/uploads\/2019\/10\/logo-dbpn-300.png","width":300,"height":191,"caption":"Des bougies pour Nagel"},"image":{"@id":"https:\/\/desbougiespournagel.fr\/#\/schema\/logo\/image\/"}}]}},"_links":{"self":[{"href":"https:\/\/desbougiespournagel.fr\/de\/wp-json\/wp\/v2\/product\/74681","targetHints":{"allow":["GET"]}}],"collection":[{"href":"https:\/\/desbougiespournagel.fr\/de\/wp-json\/wp\/v2\/product"}],"about":[{"href":"https:\/\/desbougiespournagel.fr\/de\/wp-json\/wp\/v2\/types\/product"}],"version-history":[{"count":1,"href":"https:\/\/desbougiespournagel.fr\/de\/wp-json\/wp\/v2\/product\/74681\/revisions"}],"predecessor-version":[{"id":74683,"href":"https:\/\/desbougiespournagel.fr\/de\/wp-json\/wp\/v2\/product\/74681\/revisions\/74683"}],"wp:featuredmedia":[{"embeddable":true,"href":"https:\/\/desbougiespournagel.fr\/de\/wp-json\/wp\/v2\/media\/73270"}],"wp:attachment":[{"href":"https:\/\/desbougiespournagel.fr\/de\/wp-json\/wp\/v2\/media?parent=74681"}],"wp:term":[{"taxonomy":"product_brand","embeddable":true,"href":"https:\/\/desbougiespournagel.fr\/de\/wp-json\/wp\/v2\/product_brand?post=74681"},{"taxonomy":"product_cat","embeddable":true,"href":"https:\/\/desbougiespournagel.fr\/de\/wp-json\/wp\/v2\/product_cat?post=74681"},{"taxonomy":"product_tag","embeddable":true,"href":"https:\/\/desbougiespournagel.fr\/de\/wp-json\/wp\/v2\/product_tag?post=74681"}],"curies":[{"name":"wp","href":"https:\/\/api.w.org\/{rel}","templated":true}]}}